{"id":11699,"date":"2025-06-29T14:02:01","date_gmt":"2025-06-29T12:02:01","guid":{"rendered":"https:\/\/uj.adatbank.ro\/lexikon\/termek\/kenyeres-sandor\/"},"modified":"2025-06-29T14:02:01","modified_gmt":"2025-06-29T12:02:01","slug":"kenyeres-sandor","status":"publish","type":"product","link":"https:\/\/uj.adatbank.ro\/lexikon\/termek\/kenyeres-sandor\/","title":{"rendered":"KENYERES S\u00e1ndor"},"content":{"rendered":"<p>Csiittszentiv\u00e1n, 1922. \u2020 Vinda, 1944. okt. 12.: szakaszvezet\u0151. \u2013 Anyja Veres Zsuzsanna. \u2013 A 27\/III. z\u00e1szl\u00f3alj, aknavet\u0151s szakaszban tov\u00e1bbszolg\u00e1l\u00f3 szakaszvezet\u0151, fejl\u0151v\u00e9s \u00e1ldozata. <br \/><strong>Irod.:<\/strong> Berekm\u00e9ri 2015<\/br><\/p>\n","protected":false},"excerpt":{"rendered":"<p>Csiittszentiv\u00e1n, 1922. \u2020 Vinda, 1944. okt. 12.: szakaszvezet\u0151. \u2013 Anyja Veres Zsuzsanna. \u2013 A 27\/III. z\u00e1szl\u00f3alj, aknavet\u0151s szakaszban tov\u00e1bbszolg\u00e1l\u00f3 szakaszvezet\u0151, fejl\u0151v\u00e9s \u00e1ldozata. Irod.: Berekm\u00e9ri 2015<\/p>\n","protected":false},"featured_media":0,"comment_status":"open","ping_status":"closed","template":"","meta":[],"product_brand":[],"product_cat":[137],"product_tag":[],"class_list":{"0":"post-11699","1":"product","2":"type-product","3":"status-publish","5":"product_cat-maros-megyei-eletrajzi-lexikon","7":"first","8":"instock","9":"shipping-taxable","10":"product-type-simple"},"_links":{"self":[{"href":"https:\/\/uj.adatbank.ro\/lexikon\/wp-json\/wp\/v2\/product\/11699","targetHints":{"allow":["GET"]}}],"collection":[{"href":"https:\/\/uj.adatbank.ro\/lexikon\/wp-json\/wp\/v2\/product"}],"about":[{"href":"https:\/\/uj.adatbank.ro\/lexikon\/wp-json\/wp\/v2\/types\/product"}],"replies":[{"embeddable":true,"href":"https:\/\/uj.adatbank.ro\/lexikon\/wp-json\/wp\/v2\/comments?post=11699"}],"wp:attachment":[{"href":"https:\/\/uj.adatbank.ro\/lexikon\/wp-json\/wp\/v2\/media?parent=11699"}],"wp:term":[{"taxonomy":"product_brand","embeddable":true,"href":"https:\/\/uj.adatbank.ro\/lexikon\/wp-json\/wp\/v2\/product_brand?post=11699"},{"taxonomy":"product_cat","embeddable":true,"href":"https:\/\/uj.adatbank.ro\/lexikon\/wp-json\/wp\/v2\/product_cat?post=11699"},{"taxonomy":"product_tag","embeddable":true,"href":"https:\/\/uj.adatbank.ro\/lexikon\/wp-json\/wp\/v2\/product_tag?post=11699"}],"curies":[{"name":"wp","href":"https:\/\/api.w.org\/{rel}","templated":true}]}}