{"id":11700,"date":"2025-06-29T14:02:04","date_gmt":"2025-06-29T12:02:04","guid":{"rendered":"https:\/\/uj.adatbank.ro\/lexikon\/termek\/kenyeres-bazedi\/"},"modified":"2025-06-29T14:02:04","modified_gmt":"2025-06-29T12:02:04","slug":"kenyeres-bazedi","status":"publish","type":"product","link":"https:\/\/uj.adatbank.ro\/lexikon\/termek\/kenyeres-bazedi\/","title":{"rendered":"KENYERES, baz\u00e9di"},"content":{"rendered":"<p>A nemeslevelet szeb\u00e9di K. Istv\u00e1n nyerte t\u00f6bbedmag\u00e1val II. R\u00e1k\u00f3czi Gy\u00f6rgyt\u0151l (1655. j\u00fan. 28.). <br \/><strong>Irod.:<\/strong> P\u00e1lmay<\/br><\/p>\n","protected":false},"excerpt":{"rendered":"<p>A nemeslevelet szeb\u00e9di K. Istv\u00e1n nyerte t\u00f6bbedmag\u00e1val II. R\u00e1k\u00f3czi Gy\u00f6rgyt\u0151l (1655. j\u00fan. 28.). Irod.: P\u00e1lmay<\/p>\n","protected":false},"featured_media":0,"comment_status":"open","ping_status":"closed","template":"","meta":[],"product_brand":[],"product_cat":[137],"product_tag":[],"class_list":{"0":"post-11700","1":"product","2":"type-product","3":"status-publish","5":"product_cat-maros-megyei-eletrajzi-lexikon","7":"first","8":"instock","9":"shipping-taxable","10":"product-type-simple"},"_links":{"self":[{"href":"https:\/\/uj.adatbank.ro\/lexikon\/wp-json\/wp\/v2\/product\/11700","targetHints":{"allow":["GET"]}}],"collection":[{"href":"https:\/\/uj.adatbank.ro\/lexikon\/wp-json\/wp\/v2\/product"}],"about":[{"href":"https:\/\/uj.adatbank.ro\/lexikon\/wp-json\/wp\/v2\/types\/product"}],"replies":[{"embeddable":true,"href":"https:\/\/uj.adatbank.ro\/lexikon\/wp-json\/wp\/v2\/comments?post=11700"}],"wp:attachment":[{"href":"https:\/\/uj.adatbank.ro\/lexikon\/wp-json\/wp\/v2\/media?parent=11700"}],"wp:term":[{"taxonomy":"product_brand","embeddable":true,"href":"https:\/\/uj.adatbank.ro\/lexikon\/wp-json\/wp\/v2\/product_brand?post=11700"},{"taxonomy":"product_cat","embeddable":true,"href":"https:\/\/uj.adatbank.ro\/lexikon\/wp-json\/wp\/v2\/product_cat?post=11700"},{"taxonomy":"product_tag","embeddable":true,"href":"https:\/\/uj.adatbank.ro\/lexikon\/wp-json\/wp\/v2\/product_tag?post=11700"}],"curies":[{"name":"wp","href":"https:\/\/api.w.org\/{rel}","templated":true}]}}