{"id":11706,"date":"2025-06-29T14:02:17","date_gmt":"2025-06-29T12:02:17","guid":{"rendered":"https:\/\/uj.adatbank.ro\/lexikon\/termek\/kercsedi-szocs-mihaly\/"},"modified":"2025-06-29T14:02:17","modified_gmt":"2025-06-29T12:02:17","slug":"kercsedi-szocs-mihaly","status":"publish","type":"product","link":"https:\/\/uj.adatbank.ro\/lexikon\/termek\/kercsedi-szocs-mihaly\/","title":{"rendered":"KERCSEDI SZ\u0150CS Mih\u00e1ly"},"content":{"rendered":"<p>? \u2020 ? : sz\u0171csmester. \u2013 R\u00e9szt vett a V\u00e1rtemplom fedel\u00e9nek \u00e9s torny\u00e1nak megjav\u00edt\u00e1s\u00e1ban \u00e9s a toronygomb kicser\u00e9l\u00e9s\u00e9ben (1668). A sz\u0171cs c\u00e9h els\u0151 c\u00e9hmestere (1673 k\u00f6r\u00fcl). 112 forintot hagyott a v\u00e1s\u00e1rhelyi iskol\u00e1ra, amelynek kamatait \u00e9vente Szent Gy\u00f6rgy napj\u00e1n kell kiosztani (1678) <br \/><strong>Irod.:<\/strong> B\u00f3nis J.: A mv.-i c\u00e9hek t\u00e1rgyi eml\u00e9kei = Mv. T\u00f6rt\u00e9net\u00e9b\u0151l, Id\u0151t\u00e1r 1<\/br><\/p>\n","protected":false},"excerpt":{"rendered":"<p>? \u2020 ? : sz\u0171csmester. \u2013 R\u00e9szt vett a V\u00e1rtemplom fedel\u00e9nek \u00e9s torny\u00e1nak megjav\u00edt\u00e1s\u00e1ban \u00e9s a toronygomb kicser\u00e9l\u00e9s\u00e9ben (1668). A sz\u0171cs c\u00e9h els\u0151 c\u00e9hmestere (1673 k\u00f6r\u00fcl). 112 forintot hagyott a v\u00e1s\u00e1rhelyi iskol\u00e1ra, amelynek kamatait \u00e9vente Szent Gy\u00f6rgy napj\u00e1n kell kiosztani (1678) Irod.: B\u00f3nis J.: A mv.-i c\u00e9hek t\u00e1rgyi eml\u00e9kei = Mv. T\u00f6rt\u00e9net\u00e9b\u0151l, Id\u0151t\u00e1r 1<\/p>\n","protected":false},"featured_media":0,"comment_status":"open","ping_status":"closed","template":"","meta":[],"product_brand":[],"product_cat":[137],"product_tag":[],"class_list":{"0":"post-11706","1":"product","2":"type-product","3":"status-publish","5":"product_cat-maros-megyei-eletrajzi-lexikon","7":"first","8":"instock","9":"shipping-taxable","10":"product-type-simple"},"_links":{"self":[{"href":"https:\/\/uj.adatbank.ro\/lexikon\/wp-json\/wp\/v2\/product\/11706","targetHints":{"allow":["GET"]}}],"collection":[{"href":"https:\/\/uj.adatbank.ro\/lexikon\/wp-json\/wp\/v2\/product"}],"about":[{"href":"https:\/\/uj.adatbank.ro\/lexikon\/wp-json\/wp\/v2\/types\/product"}],"replies":[{"embeddable":true,"href":"https:\/\/uj.adatbank.ro\/lexikon\/wp-json\/wp\/v2\/comments?post=11706"}],"wp:attachment":[{"href":"https:\/\/uj.adatbank.ro\/lexikon\/wp-json\/wp\/v2\/media?parent=11706"}],"wp:term":[{"taxonomy":"product_brand","embeddable":true,"href":"https:\/\/uj.adatbank.ro\/lexikon\/wp-json\/wp\/v2\/product_brand?post=11706"},{"taxonomy":"product_cat","embeddable":true,"href":"https:\/\/uj.adatbank.ro\/lexikon\/wp-json\/wp\/v2\/product_cat?post=11706"},{"taxonomy":"product_tag","embeddable":true,"href":"https:\/\/uj.adatbank.ro\/lexikon\/wp-json\/wp\/v2\/product_tag?post=11706"}],"curies":[{"name":"wp","href":"https:\/\/api.w.org\/{rel}","templated":true}]}}