{"id":11707,"date":"2025-06-29T14:02:18","date_gmt":"2025-06-29T12:02:18","guid":{"rendered":"https:\/\/uj.adatbank.ro\/lexikon\/termek\/kercsedi-szots-mihaly-kertzedi\/"},"modified":"2025-06-29T14:02:18","modified_gmt":"2025-06-29T12:02:18","slug":"kercsedi-szots-mihaly-kertzedi","status":"publish","type":"product","link":"https:\/\/uj.adatbank.ro\/lexikon\/termek\/kercsedi-szots-mihaly-kertzedi\/","title":{"rendered":"KERCSEDI SZ\u0150TS Mih\u00e1ly, Kertzedi"},"content":{"rendered":"<p>? \u2020 ? : ref. pr\u00e9dik\u00e1tor (1668) Mv.-en a V\u00e1rtemplomban. <br \/><strong>Irod.:<\/strong> Keszeg<\/br><\/p>\n","protected":false},"excerpt":{"rendered":"<p>? \u2020 ? : ref. pr\u00e9dik\u00e1tor (1668) Mv.-en a V\u00e1rtemplomban. Irod.: Keszeg<\/p>\n","protected":false},"featured_media":0,"comment_status":"open","ping_status":"closed","template":"","meta":[],"product_brand":[],"product_cat":[137],"product_tag":[],"class_list":{"0":"post-11707","1":"product","2":"type-product","3":"status-publish","5":"product_cat-maros-megyei-eletrajzi-lexikon","7":"first","8":"instock","9":"shipping-taxable","10":"product-type-simple"},"_links":{"self":[{"href":"https:\/\/uj.adatbank.ro\/lexikon\/wp-json\/wp\/v2\/product\/11707","targetHints":{"allow":["GET"]}}],"collection":[{"href":"https:\/\/uj.adatbank.ro\/lexikon\/wp-json\/wp\/v2\/product"}],"about":[{"href":"https:\/\/uj.adatbank.ro\/lexikon\/wp-json\/wp\/v2\/types\/product"}],"replies":[{"embeddable":true,"href":"https:\/\/uj.adatbank.ro\/lexikon\/wp-json\/wp\/v2\/comments?post=11707"}],"wp:attachment":[{"href":"https:\/\/uj.adatbank.ro\/lexikon\/wp-json\/wp\/v2\/media?parent=11707"}],"wp:term":[{"taxonomy":"product_brand","embeddable":true,"href":"https:\/\/uj.adatbank.ro\/lexikon\/wp-json\/wp\/v2\/product_brand?post=11707"},{"taxonomy":"product_cat","embeddable":true,"href":"https:\/\/uj.adatbank.ro\/lexikon\/wp-json\/wp\/v2\/product_cat?post=11707"},{"taxonomy":"product_tag","embeddable":true,"href":"https:\/\/uj.adatbank.ro\/lexikon\/wp-json\/wp\/v2\/product_tag?post=11707"}],"curies":[{"name":"wp","href":"https:\/\/api.w.org\/{rel}","templated":true}]}}