{"id":11709,"date":"2025-06-29T14:02:22","date_gmt":"2025-06-29T12:02:22","guid":{"rendered":"https:\/\/uj.adatbank.ro\/lexikon\/termek\/kerei-istvan\/"},"modified":"2025-06-29T14:02:22","modified_gmt":"2025-06-29T12:02:22","slug":"kerei-istvan","status":"publish","type":"product","link":"https:\/\/uj.adatbank.ro\/lexikon\/termek\/kerei-istvan\/","title":{"rendered":"K\u00c9REI Istv\u00e1n"},"content":{"rendered":"<p>? \u2020 ?: g\u00f6rg\u00e9nyi v\u00e1rnagy, sz\u00e9kely alisp\u00e1n (1470). <br \/><strong>Irod.:<\/strong> SzOkl, 3<\/br><\/p>\n","protected":false},"excerpt":{"rendered":"<p>? \u2020 ?: g\u00f6rg\u00e9nyi v\u00e1rnagy, sz\u00e9kely alisp\u00e1n (1470). Irod.: SzOkl, 3<\/p>\n","protected":false},"featured_media":0,"comment_status":"open","ping_status":"closed","template":"","meta":[],"product_brand":[],"product_cat":[137],"product_tag":[],"class_list":{"0":"post-11709","1":"product","2":"type-product","3":"status-publish","5":"product_cat-maros-megyei-eletrajzi-lexikon","7":"first","8":"instock","9":"shipping-taxable","10":"product-type-simple"},"_links":{"self":[{"href":"https:\/\/uj.adatbank.ro\/lexikon\/wp-json\/wp\/v2\/product\/11709","targetHints":{"allow":["GET"]}}],"collection":[{"href":"https:\/\/uj.adatbank.ro\/lexikon\/wp-json\/wp\/v2\/product"}],"about":[{"href":"https:\/\/uj.adatbank.ro\/lexikon\/wp-json\/wp\/v2\/types\/product"}],"replies":[{"embeddable":true,"href":"https:\/\/uj.adatbank.ro\/lexikon\/wp-json\/wp\/v2\/comments?post=11709"}],"wp:attachment":[{"href":"https:\/\/uj.adatbank.ro\/lexikon\/wp-json\/wp\/v2\/media?parent=11709"}],"wp:term":[{"taxonomy":"product_brand","embeddable":true,"href":"https:\/\/uj.adatbank.ro\/lexikon\/wp-json\/wp\/v2\/product_brand?post=11709"},{"taxonomy":"product_cat","embeddable":true,"href":"https:\/\/uj.adatbank.ro\/lexikon\/wp-json\/wp\/v2\/product_cat?post=11709"},{"taxonomy":"product_tag","embeddable":true,"href":"https:\/\/uj.adatbank.ro\/lexikon\/wp-json\/wp\/v2\/product_tag?post=11709"}],"curies":[{"name":"wp","href":"https:\/\/api.w.org\/{rel}","templated":true}]}}