{"id":11710,"date":"2025-06-29T14:02:25","date_gmt":"2025-06-29T12:02:25","guid":{"rendered":"https:\/\/uj.adatbank.ro\/lexikon\/termek\/kerek-istvan-dr\/"},"modified":"2025-06-29T14:02:25","modified_gmt":"2025-06-29T12:02:25","slug":"kerek-istvan-dr","status":"publish","type":"product","link":"https:\/\/uj.adatbank.ro\/lexikon\/termek\/kerek-istvan-dr\/","title":{"rendered":"KEREK Istv\u00e1n, dr."},"content":{"rendered":"<p>Temesv\u00e1r, 1940. febr. 29., \u2020 Mv., 2000. nov. 16.: aneszteziol\u00f3gus f\u0151orvos, egyetemi el\u0151ad\u00f3tan\u00e1r. \u2013 Feles\u00e9ge: : Kerek M\u00e1ria (1942\u20132018). &#8211; Orvosi diplom\u00e1j\u00e1t a MOGYI-n szerezte (1962); elv\u00e9gezte a gyulafeh\u00e9rv\u00e1ri Rom. Kat. Hittudom\u00e1nyi Int\u00e9zetet (1995). Mint fiatal orvos ker\u00fclt a mv.-i idegseb\u00e9szeti klinik\u00e1ra (1963) Aneszteziol\u00f3gus a mv.-i K\u00f3rh\u00e1zban (1961\u201363), k\u00fclf\u00fcldi t\u00e1j\u00e9kozotts\u00e1g\u00e1val, inteligenci\u00e1j\u00e1val \u00e9s r\u00e1termetts\u00e9g\u00e9vel \u00faj korszakot nyitott a mv.-i reanim\u00e1l\u00f3 szakm\u00e1ban. A megalakul\u00f3 \u00e9s kifejl\u0151d\u0151 Sz\u00edv- \u00e9s \u00c9rseb\u00e9szetben \u00faj lehet\u0151s\u00e9gek nyiltak tehets\u00e9ge \u00e9rv\u00e9nyes\u00edt\u00e9s\u00e9re. N\u00e9lk\u00fcle el sem k\u00e9pzelhet\u0151k az orsz\u00e1gos h\u00edrnev\u0171 mv.-i sz\u00edvseb\u00e9szet eredm\u00e9nyei; a MOGYI \u2013n az intenz\u00edv orvosl\u00e1s m. nyelv\u0171 el\u0151ad\u00f3ja; k\u00f6zrem\u0171k\u00f6d\u00f6tt a mv.-i Sz\u00edvseb\u00e9szeti K\u00f6zpont megszervez\u00e9s\u00e9ben. Kutat\u00f3 orvos, szakcikkek, k\u00f6z\u00e9leti \u00e9s teol\u00f3giai \u00edr\u00e1sok szerkeszt\u0151je. K\u00f6z\u00f6lt az Orvostudom\u00e1nyi \u00c9rtes\u00edt\u0151ben, katolikus lapokban, a N\u00fa.-ban pl. Intelem a legfiatalabb hazai m. orvosokhoz (N\u00fa., 1996. j\u00fal. 13.). A rom\u00e1niai aneszteziol\u00f3gia jeles k\u00e9pvisel\u0151je a mv.-i sz\u00edvseb\u00e9szeti aneszteziol\u00f3gia \u00fatt\u00f6r\u0151je. Rendelt a Carit-Sann\u00e1l is. Az RMDSZ Maros megyei szervezet\u00e9nek aleln\u00f6ke. Tisztelet\u00e9re szervezet\u00e9nek. aleln\u00f6ke. Tisztelet\u00e9re eml\u00e9kpkakettet lepleztek le a MOGYE Sz\u00edv-\u00c9rgy\u00f3gy\u00e1szti \u00e9s Szerv\u00e1t\u00fcltet\u00e9si Int\u00e9z\u00e9ben (Vetro Andr\u00e1s m\u0171ve; 2002. nov. 17.) \u2013 <strong>F. m.:<\/strong> \u00c9letment\u0151 virraszt\u00e1s: Kerek Istv\u00e1n eml\u00e9kk\u00f6nyv (Mv., 2002). <br \/><strong>Irod.:<\/strong> Boros Tety: K. I. -eml\u00e9kplakett (N\u00fa., 2002. nov. 19; C. L., 2002. nov. 19); Kiss-P. &#8211; P; Komj\u00e1tszegi, Komj\u00e1tszegi S\u00e1ndor: B\u00facs\u00f3 dr. Kerek Istv\u00e1nt\u00f3l (N\u00fa 2000. nov 23); Marosi Barna: Egy \u00e9ve halt meg K. I. (N\u00fa., 2001. nov. 15.); S\u00fct\u0151 Andr\u00e1s: \u00c9letment\u0151 virraszt\u00e1s (N\u00fa., 2002. j\u00fan. 13.); RMKK<\/br><\/p>\n","protected":false},"excerpt":{"rendered":"<p>Temesv\u00e1r, 1940. febr. 29., \u2020 Mv., 2000. nov. 16.: aneszteziol\u00f3gus f\u0151orvos, egyetemi el\u0151ad\u00f3tan\u00e1r. \u2013 Feles\u00e9ge: : Kerek M\u00e1ria (1942\u20132018). &#8211; Orvosi diplom\u00e1j\u00e1t a MOGYI-n szerezte (1962); elv\u00e9gezte a gyulafeh\u00e9rv\u00e1ri Rom. Kat. Hittudom\u00e1nyi Int\u00e9zetet (1995). Mint fiatal orvos ker\u00fclt a mv.-i idegseb\u00e9szeti klinik\u00e1ra (1963) Aneszteziol\u00f3gus a mv.-i K\u00f3rh\u00e1zban (1961\u201363), k\u00fclf\u00fcldi t\u00e1j\u00e9kozotts\u00e1g\u00e1val, inteligenci\u00e1j\u00e1val \u00e9s r\u00e1termetts\u00e9g\u00e9vel \u00faj korszakot [&hellip;]<\/p>\n","protected":false},"featured_media":0,"comment_status":"open","ping_status":"closed","template":"","meta":[],"product_brand":[],"product_cat":[137],"product_tag":[],"class_list":{"0":"post-11710","1":"product","2":"type-product","3":"status-publish","5":"product_cat-maros-megyei-eletrajzi-lexikon","7":"first","8":"instock","9":"shipping-taxable","10":"product-type-simple"},"_links":{"self":[{"href":"https:\/\/uj.adatbank.ro\/lexikon\/wp-json\/wp\/v2\/product\/11710","targetHints":{"allow":["GET"]}}],"collection":[{"href":"https:\/\/uj.adatbank.ro\/lexikon\/wp-json\/wp\/v2\/product"}],"about":[{"href":"https:\/\/uj.adatbank.ro\/lexikon\/wp-json\/wp\/v2\/types\/product"}],"replies":[{"embeddable":true,"href":"https:\/\/uj.adatbank.ro\/lexikon\/wp-json\/wp\/v2\/comments?post=11710"}],"wp:attachment":[{"href":"https:\/\/uj.adatbank.ro\/lexikon\/wp-json\/wp\/v2\/media?parent=11710"}],"wp:term":[{"taxonomy":"product_brand","embeddable":true,"href":"https:\/\/uj.adatbank.ro\/lexikon\/wp-json\/wp\/v2\/product_brand?post=11710"},{"taxonomy":"product_cat","embeddable":true,"href":"https:\/\/uj.adatbank.ro\/lexikon\/wp-json\/wp\/v2\/product_cat?post=11710"},{"taxonomy":"product_tag","embeddable":true,"href":"https:\/\/uj.adatbank.ro\/lexikon\/wp-json\/wp\/v2\/product_tag?post=11710"}],"curies":[{"name":"wp","href":"https:\/\/api.w.org\/{rel}","templated":true}]}}