{"id":11712,"date":"2025-06-29T14:02:28","date_gmt":"2025-06-29T12:02:28","guid":{"rendered":"https:\/\/uj.adatbank.ro\/lexikon\/termek\/kerekes-muntyan-gyorgy\/"},"modified":"2025-06-29T14:02:28","modified_gmt":"2025-06-29T12:02:28","slug":"kerekes-muntyan-gyorgy","status":"publish","type":"product","link":"https:\/\/uj.adatbank.ro\/lexikon\/termek\/kerekes-muntyan-gyorgy\/","title":{"rendered":"KEREKES (MUNTY\u00c1N) Gy\u00f6rgy"},"content":{"rendered":"<p>Ny\u00e1r\u00e1dkar\u00e1cson, 1892. \u00e1pr. 24. \u2020 Szovjetuni\u00f3, 1944. dec. 31.: tartal\u00e9kos tizedes a cs\u00e1sz\u00e1ri \u00e9s kir\u00e1lyi 62. gyalogezredben, vit\u00e9zi avat\u00e1sa: 1944. febr. 28. Kit\u00fcntet\u00e9se: O1, Kcsk. <br \/><strong>Irod.:<\/strong> Berekm\u00e9ri\u2013Nemes<\/br><\/p>\n","protected":false},"excerpt":{"rendered":"<p>Ny\u00e1r\u00e1dkar\u00e1cson, 1892. \u00e1pr. 24. \u2020 Szovjetuni\u00f3, 1944. dec. 31.: tartal\u00e9kos tizedes a cs\u00e1sz\u00e1ri \u00e9s kir\u00e1lyi 62. gyalogezredben, vit\u00e9zi avat\u00e1sa: 1944. febr. 28. Kit\u00fcntet\u00e9se: O1, Kcsk. Irod.: Berekm\u00e9ri\u2013Nemes<\/p>\n","protected":false},"featured_media":0,"comment_status":"open","ping_status":"closed","template":"","meta":[],"product_brand":[],"product_cat":[137],"product_tag":[],"class_list":{"0":"post-11712","1":"product","2":"type-product","3":"status-publish","5":"product_cat-maros-megyei-eletrajzi-lexikon","7":"first","8":"instock","9":"shipping-taxable","10":"product-type-simple"},"_links":{"self":[{"href":"https:\/\/uj.adatbank.ro\/lexikon\/wp-json\/wp\/v2\/product\/11712","targetHints":{"allow":["GET"]}}],"collection":[{"href":"https:\/\/uj.adatbank.ro\/lexikon\/wp-json\/wp\/v2\/product"}],"about":[{"href":"https:\/\/uj.adatbank.ro\/lexikon\/wp-json\/wp\/v2\/types\/product"}],"replies":[{"embeddable":true,"href":"https:\/\/uj.adatbank.ro\/lexikon\/wp-json\/wp\/v2\/comments?post=11712"}],"wp:attachment":[{"href":"https:\/\/uj.adatbank.ro\/lexikon\/wp-json\/wp\/v2\/media?parent=11712"}],"wp:term":[{"taxonomy":"product_brand","embeddable":true,"href":"https:\/\/uj.adatbank.ro\/lexikon\/wp-json\/wp\/v2\/product_brand?post=11712"},{"taxonomy":"product_cat","embeddable":true,"href":"https:\/\/uj.adatbank.ro\/lexikon\/wp-json\/wp\/v2\/product_cat?post=11712"},{"taxonomy":"product_tag","embeddable":true,"href":"https:\/\/uj.adatbank.ro\/lexikon\/wp-json\/wp\/v2\/product_tag?post=11712"}],"curies":[{"name":"wp","href":"https:\/\/api.w.org\/{rel}","templated":true}]}}