{"id":11713,"date":"2025-06-29T14:02:31","date_gmt":"2025-06-29T12:02:31","guid":{"rendered":"https:\/\/uj.adatbank.ro\/lexikon\/termek\/kerekes-abel-szikszentivanyi\/"},"modified":"2025-06-29T14:02:31","modified_gmt":"2025-06-29T12:02:31","slug":"kerekes-abel-szikszentivanyi","status":"publish","type":"product","link":"https:\/\/uj.adatbank.ro\/lexikon\/termek\/kerekes-abel-szikszentivanyi\/","title":{"rendered":"KEREKES \u00c1bel, sz\u00edkszentiv\u00e1nyi"},"content":{"rendered":"<p>Tordos (Hunyad), 1790. febr. 15., \u2020 Mv., 1816. m\u00e1rc. 23.: ref. tan\u00e1r, kr\u00f3nika\u00edr\u00f3. \u2013 Apja ref. pr\u00e9dik\u00e1tor volt. Tanulm\u00e1nyait Sz\u00e1szv\u00e1roson, Nagyenyeden, Nagyszebenben folytatta ; N\u00e9h\u00e1ny h\u00f3napot Mv.-en id\u0151z\u00f6tt (1811 aug. \u2013), ahol genealogiai gy\u0171jtem\u00e9nyeket tanulm\u00e1nyozott a Teleki T\u00e9k\u00e1ban, megismerkedett Aranka Gy\u00f6rgygyel, akivel hal\u00e1l\u00e1ig levelezett ; Sz\u00e1szv\u00e1roson tan\u00e1r ; Mv. -re t\u00f6rv\u00e9nyt tanulni j\u00f6tt (1815) ahol meg is halt. K\u00f6nyvt\u00e1r\u00e1t \u00e9s gy\u0171jtem\u00e9ny\u00e9t a sz\u00e1szv\u00e1rosi iskola k\u00f6nyvt\u00e1r\u00e1nak hagyta. H\u00e1trahagyott munk\u00e1i f\u00fcleg Erd\u00e9ly t\u00f6rt\u00e9net\u00e9vel foglalkoznak, azokat Historiai darabok \u00e1s apr\u00f3s\u00e1gok c. alatt sz\u00e1nd\u00e9kozott egy foly\u00f3iratban k\u00f6z\u00f6lni, ez csak terv maradt. Irt k\u00f6lt\u0151i m\u0171veket is, de azok nyomtat\u00e1sban nem jelentek meg. K\u00fcl\u00f6nf\u00e9le t\u00e1rgy\u00fa dolgozataival tan\u00edtani akart aleln\u00f6ke.<br \/><strong>Irod.:<\/strong> Ferenczy-Danielik; Kr\u00f3n. F\u00fcz. (1939. 4\/5) ; Szinnyei<\/br><\/p>\n","protected":false},"excerpt":{"rendered":"<p>Tordos (Hunyad), 1790. febr. 15., \u2020 Mv., 1816. m\u00e1rc. 23.: ref. tan\u00e1r, kr\u00f3nika\u00edr\u00f3. \u2013 Apja ref. pr\u00e9dik\u00e1tor volt. Tanulm\u00e1nyait Sz\u00e1szv\u00e1roson, Nagyenyeden, Nagyszebenben folytatta ; N\u00e9h\u00e1ny h\u00f3napot Mv.-en id\u0151z\u00f6tt (1811 aug. \u2013), ahol genealogiai gy\u0171jtem\u00e9nyeket tanulm\u00e1nyozott a Teleki T\u00e9k\u00e1ban, megismerkedett Aranka Gy\u00f6rgygyel, akivel hal\u00e1l\u00e1ig levelezett ; Sz\u00e1szv\u00e1roson tan\u00e1r ; Mv. -re t\u00f6rv\u00e9nyt tanulni j\u00f6tt (1815) ahol [&hellip;]<\/p>\n","protected":false},"featured_media":0,"comment_status":"open","ping_status":"closed","template":"","meta":[],"product_brand":[],"product_cat":[137],"product_tag":[],"class_list":{"0":"post-11713","1":"product","2":"type-product","3":"status-publish","5":"product_cat-maros-megyei-eletrajzi-lexikon","7":"first","8":"instock","9":"shipping-taxable","10":"product-type-simple"},"_links":{"self":[{"href":"https:\/\/uj.adatbank.ro\/lexikon\/wp-json\/wp\/v2\/product\/11713","targetHints":{"allow":["GET"]}}],"collection":[{"href":"https:\/\/uj.adatbank.ro\/lexikon\/wp-json\/wp\/v2\/product"}],"about":[{"href":"https:\/\/uj.adatbank.ro\/lexikon\/wp-json\/wp\/v2\/types\/product"}],"replies":[{"embeddable":true,"href":"https:\/\/uj.adatbank.ro\/lexikon\/wp-json\/wp\/v2\/comments?post=11713"}],"wp:attachment":[{"href":"https:\/\/uj.adatbank.ro\/lexikon\/wp-json\/wp\/v2\/media?parent=11713"}],"wp:term":[{"taxonomy":"product_brand","embeddable":true,"href":"https:\/\/uj.adatbank.ro\/lexikon\/wp-json\/wp\/v2\/product_brand?post=11713"},{"taxonomy":"product_cat","embeddable":true,"href":"https:\/\/uj.adatbank.ro\/lexikon\/wp-json\/wp\/v2\/product_cat?post=11713"},{"taxonomy":"product_tag","embeddable":true,"href":"https:\/\/uj.adatbank.ro\/lexikon\/wp-json\/wp\/v2\/product_tag?post=11713"}],"curies":[{"name":"wp","href":"https:\/\/api.w.org\/{rel}","templated":true}]}}