{"id":11717,"date":"2025-06-29T14:02:39","date_gmt":"2025-06-29T12:02:39","guid":{"rendered":"https:\/\/uj.adatbank.ro\/lexikon\/termek\/kerekes-endre-vitez\/"},"modified":"2025-06-29T14:02:39","modified_gmt":"2025-06-29T12:02:39","slug":"kerekes-endre-vitez","status":"publish","type":"product","link":"https:\/\/uj.adatbank.ro\/lexikon\/termek\/kerekes-endre-vitez\/","title":{"rendered":"KEREKES Endre, vit\u00e9z"},"content":{"rendered":"<p>Mv., 1914. okt. 1., \u2020 Mv., 2000. aug. 1.: A II. vh.-ban tart. z\u00e1szl\u00f3si rangban vett r\u00e9szt. Szovjet hadifogs\u00e1gba esett, ahonnan 1948-ban ker\u00fclt haza. &#8211;<br \/><strong>Irod.:<\/strong> Berekm\u00e9ri<\/br><\/p>\n","protected":false},"excerpt":{"rendered":"<p>Mv., 1914. okt. 1., \u2020 Mv., 2000. aug. 1.: A II. vh.-ban tart. z\u00e1szl\u00f3si rangban vett r\u00e9szt. Szovjet hadifogs\u00e1gba esett, ahonnan 1948-ban ker\u00fclt haza. &#8211;Irod.: Berekm\u00e9ri<\/p>\n","protected":false},"featured_media":0,"comment_status":"open","ping_status":"closed","template":"","meta":[],"product_brand":[],"product_cat":[137],"product_tag":[],"class_list":{"0":"post-11717","1":"product","2":"type-product","3":"status-publish","5":"product_cat-maros-megyei-eletrajzi-lexikon","7":"first","8":"instock","9":"shipping-taxable","10":"product-type-simple"},"_links":{"self":[{"href":"https:\/\/uj.adatbank.ro\/lexikon\/wp-json\/wp\/v2\/product\/11717","targetHints":{"allow":["GET"]}}],"collection":[{"href":"https:\/\/uj.adatbank.ro\/lexikon\/wp-json\/wp\/v2\/product"}],"about":[{"href":"https:\/\/uj.adatbank.ro\/lexikon\/wp-json\/wp\/v2\/types\/product"}],"replies":[{"embeddable":true,"href":"https:\/\/uj.adatbank.ro\/lexikon\/wp-json\/wp\/v2\/comments?post=11717"}],"wp:attachment":[{"href":"https:\/\/uj.adatbank.ro\/lexikon\/wp-json\/wp\/v2\/media?parent=11717"}],"wp:term":[{"taxonomy":"product_brand","embeddable":true,"href":"https:\/\/uj.adatbank.ro\/lexikon\/wp-json\/wp\/v2\/product_brand?post=11717"},{"taxonomy":"product_cat","embeddable":true,"href":"https:\/\/uj.adatbank.ro\/lexikon\/wp-json\/wp\/v2\/product_cat?post=11717"},{"taxonomy":"product_tag","embeddable":true,"href":"https:\/\/uj.adatbank.ro\/lexikon\/wp-json\/wp\/v2\/product_tag?post=11717"}],"curies":[{"name":"wp","href":"https:\/\/api.w.org\/{rel}","templated":true}]}}