{"id":11719,"date":"2025-06-29T14:02:42","date_gmt":"2025-06-29T12:02:42","guid":{"rendered":"https:\/\/uj.adatbank.ro\/lexikon\/termek\/kerekes-geza\/"},"modified":"2025-06-29T14:02:42","modified_gmt":"2025-06-29T12:02:42","slug":"kerekes-geza","status":"publish","type":"product","link":"https:\/\/uj.adatbank.ro\/lexikon\/termek\/kerekes-geza\/","title":{"rendered":"KEREKES G\u00e9za"},"content":{"rendered":"<p>? \u2020 ?: \u00fajs\u00e1g\u00edr\u00f3, lapszerkeszt\u0151. \u2013 Dics\u0151szentm\u00e1rtonban f\u0151szerkeszt\u0151je a V\u00e1rmegyei H\u00edrad\u00f3nak (1909\u201310). <br \/><strong>Irod.:<\/strong> Guly\u00e1s<\/br><\/p>\n","protected":false},"excerpt":{"rendered":"<p>? \u2020 ?: \u00fajs\u00e1g\u00edr\u00f3, lapszerkeszt\u0151. \u2013 Dics\u0151szentm\u00e1rtonban f\u0151szerkeszt\u0151je a V\u00e1rmegyei H\u00edrad\u00f3nak (1909\u201310). Irod.: Guly\u00e1s<\/p>\n","protected":false},"featured_media":0,"comment_status":"open","ping_status":"closed","template":"","meta":[],"product_brand":[],"product_cat":[137],"product_tag":[],"class_list":{"0":"post-11719","1":"product","2":"type-product","3":"status-publish","5":"product_cat-maros-megyei-eletrajzi-lexikon","7":"first","8":"instock","9":"shipping-taxable","10":"product-type-simple"},"_links":{"self":[{"href":"https:\/\/uj.adatbank.ro\/lexikon\/wp-json\/wp\/v2\/product\/11719","targetHints":{"allow":["GET"]}}],"collection":[{"href":"https:\/\/uj.adatbank.ro\/lexikon\/wp-json\/wp\/v2\/product"}],"about":[{"href":"https:\/\/uj.adatbank.ro\/lexikon\/wp-json\/wp\/v2\/types\/product"}],"replies":[{"embeddable":true,"href":"https:\/\/uj.adatbank.ro\/lexikon\/wp-json\/wp\/v2\/comments?post=11719"}],"wp:attachment":[{"href":"https:\/\/uj.adatbank.ro\/lexikon\/wp-json\/wp\/v2\/media?parent=11719"}],"wp:term":[{"taxonomy":"product_brand","embeddable":true,"href":"https:\/\/uj.adatbank.ro\/lexikon\/wp-json\/wp\/v2\/product_brand?post=11719"},{"taxonomy":"product_cat","embeddable":true,"href":"https:\/\/uj.adatbank.ro\/lexikon\/wp-json\/wp\/v2\/product_cat?post=11719"},{"taxonomy":"product_tag","embeddable":true,"href":"https:\/\/uj.adatbank.ro\/lexikon\/wp-json\/wp\/v2\/product_tag?post=11719"}],"curies":[{"name":"wp","href":"https:\/\/api.w.org\/{rel}","templated":true}]}}