{"id":11720,"date":"2025-06-29T14:02:43","date_gmt":"2025-06-29T12:02:43","guid":{"rendered":"https:\/\/uj.adatbank.ro\/lexikon\/termek\/kerekes-gyorgy\/"},"modified":"2025-06-29T14:02:43","modified_gmt":"2025-06-29T12:02:43","slug":"kerekes-gyorgy","status":"publish","type":"product","link":"https:\/\/uj.adatbank.ro\/lexikon\/termek\/kerekes-gyorgy\/","title":{"rendered":"KEREKES Gy\u00f6rgy"},"content":{"rendered":"<p>? \u2020 1917. m\u00e1j.: k\u00e1ntortan\u00edt\u00f3. \u2013 Sz\u00e9kelyv\u00e9ck\u00e9n tan\u00edtott a felekezeti, r. k. iskol\u00e1ban (1903\u2013). Bevonult katon\u00e1nak \u00e9s elesett a fronton. A feles\u00e9ge Gy\u00f6rgy Vilma tan\u00edt\u00f3n\u0151 is oktatott a helyi iskol\u00e1ban, majd f\u00e9rje hal\u00e1la ut\u00e1n egyed\u00fcl tan\u00edtott h\u00e1rom faluban.<\/br><\/p>\n","protected":false},"excerpt":{"rendered":"<p>? \u2020 1917. m\u00e1j.: k\u00e1ntortan\u00edt\u00f3. \u2013 Sz\u00e9kelyv\u00e9ck\u00e9n tan\u00edtott a felekezeti, r. k. iskol\u00e1ban (1903\u2013). Bevonult katon\u00e1nak \u00e9s elesett a fronton. A feles\u00e9ge Gy\u00f6rgy Vilma tan\u00edt\u00f3n\u0151 is oktatott a helyi iskol\u00e1ban, majd f\u00e9rje hal\u00e1la ut\u00e1n egyed\u00fcl tan\u00edtott h\u00e1rom faluban.<\/p>\n","protected":false},"featured_media":0,"comment_status":"open","ping_status":"closed","template":"","meta":[],"product_brand":[],"product_cat":[137],"product_tag":[],"class_list":{"0":"post-11720","1":"product","2":"type-product","3":"status-publish","5":"product_cat-maros-megyei-eletrajzi-lexikon","7":"first","8":"instock","9":"shipping-taxable","10":"product-type-simple"},"_links":{"self":[{"href":"https:\/\/uj.adatbank.ro\/lexikon\/wp-json\/wp\/v2\/product\/11720","targetHints":{"allow":["GET"]}}],"collection":[{"href":"https:\/\/uj.adatbank.ro\/lexikon\/wp-json\/wp\/v2\/product"}],"about":[{"href":"https:\/\/uj.adatbank.ro\/lexikon\/wp-json\/wp\/v2\/types\/product"}],"replies":[{"embeddable":true,"href":"https:\/\/uj.adatbank.ro\/lexikon\/wp-json\/wp\/v2\/comments?post=11720"}],"wp:attachment":[{"href":"https:\/\/uj.adatbank.ro\/lexikon\/wp-json\/wp\/v2\/media?parent=11720"}],"wp:term":[{"taxonomy":"product_brand","embeddable":true,"href":"https:\/\/uj.adatbank.ro\/lexikon\/wp-json\/wp\/v2\/product_brand?post=11720"},{"taxonomy":"product_cat","embeddable":true,"href":"https:\/\/uj.adatbank.ro\/lexikon\/wp-json\/wp\/v2\/product_cat?post=11720"},{"taxonomy":"product_tag","embeddable":true,"href":"https:\/\/uj.adatbank.ro\/lexikon\/wp-json\/wp\/v2\/product_tag?post=11720"}],"curies":[{"name":"wp","href":"https:\/\/api.w.org\/{rel}","templated":true}]}}