{"id":11722,"date":"2025-06-29T14:02:47","date_gmt":"2025-06-29T12:02:47","guid":{"rendered":"https:\/\/uj.adatbank.ro\/lexikon\/termek\/kerekes-janos\/"},"modified":"2025-06-29T14:02:47","modified_gmt":"2025-06-29T12:02:47","slug":"kerekes-janos","status":"publish","type":"product","link":"https:\/\/uj.adatbank.ro\/lexikon\/termek\/kerekes-janos\/","title":{"rendered":"KEREKES J\u00e1nos"},"content":{"rendered":"<p>Havadt\u0151, ? \u2020 Havadt\u0151, ?: k\u0151farag\u00f3. \u2013 Apja, K. J\u00e1nos, s\u00edrk\u0151farag\u00f3 volt (19. sz. m\u00e1sodik fel\u00e9n). Fia, szint\u00e9n J\u00e1nos. \u2013 \u00cdgy a havadt\u0151i csal\u00e1dban \u00f6r\u00f6k\u00f6lt\u00e9k a s\u00edrk\u0151farag\u00e1s mesters\u00e9g\u00e9t. Megrendel\u00e9sre saj\u00e1t elk\u00e9pzel\u00e9se szerint faragta ki a s\u00edrk\u00f6veket \u00e9s a megadott adatok szerint iratozta fel \u0151ket, nem csak Havadt\u0151n, hanem a k\u00f6rnyez\u0151 falvak csal\u00e1djainak is dolgozott (el\u00e9g sokat Nagykenden pl.). Gyermekeknek sz\u00e9p k\u00f6rbefut\u00f3 vir\u00e1gmint\u00e1kat helyezett el. Feln\u0151tteknek kev\u00e9s, vagy semmilyen ornamentik\u00e1t nem haszn\u00e1lt, hanem a k\u0151 fels\u0151 cs\u00facs\u00e1ra kiv\u00e9ste az elhal\u00e1loz\u00e1s \u00e9vsz\u00e1m\u00e1t, ami k\u00fcl\u00f6nben hagyom\u00e1ny is volt, a halott nev\u00e9t, rokons\u00e1gi min\u0151s\u00e9g\u00e9t (f\u00e9rj, \u00e9desanya, gyermek, stb.) az elhunyt foglalkoz\u00e1s\u00e1t, elhal\u00e1loz\u00e1si d\u00e1tum\u00e1t. A s\u00edrk\u00f6vet rendszerint az elhal\u00e1loz\u00e1s ut\u00e1ni esztend\u0151ben \u00e1ll\u00edtott\u00e1k fel, minden k\u00fcl\u00f6n cerem\u00f3nia n\u00e9lk\u00fcl. Mesters\u00e9g\u00e9t, a 20. sz. els\u0151 \u00e9vtizedeiben fia folytatta, a verseket is \u0151 \u00edrta fel a s\u00edrk\u0151re, a s\u00edrk\u00f6vek als\u00f3 k\u00fcls\u0151 r\u00e9sz\u00e9n m\u00e1r saj\u00e1t nev\u00e9t is felt\u0171ntette (1933 k.). <br \/><strong>Irod.:<\/strong> P\u00e9terfy 2005<\/br><\/p>\n","protected":false},"excerpt":{"rendered":"<p>Havadt\u0151, ? \u2020 Havadt\u0151, ?: k\u0151farag\u00f3. \u2013 Apja, K. J\u00e1nos, s\u00edrk\u0151farag\u00f3 volt (19. sz. m\u00e1sodik fel\u00e9n). Fia, szint\u00e9n J\u00e1nos. \u2013 \u00cdgy a havadt\u0151i csal\u00e1dban \u00f6r\u00f6k\u00f6lt\u00e9k a s\u00edrk\u0151farag\u00e1s mesters\u00e9g\u00e9t. Megrendel\u00e9sre saj\u00e1t elk\u00e9pzel\u00e9se szerint faragta ki a s\u00edrk\u00f6veket \u00e9s a megadott adatok szerint iratozta fel \u0151ket, nem csak Havadt\u0151n, hanem a k\u00f6rnyez\u0151 falvak csal\u00e1djainak is dolgozott (el\u00e9g [&hellip;]<\/p>\n","protected":false},"featured_media":0,"comment_status":"open","ping_status":"closed","template":"","meta":[],"product_brand":[],"product_cat":[137],"product_tag":[],"class_list":{"0":"post-11722","1":"product","2":"type-product","3":"status-publish","5":"product_cat-maros-megyei-eletrajzi-lexikon","7":"first","8":"instock","9":"shipping-taxable","10":"product-type-simple"},"_links":{"self":[{"href":"https:\/\/uj.adatbank.ro\/lexikon\/wp-json\/wp\/v2\/product\/11722","targetHints":{"allow":["GET"]}}],"collection":[{"href":"https:\/\/uj.adatbank.ro\/lexikon\/wp-json\/wp\/v2\/product"}],"about":[{"href":"https:\/\/uj.adatbank.ro\/lexikon\/wp-json\/wp\/v2\/types\/product"}],"replies":[{"embeddable":true,"href":"https:\/\/uj.adatbank.ro\/lexikon\/wp-json\/wp\/v2\/comments?post=11722"}],"wp:attachment":[{"href":"https:\/\/uj.adatbank.ro\/lexikon\/wp-json\/wp\/v2\/media?parent=11722"}],"wp:term":[{"taxonomy":"product_brand","embeddable":true,"href":"https:\/\/uj.adatbank.ro\/lexikon\/wp-json\/wp\/v2\/product_brand?post=11722"},{"taxonomy":"product_cat","embeddable":true,"href":"https:\/\/uj.adatbank.ro\/lexikon\/wp-json\/wp\/v2\/product_cat?post=11722"},{"taxonomy":"product_tag","embeddable":true,"href":"https:\/\/uj.adatbank.ro\/lexikon\/wp-json\/wp\/v2\/product_tag?post=11722"}],"curies":[{"name":"wp","href":"https:\/\/api.w.org\/{rel}","templated":true}]}}