{"id":11723,"date":"2025-06-29T14:02:49","date_gmt":"2025-06-29T12:02:49","guid":{"rendered":"https:\/\/uj.adatbank.ro\/lexikon\/termek\/kerekes-janos-2\/"},"modified":"2025-06-29T14:02:49","modified_gmt":"2025-06-29T12:02:49","slug":"kerekes-janos-2","status":"publish","type":"product","link":"https:\/\/uj.adatbank.ro\/lexikon\/termek\/kerekes-janos-2\/","title":{"rendered":"KEREKES J\u00e1nos"},"content":{"rendered":"<p>1888., \u2020 ?: k\u00f6rjegyz\u0151. \u2013 Sz\u00e9kely f\u0151nemesi csal\u00e1db\u00f3l ered. Tanulm\u00e1nyait Mv.-en v\u00e9gezte \u00e9s jegyz\u0151i oklevelet szerzett (1913). Jedden kezdte k\u00f6zigazgat\u00e1si m\u0171k\u00f6d\u00e9s\u00e9t, onnan Sz\u00e9kelyhodosra ker\u00fclt. Az els\u0151 vh.-ban az 51. gy. ezr.-ben mint a 4. g\u00e9pfegyver sz\u00e1zad parancsnoka az orosz \u00e9s az olasz fronton harcolt, a Sig. Laud. \u00e9s a K\u00e1roly Csapatkereszt tulajdonosak\u00e9nt f\u0151hadnagyi rangban szerelt le. A h\u00e1bor\u00fa ut\u00e1n Jobb\u00e1gyfalv\u00e1n, S\u00f3v\u00e1radon, Als\u00f3b\u00f6lk\u00e9nyben, Marosszentkir\u00e1lyon, Lukafalv\u00e1n, majd Marosszentann\u00e1n (1940\u2013) volt k\u00f6rjegyz\u0151. <br \/><strong>Irod.:<\/strong> Sz\u00e9kelyf\u00f6ld \u00ed. k<\/br><\/p>\n","protected":false},"excerpt":{"rendered":"<p>1888., \u2020 ?: k\u00f6rjegyz\u0151. \u2013 Sz\u00e9kely f\u0151nemesi csal\u00e1db\u00f3l ered. Tanulm\u00e1nyait Mv.-en v\u00e9gezte \u00e9s jegyz\u0151i oklevelet szerzett (1913). Jedden kezdte k\u00f6zigazgat\u00e1si m\u0171k\u00f6d\u00e9s\u00e9t, onnan Sz\u00e9kelyhodosra ker\u00fclt. Az els\u0151 vh.-ban az 51. gy. ezr.-ben mint a 4. g\u00e9pfegyver sz\u00e1zad parancsnoka az orosz \u00e9s az olasz fronton harcolt, a Sig. Laud. \u00e9s a K\u00e1roly Csapatkereszt tulajdonosak\u00e9nt f\u0151hadnagyi rangban szerelt [&hellip;]<\/p>\n","protected":false},"featured_media":0,"comment_status":"open","ping_status":"closed","template":"","meta":[],"product_brand":[],"product_cat":[137],"product_tag":[],"class_list":{"0":"post-11723","1":"product","2":"type-product","3":"status-publish","5":"product_cat-maros-megyei-eletrajzi-lexikon","7":"first","8":"instock","9":"shipping-taxable","10":"product-type-simple"},"_links":{"self":[{"href":"https:\/\/uj.adatbank.ro\/lexikon\/wp-json\/wp\/v2\/product\/11723","targetHints":{"allow":["GET"]}}],"collection":[{"href":"https:\/\/uj.adatbank.ro\/lexikon\/wp-json\/wp\/v2\/product"}],"about":[{"href":"https:\/\/uj.adatbank.ro\/lexikon\/wp-json\/wp\/v2\/types\/product"}],"replies":[{"embeddable":true,"href":"https:\/\/uj.adatbank.ro\/lexikon\/wp-json\/wp\/v2\/comments?post=11723"}],"wp:attachment":[{"href":"https:\/\/uj.adatbank.ro\/lexikon\/wp-json\/wp\/v2\/media?parent=11723"}],"wp:term":[{"taxonomy":"product_brand","embeddable":true,"href":"https:\/\/uj.adatbank.ro\/lexikon\/wp-json\/wp\/v2\/product_brand?post=11723"},{"taxonomy":"product_cat","embeddable":true,"href":"https:\/\/uj.adatbank.ro\/lexikon\/wp-json\/wp\/v2\/product_cat?post=11723"},{"taxonomy":"product_tag","embeddable":true,"href":"https:\/\/uj.adatbank.ro\/lexikon\/wp-json\/wp\/v2\/product_tag?post=11723"}],"curies":[{"name":"wp","href":"https:\/\/api.w.org\/{rel}","templated":true}]}}