{"id":11724,"date":"2025-06-29T14:02:53","date_gmt":"2025-06-29T12:02:53","guid":{"rendered":"https:\/\/uj.adatbank.ro\/lexikon\/termek\/kerekes-janos-3\/"},"modified":"2025-06-29T14:02:53","modified_gmt":"2025-06-29T12:02:53","slug":"kerekes-janos-3","status":"publish","type":"product","link":"https:\/\/uj.adatbank.ro\/lexikon\/termek\/kerekes-janos-3\/","title":{"rendered":"KEREKES J\u00e1nos"},"content":{"rendered":"<p>Marosszentgy\u00f6rgy, 1905., \u2020 Mv., 1974. febr. 12. Marosszentgy\u00f6rgy\u00f6n temett\u00e9k el.: \u00e9p\u00edt\u0151munk\u00e1s; munk\u00e1smozgalmi harcos. \u2013 A RKP tagja lett (1936), a V\u00f6r\u00f6s Seg\u00e9ly Bizotts\u00e1g akt\u00edvist\u00e1ja volt. \u00d6nk\u00e9nt jelentkezett a spanyol polg\u00e1rh\u00e1bor\u00faba (1938), hogy k\u00fczdj\u00f6n a spanyol n\u00e9p szabads\u00e1g\u00e1\u00e9rt, fogs\u00e1gba esett, \u00e9letfogytiglani k\u00e9nyszermunk\u00e1ra it\u00e9lt\u00e9k, a nemzetk\u00f6zi V\u00f6r\u00f6s Kereszt seg\u00edts\u00e9g\u00e9vel t\u00e9rt haza (1946). A RSZK t\u00f6bb kit\u00fcntet\u00e9sben r\u00e9szes\u00edtette. <br \/><strong>Irod.:<\/strong> K. J. [Nekrol\u00f3g] (V. Z., 1974. febr. 14.)<\/br><\/p>\n","protected":false},"excerpt":{"rendered":"<p>Marosszentgy\u00f6rgy, 1905., \u2020 Mv., 1974. febr. 12. Marosszentgy\u00f6rgy\u00f6n temett\u00e9k el.: \u00e9p\u00edt\u0151munk\u00e1s; munk\u00e1smozgalmi harcos. \u2013 A RKP tagja lett (1936), a V\u00f6r\u00f6s Seg\u00e9ly Bizotts\u00e1g akt\u00edvist\u00e1ja volt. \u00d6nk\u00e9nt jelentkezett a spanyol polg\u00e1rh\u00e1bor\u00faba (1938), hogy k\u00fczdj\u00f6n a spanyol n\u00e9p szabads\u00e1g\u00e1\u00e9rt, fogs\u00e1gba esett, \u00e9letfogytiglani k\u00e9nyszermunk\u00e1ra it\u00e9lt\u00e9k, a nemzetk\u00f6zi V\u00f6r\u00f6s Kereszt seg\u00edts\u00e9g\u00e9vel t\u00e9rt haza (1946). A RSZK t\u00f6bb kit\u00fcntet\u00e9sben r\u00e9szes\u00edtette. [&hellip;]<\/p>\n","protected":false},"featured_media":0,"comment_status":"open","ping_status":"closed","template":"","meta":[],"product_brand":[],"product_cat":[137],"product_tag":[],"class_list":{"0":"post-11724","1":"product","2":"type-product","3":"status-publish","5":"product_cat-maros-megyei-eletrajzi-lexikon","7":"first","8":"instock","9":"shipping-taxable","10":"product-type-simple"},"_links":{"self":[{"href":"https:\/\/uj.adatbank.ro\/lexikon\/wp-json\/wp\/v2\/product\/11724","targetHints":{"allow":["GET"]}}],"collection":[{"href":"https:\/\/uj.adatbank.ro\/lexikon\/wp-json\/wp\/v2\/product"}],"about":[{"href":"https:\/\/uj.adatbank.ro\/lexikon\/wp-json\/wp\/v2\/types\/product"}],"replies":[{"embeddable":true,"href":"https:\/\/uj.adatbank.ro\/lexikon\/wp-json\/wp\/v2\/comments?post=11724"}],"wp:attachment":[{"href":"https:\/\/uj.adatbank.ro\/lexikon\/wp-json\/wp\/v2\/media?parent=11724"}],"wp:term":[{"taxonomy":"product_brand","embeddable":true,"href":"https:\/\/uj.adatbank.ro\/lexikon\/wp-json\/wp\/v2\/product_brand?post=11724"},{"taxonomy":"product_cat","embeddable":true,"href":"https:\/\/uj.adatbank.ro\/lexikon\/wp-json\/wp\/v2\/product_cat?post=11724"},{"taxonomy":"product_tag","embeddable":true,"href":"https:\/\/uj.adatbank.ro\/lexikon\/wp-json\/wp\/v2\/product_tag?post=11724"}],"curies":[{"name":"wp","href":"https:\/\/api.w.org\/{rel}","templated":true}]}}