{"id":11726,"date":"2025-06-29T14:02:56","date_gmt":"2025-06-29T12:02:56","guid":{"rendered":"https:\/\/uj.adatbank.ro\/lexikon\/termek\/kerekes-medard\/"},"modified":"2025-06-29T14:02:56","modified_gmt":"2025-06-29T12:02:56","slug":"kerekes-medard","status":"publish","type":"product","link":"https:\/\/uj.adatbank.ro\/lexikon\/termek\/kerekes-medard\/","title":{"rendered":"KEREKES Med\u00e1rd"},"content":{"rendered":"<p>Kv., 1925. okt. 9., \u2020 ?? : biok\u00e9mikus. \u2013 Kv.-on \u00e9retts\u00e9gizett a Ref. Gimn.-ban (1944), majd a BTE k\u00e9mia szak\u00e1n szerzett diplom\u00e1t (1949); doktor\u00e1lt (1965). Kv.-on a BTE \u2013n gyakornok (1949); a MOGYI Biok\u00e9miai Tansz\u00e9k\u00e9n tan\u00e1rseg\u00e9d (19450\u201356); Kore\u00e1ban k\u00f3rh\u00e1zi laborvezet\u0151 (1956\u201357); az Orvostudom\u00e1nyi Akad. mv.-i Kutat\u00f3k\u00f6zpontj\u00e1ban f\u0151kutat\u00f3 (1959\u201380); k\u00fclf\u00f6ld\u00f6n \u00e9lt (1986\u2013). Kutat\u00e1si ter\u00fclete: a k\u00f6zponti idegrendszer feh\u00e9rjebont\u00f3 enzimei, a v\u00e9rplazma feh\u00e9rj\u00e9i, a v\u00e9r zs\u00edrszintj\u00e9t cs\u00f6kkent\u0151 k\u00e9sz\u00edtm\u00e9nyek. Tagja volt a Rom. Biok\u00e9miai T\u00e1rsas\u00e1gnak, az Eg\u00e9szs\u00e9g\u00fcgyi Min. szabv\u00e1nyos\u00edt\u00f3 bizotts\u00e1g\u00e1nak, a Nemzetk\u00f6zi Sejtbiol\u00f3giai T\u00e1rsas\u00e1gnak. Cikkeit k\u00f6z\u00f6lte az: Orvosi Szemle, Studii \u015fi Cercet\u0103ri Endocrinologice, Studii \u015fi Cercet\u0103ri Biochimice, Naturwissenschaft, Nature, Artery, Oncology, Atherosclerosis, A H\u00e9t, Utunk, Dolgoz\u00f3 N\u0151, Brass\u00f3i Lapok, Korunk, V. Z., \u00daj \u00c9let, Igaz Sz\u00f3, Munk\u00e1s\u00e9let. \u2013 <strong>F. m.:<\/strong> Globul\u00e1ris feh\u00e9rj\u00e9k h\u0151denatur\u00e1l\u00e1sa (Buk., 1965); Cercet\u0103ri medicale (Buc., 1968); <strong>t\u00e1rssz.:<\/strong> Biok\u00e9miai laborat\u00f3riumi vizsg\u00e1latok (Mv. 1956); Az \u00e9relmeszesed\u00e9s kutat\u00e1sa \u00e9s lek\u00fczd\u00e9se (Feszt Tiborral; Kv., 1976); Ateroscleroza pe \u00een\u0163elesul tuturor (Feszt Tiborral; Buc., 1977); Ateroscleroza (Buc., 1978.); Metode curente pentru analize de laborator clinic (Buc., 1982); \u00c9p testben \u00e9p erek, az \u00e9relmeszesed\u00e9s megel\u0151z\u00e9se (Feszt Tiborral; Buk, 1983); Az alkoholizmus k\u00f6z\u00f6s gondja (Bp., 1994); Identit\u00e1s \u00e9s szocializ\u00e1ci\u00f3 (1994). <br \/><strong>Irod.:<\/strong> Genersich; KKACs, Barab\u00e1s-P\u00e9ter M.\u2013P\u00e9ter H. M.; Korunk; RMIL; RMKK, Tizenk\u00e9t \u00e9v; T\u0151k\u00e9s; Who\u2019 s Who in the World of Science (1967)<\/br><\/p>\n","protected":false},"excerpt":{"rendered":"<p>Kv., 1925. okt. 9., \u2020 ?? : biok\u00e9mikus. \u2013 Kv.-on \u00e9retts\u00e9gizett a Ref. Gimn.-ban (1944), majd a BTE k\u00e9mia szak\u00e1n szerzett diplom\u00e1t (1949); doktor\u00e1lt (1965). Kv.-on a BTE \u2013n gyakornok (1949); a MOGYI Biok\u00e9miai Tansz\u00e9k\u00e9n tan\u00e1rseg\u00e9d (19450\u201356); Kore\u00e1ban k\u00f3rh\u00e1zi laborvezet\u0151 (1956\u201357); az Orvostudom\u00e1nyi Akad. mv.-i Kutat\u00f3k\u00f6zpontj\u00e1ban f\u0151kutat\u00f3 (1959\u201380); k\u00fclf\u00f6ld\u00f6n \u00e9lt (1986\u2013). Kutat\u00e1si ter\u00fclete: a k\u00f6zponti [&hellip;]<\/p>\n","protected":false},"featured_media":0,"comment_status":"open","ping_status":"closed","template":"","meta":[],"product_brand":[],"product_cat":[137],"product_tag":[],"class_list":{"0":"post-11726","1":"product","2":"type-product","3":"status-publish","5":"product_cat-maros-megyei-eletrajzi-lexikon","7":"first","8":"instock","9":"shipping-taxable","10":"product-type-simple"},"_links":{"self":[{"href":"https:\/\/uj.adatbank.ro\/lexikon\/wp-json\/wp\/v2\/product\/11726","targetHints":{"allow":["GET"]}}],"collection":[{"href":"https:\/\/uj.adatbank.ro\/lexikon\/wp-json\/wp\/v2\/product"}],"about":[{"href":"https:\/\/uj.adatbank.ro\/lexikon\/wp-json\/wp\/v2\/types\/product"}],"replies":[{"embeddable":true,"href":"https:\/\/uj.adatbank.ro\/lexikon\/wp-json\/wp\/v2\/comments?post=11726"}],"wp:attachment":[{"href":"https:\/\/uj.adatbank.ro\/lexikon\/wp-json\/wp\/v2\/media?parent=11726"}],"wp:term":[{"taxonomy":"product_brand","embeddable":true,"href":"https:\/\/uj.adatbank.ro\/lexikon\/wp-json\/wp\/v2\/product_brand?post=11726"},{"taxonomy":"product_cat","embeddable":true,"href":"https:\/\/uj.adatbank.ro\/lexikon\/wp-json\/wp\/v2\/product_cat?post=11726"},{"taxonomy":"product_tag","embeddable":true,"href":"https:\/\/uj.adatbank.ro\/lexikon\/wp-json\/wp\/v2\/product_tag?post=11726"}],"curies":[{"name":"wp","href":"https:\/\/api.w.org\/{rel}","templated":true}]}}