{"id":11729,"date":"2025-06-29T14:03:02","date_gmt":"2025-06-29T12:03:02","guid":{"rendered":"https:\/\/uj.adatbank.ro\/lexikon\/termek\/kerekes-samuel\/"},"modified":"2025-06-29T14:03:02","modified_gmt":"2025-06-29T12:03:02","slug":"kerekes-samuel","status":"publish","type":"product","link":"https:\/\/uj.adatbank.ro\/lexikon\/termek\/kerekes-samuel\/","title":{"rendered":"KEREKES S\u00e1muel"},"content":{"rendered":"<p>Mv., 1877., \u2020 ?: p\u00e1lyamester. \u2013 A kv.-i Atl\u00e9tikai Club \u00e9s a Mv.-i Torna Egylet \u00e1ltal k\u00f6z\u00f6sen rendezett atl\u00e9tikai viadalra verset \u00edrt (1887). Versei a Debreceni Ellen\u0151r, Ellenz\u00e9k, K\u00e9pes Csal\u00e1di Lapok-ban. <br \/><strong>Irod.:<\/strong> Guly\u00e1s; Sikl\u00f3ssy<\/br><\/p>\n","protected":false},"excerpt":{"rendered":"<p>Mv., 1877., \u2020 ?: p\u00e1lyamester. \u2013 A kv.-i Atl\u00e9tikai Club \u00e9s a Mv.-i Torna Egylet \u00e1ltal k\u00f6z\u00f6sen rendezett atl\u00e9tikai viadalra verset \u00edrt (1887). Versei a Debreceni Ellen\u0151r, Ellenz\u00e9k, K\u00e9pes Csal\u00e1di Lapok-ban. Irod.: Guly\u00e1s; Sikl\u00f3ssy<\/p>\n","protected":false},"featured_media":0,"comment_status":"open","ping_status":"closed","template":"","meta":[],"product_brand":[],"product_cat":[137],"product_tag":[],"class_list":{"0":"post-11729","1":"product","2":"type-product","3":"status-publish","5":"product_cat-maros-megyei-eletrajzi-lexikon","7":"first","8":"instock","9":"shipping-taxable","10":"product-type-simple"},"_links":{"self":[{"href":"https:\/\/uj.adatbank.ro\/lexikon\/wp-json\/wp\/v2\/product\/11729","targetHints":{"allow":["GET"]}}],"collection":[{"href":"https:\/\/uj.adatbank.ro\/lexikon\/wp-json\/wp\/v2\/product"}],"about":[{"href":"https:\/\/uj.adatbank.ro\/lexikon\/wp-json\/wp\/v2\/types\/product"}],"replies":[{"embeddable":true,"href":"https:\/\/uj.adatbank.ro\/lexikon\/wp-json\/wp\/v2\/comments?post=11729"}],"wp:attachment":[{"href":"https:\/\/uj.adatbank.ro\/lexikon\/wp-json\/wp\/v2\/media?parent=11729"}],"wp:term":[{"taxonomy":"product_brand","embeddable":true,"href":"https:\/\/uj.adatbank.ro\/lexikon\/wp-json\/wp\/v2\/product_brand?post=11729"},{"taxonomy":"product_cat","embeddable":true,"href":"https:\/\/uj.adatbank.ro\/lexikon\/wp-json\/wp\/v2\/product_cat?post=11729"},{"taxonomy":"product_tag","embeddable":true,"href":"https:\/\/uj.adatbank.ro\/lexikon\/wp-json\/wp\/v2\/product_tag?post=11729"}],"curies":[{"name":"wp","href":"https:\/\/api.w.org\/{rel}","templated":true}]}}