{"id":11730,"date":"2025-06-29T14:03:04","date_gmt":"2025-06-29T12:03:04","guid":{"rendered":"https:\/\/uj.adatbank.ro\/lexikon\/termek\/kerekes-samuel-samu\/"},"modified":"2025-06-29T14:03:04","modified_gmt":"2025-06-29T12:03:04","slug":"kerekes-samuel-samu","status":"publish","type":"product","link":"https:\/\/uj.adatbank.ro\/lexikon\/termek\/kerekes-samuel-samu\/","title":{"rendered":"KEREKES S\u00e1muel; Samu"},"content":{"rendered":"<p>Di\u00f3d, 1847. aug. 25., \u2020 Mv., 1895. dec. 13.: tan\u00e1r, lapszerkeszt\u0151. \u2013 Kerekes S\u00e1muel \u00e9s Benk\u0151 Ter\u00e9z fia. Feles\u00e9ge: 1. Pajna Nina (1855 \u2013 Mv., 1883. febr. 28.). Gyermekeik: Andor, Samu, Tivadar. 2. Ajtai Nina (1847 \u2013 Mv., 1885. dec. 13.), k\u00e9t le\u00e1nyuk sz\u00fcletett. \u2013 Tanulm\u00e1nyait Nagyenyeden v\u00e9gezte (1869). Teol\u00f3gi\u00e1t v\u00e9gzett, de papi p\u00e1lya helyett a tan\u00e1rit v\u00e1lasztotta. Tan\u00e1rkod\u00e1s\u00e1t a nagyenyedi F\u0151iskol\u00e1n\u00e1l, a kv.-i majd a mv.-i Ref. Koll.-ban kezdte; nevel\u0151 volt Vinczenti Ferdin\u00e1nd lovagn\u00e1l h\u00e9t \u00e9vig; Mv.-en a K\u00f6zs\u00e9gi Polg\u00e1ri Fi\u00faiskol\u00e1ban t\u00f6t\u00e9nelemtan\u00e1r (1873\u20131895). A ref. f\u0151tanoda ideiglenes igazgat\u00f3ja (1878). T\u00e1rsadalmi t\u00e9ren is \u00e9l\u00e9nk tev\u00e9kenys\u00e9get fejtett ki, Mv.-en alig volt olyan egylet amelynek eln\u00f6ke vagy tagja ne lett volna: az iparos \u00f6nk\u00e9pz\u0151 \u00e9s betegseg\u00e9lyz\u0151 egylet eln\u00f6ke (1878. \u201385 k.) \u00e9s ezen bel\u00fcl a m\u0171kedvel\u0151 egy\u0171ttes eln\u00f6ke; a dalk\u00f6r tagja \u00e9s v\u00e1lsztm\u00e1nyi tag (1885\u2013); a sz\u00edn\u0171gyp\u00e1rtol\u00f3 egylet v\u00e1lsztm\u00e1ny\u00e1nak tagja (1886)v\u00e1rosi k\u00e9pvisel\u0151 (1890); az Elba-bizotts\u00e1g tagja. Az EMKE alap\u00edt\u00f3 \u00e9s v\u00e1lasztott v\u00e1lasztm\u00e1nyi tagja, r\u00e9szt vett a kv.-i alakul\u00f3 \u00fcl\u00e9sen (1885), a KZST tagja \u00e9s hosszabb ideig m\u00e1sodtitk\u00e1ra. \u00dcnnep\u00e9lyek alkalm\u00e1val hazafias besz\u00e9deket tartott, h\u00edres r\u00edmel\u0151 volt, a v\u00e1ndor po\u00e9t\u00e1k egyik tipikus alakja. Szerkesztette az Erd\u00e9ly c. lapot hal\u00e1l\u00e1ig (1872\u20131895) amelyet Marosvid\u00e9kre v\u00e1ltoztatott (1877. jan. \u201397. jan.) \u00e9s f\u0151szerkeszt\u0151je volt. A mv.-i Pet\u0151fi \u00fcnneps\u00e9gek rendez\u0151bizotts\u00e1gi tagja (1884. szept 28). Turinba vitte a Kossuth albumot, amelyet a mv.-i iparosok Kossuthnak k\u00e9sz\u00edtettek (1889). Cikkei, k\u00f6ltem\u00e9nyei a F\u0151v\u00e1rosi Lapok, Maros-Vid\u00e9k, Zen\u00e9szeti Lapok \u2013ban. \u2013 <strong>F. m.:<\/strong> Eml\u00e9kf\u00fcz\u00e9r (Nagyv\u00e1rad, 1872); Eml\u00e9kbesz\u00e9d melyet a sz\u00e9kely v\u00e9rtan\u00fak T\u00f6r\u00f6k, G\u00e1lffy, Horv\u00e1th s\u00edrhantja felett mondott (Mv., 1873); T\u0171zolt\u00f3i eml\u00e9klap (Mv., 1879); <strong>antol\u00f3g.:<\/strong> Sz\u00e9kelyek a k\u00f6lt\u0151k dalaiban (Bp., 1908); <strong>szerk.:<\/strong> Bem-Album (Mv., 1884). <br \/><strong>Irod.:<\/strong> Bi\u00e1s Istv\u00e1n, Chalmers, Andrew: Transylvanian Recollections (Klausenburg, 1880); Er\u0151ss; Gy\u00e1szjelent\u0151; Kelemen L.; Kusz\u00e1lik\u2013Zal\u00e1nyi; Marosi-KZST; [Nekrol\u00f3g] (Marosvid\u00e9k, 1895. dec. 19.); Nemes; \u00d6kr\u00f6s; S\u00e1ndor; Szinnyei, Tolnai Vilmos: A nyelv\u00faj\u00edt\u00e1s (Bp., 1929); \u00dcnnepi k\u00f6nyv<\/br><\/p>\n","protected":false},"excerpt":{"rendered":"<p>Di\u00f3d, 1847. aug. 25., \u2020 Mv., 1895. dec. 13.: tan\u00e1r, lapszerkeszt\u0151. \u2013 Kerekes S\u00e1muel \u00e9s Benk\u0151 Ter\u00e9z fia. Feles\u00e9ge: 1. Pajna Nina (1855 \u2013 Mv., 1883. febr. 28.). Gyermekeik: Andor, Samu, Tivadar. 2. Ajtai Nina (1847 \u2013 Mv., 1885. dec. 13.), k\u00e9t le\u00e1nyuk sz\u00fcletett. \u2013 Tanulm\u00e1nyait Nagyenyeden v\u00e9gezte (1869). Teol\u00f3gi\u00e1t v\u00e9gzett, de papi p\u00e1lya helyett [&hellip;]<\/p>\n","protected":false},"featured_media":0,"comment_status":"open","ping_status":"closed","template":"","meta":[],"product_brand":[],"product_cat":[137],"product_tag":[],"class_list":{"0":"post-11730","1":"product","2":"type-product","3":"status-publish","5":"product_cat-maros-megyei-eletrajzi-lexikon","7":"first","8":"instock","9":"shipping-taxable","10":"product-type-simple"},"_links":{"self":[{"href":"https:\/\/uj.adatbank.ro\/lexikon\/wp-json\/wp\/v2\/product\/11730","targetHints":{"allow":["GET"]}}],"collection":[{"href":"https:\/\/uj.adatbank.ro\/lexikon\/wp-json\/wp\/v2\/product"}],"about":[{"href":"https:\/\/uj.adatbank.ro\/lexikon\/wp-json\/wp\/v2\/types\/product"}],"replies":[{"embeddable":true,"href":"https:\/\/uj.adatbank.ro\/lexikon\/wp-json\/wp\/v2\/comments?post=11730"}],"wp:attachment":[{"href":"https:\/\/uj.adatbank.ro\/lexikon\/wp-json\/wp\/v2\/media?parent=11730"}],"wp:term":[{"taxonomy":"product_brand","embeddable":true,"href":"https:\/\/uj.adatbank.ro\/lexikon\/wp-json\/wp\/v2\/product_brand?post=11730"},{"taxonomy":"product_cat","embeddable":true,"href":"https:\/\/uj.adatbank.ro\/lexikon\/wp-json\/wp\/v2\/product_cat?post=11730"},{"taxonomy":"product_tag","embeddable":true,"href":"https:\/\/uj.adatbank.ro\/lexikon\/wp-json\/wp\/v2\/product_tag?post=11730"}],"curies":[{"name":"wp","href":"https:\/\/api.w.org\/{rel}","templated":true}]}}