{"id":11731,"date":"2025-06-29T14:03:05","date_gmt":"2025-06-29T12:03:05","guid":{"rendered":"https:\/\/uj.adatbank.ro\/lexikon\/termek\/kerekes-sandor\/"},"modified":"2025-06-29T14:03:05","modified_gmt":"2025-06-29T12:03:05","slug":"kerekes-sandor","status":"publish","type":"product","link":"https:\/\/uj.adatbank.ro\/lexikon\/termek\/kerekes-sandor\/","title":{"rendered":"KEREKES S\u00e1ndor"},"content":{"rendered":"<p>Brass\u00f3, 1922. m\u00e1j. 3., \u2020 Tatab\u00e1nya (Mo.), 2006. j\u00fal. 22.: orvos, szak\u00edr\u00f3. \u2013 A k\u00f6z\u00e9piskol\u00e1t Sepsiszentgy\u00f6rgy\u00f6n v\u00e9gezte (1941); orvosi oklevel\u00e9t a BTE orvosi kar\u00e1n szerezte (1947). A mv.-i Ortop\u00e9dia-Traumatol\u00f3gia-Gyermekseb\u00e9szeti Klinika seb\u00e9szf\u0151orvosa, az orvostudom\u00e1nyok doktora (1970); Dolgozatai amelyekben f\u0151leg a gyomor- \u00e9s eml\u0151r\u00e1k seb\u00e9szet\u00e9vel foglalkozott az Orvosi Szemle, Chirurgie, Zeitschrift f\u00fcr Chirurgie szakfoly\u00f3iratokban jelentek meg. <br \/><strong>Irod.:<\/strong> Komj\u00e1tszegi S\u00e1ndor: Az els\u0151 \u00fcnnep\u00e9lyes doktorr\u00e1 avat\u00e1s Mv.-en (N\u00fa., 1997. j\u00fal. 29.); RMKK; RMIL<\/br><\/p>\n","protected":false},"excerpt":{"rendered":"<p>Brass\u00f3, 1922. m\u00e1j. 3., \u2020 Tatab\u00e1nya (Mo.), 2006. j\u00fal. 22.: orvos, szak\u00edr\u00f3. \u2013 A k\u00f6z\u00e9piskol\u00e1t Sepsiszentgy\u00f6rgy\u00f6n v\u00e9gezte (1941); orvosi oklevel\u00e9t a BTE orvosi kar\u00e1n szerezte (1947). A mv.-i Ortop\u00e9dia-Traumatol\u00f3gia-Gyermekseb\u00e9szeti Klinika seb\u00e9szf\u0151orvosa, az orvostudom\u00e1nyok doktora (1970); Dolgozatai amelyekben f\u0151leg a gyomor- \u00e9s eml\u0151r\u00e1k seb\u00e9szet\u00e9vel foglalkozott az Orvosi Szemle, Chirurgie, Zeitschrift f\u00fcr Chirurgie szakfoly\u00f3iratokban jelentek meg. Irod.: [&hellip;]<\/p>\n","protected":false},"featured_media":0,"comment_status":"open","ping_status":"closed","template":"","meta":[],"product_brand":[],"product_cat":[137],"product_tag":[],"class_list":{"0":"post-11731","1":"product","2":"type-product","3":"status-publish","5":"product_cat-maros-megyei-eletrajzi-lexikon","7":"first","8":"instock","9":"shipping-taxable","10":"product-type-simple"},"_links":{"self":[{"href":"https:\/\/uj.adatbank.ro\/lexikon\/wp-json\/wp\/v2\/product\/11731","targetHints":{"allow":["GET"]}}],"collection":[{"href":"https:\/\/uj.adatbank.ro\/lexikon\/wp-json\/wp\/v2\/product"}],"about":[{"href":"https:\/\/uj.adatbank.ro\/lexikon\/wp-json\/wp\/v2\/types\/product"}],"replies":[{"embeddable":true,"href":"https:\/\/uj.adatbank.ro\/lexikon\/wp-json\/wp\/v2\/comments?post=11731"}],"wp:attachment":[{"href":"https:\/\/uj.adatbank.ro\/lexikon\/wp-json\/wp\/v2\/media?parent=11731"}],"wp:term":[{"taxonomy":"product_brand","embeddable":true,"href":"https:\/\/uj.adatbank.ro\/lexikon\/wp-json\/wp\/v2\/product_brand?post=11731"},{"taxonomy":"product_cat","embeddable":true,"href":"https:\/\/uj.adatbank.ro\/lexikon\/wp-json\/wp\/v2\/product_cat?post=11731"},{"taxonomy":"product_tag","embeddable":true,"href":"https:\/\/uj.adatbank.ro\/lexikon\/wp-json\/wp\/v2\/product_tag?post=11731"}],"curies":[{"name":"wp","href":"https:\/\/api.w.org\/{rel}","templated":true}]}}