{"id":11732,"date":"2025-06-29T14:03:09","date_gmt":"2025-06-29T12:03:09","guid":{"rendered":"https:\/\/uj.adatbank.ro\/lexikon\/termek\/kerekes-tibor\/"},"modified":"2025-06-29T14:03:09","modified_gmt":"2025-06-29T12:03:09","slug":"kerekes-tibor","status":"publish","type":"product","link":"https:\/\/uj.adatbank.ro\/lexikon\/termek\/kerekes-tibor\/","title":{"rendered":"KEREKES Tibor"},"content":{"rendered":"<p>Mv., 1916. febr. 28. \u2020 ?: ?. &#8211; A II. vh.-ban tart. hadnagyi rangban vett r\u00e9szt. Szovjet hadifogs\u00e1gba esett, ahonnan 1947-ben ker\u00fclt haza. <br \/><strong>Irod.:<\/strong> Berekm\u00e9ri<\/br><\/p>\n","protected":false},"excerpt":{"rendered":"<p>Mv., 1916. febr. 28. \u2020 ?: ?. &#8211; A II. vh.-ban tart. hadnagyi rangban vett r\u00e9szt. Szovjet hadifogs\u00e1gba esett, ahonnan 1947-ben ker\u00fclt haza. Irod.: Berekm\u00e9ri<\/p>\n","protected":false},"featured_media":0,"comment_status":"open","ping_status":"closed","template":"","meta":[],"product_brand":[],"product_cat":[137],"product_tag":[],"class_list":{"0":"post-11732","1":"product","2":"type-product","3":"status-publish","5":"product_cat-maros-megyei-eletrajzi-lexikon","7":"first","8":"instock","9":"shipping-taxable","10":"product-type-simple"},"_links":{"self":[{"href":"https:\/\/uj.adatbank.ro\/lexikon\/wp-json\/wp\/v2\/product\/11732","targetHints":{"allow":["GET"]}}],"collection":[{"href":"https:\/\/uj.adatbank.ro\/lexikon\/wp-json\/wp\/v2\/product"}],"about":[{"href":"https:\/\/uj.adatbank.ro\/lexikon\/wp-json\/wp\/v2\/types\/product"}],"replies":[{"embeddable":true,"href":"https:\/\/uj.adatbank.ro\/lexikon\/wp-json\/wp\/v2\/comments?post=11732"}],"wp:attachment":[{"href":"https:\/\/uj.adatbank.ro\/lexikon\/wp-json\/wp\/v2\/media?parent=11732"}],"wp:term":[{"taxonomy":"product_brand","embeddable":true,"href":"https:\/\/uj.adatbank.ro\/lexikon\/wp-json\/wp\/v2\/product_brand?post=11732"},{"taxonomy":"product_cat","embeddable":true,"href":"https:\/\/uj.adatbank.ro\/lexikon\/wp-json\/wp\/v2\/product_cat?post=11732"},{"taxonomy":"product_tag","embeddable":true,"href":"https:\/\/uj.adatbank.ro\/lexikon\/wp-json\/wp\/v2\/product_tag?post=11732"}],"curies":[{"name":"wp","href":"https:\/\/api.w.org\/{rel}","templated":true}]}}