{"id":11733,"date":"2025-06-29T14:03:12","date_gmt":"2025-06-29T12:03:12","guid":{"rendered":"https:\/\/uj.adatbank.ro\/lexikon\/termek\/kerekes-tivadar\/"},"modified":"2025-06-29T14:03:12","modified_gmt":"2025-06-29T12:03:12","slug":"kerekes-tivadar","status":"publish","type":"product","link":"https:\/\/uj.adatbank.ro\/lexikon\/termek\/kerekes-tivadar\/","title":{"rendered":"KEREKES Tivadar"},"content":{"rendered":"<p>? \u2020 ?: m\u00e9rn\u00f6k, szak\u00edr\u00f3. \u2013 V\u00e1rosi m\u00e9rn\u00f6k Sz\u00e1szr\u00e9genben, tal\u00e1n verset is \u00edrt az \u00dajs\u00e1g-ban (1907). Cikke az \u00c9p\u00edt\u0151ipar-ban (1907). <br \/><strong>Irod.:<\/strong> Guly\u00e1s<\/br><\/p>\n","protected":false},"excerpt":{"rendered":"<p>? \u2020 ?: m\u00e9rn\u00f6k, szak\u00edr\u00f3. \u2013 V\u00e1rosi m\u00e9rn\u00f6k Sz\u00e1szr\u00e9genben, tal\u00e1n verset is \u00edrt az \u00dajs\u00e1g-ban (1907). Cikke az \u00c9p\u00edt\u0151ipar-ban (1907). Irod.: Guly\u00e1s<\/p>\n","protected":false},"featured_media":0,"comment_status":"open","ping_status":"closed","template":"","meta":[],"product_brand":[],"product_cat":[137],"product_tag":[],"class_list":{"0":"post-11733","1":"product","2":"type-product","3":"status-publish","5":"product_cat-maros-megyei-eletrajzi-lexikon","7":"first","8":"instock","9":"shipping-taxable","10":"product-type-simple"},"_links":{"self":[{"href":"https:\/\/uj.adatbank.ro\/lexikon\/wp-json\/wp\/v2\/product\/11733","targetHints":{"allow":["GET"]}}],"collection":[{"href":"https:\/\/uj.adatbank.ro\/lexikon\/wp-json\/wp\/v2\/product"}],"about":[{"href":"https:\/\/uj.adatbank.ro\/lexikon\/wp-json\/wp\/v2\/types\/product"}],"replies":[{"embeddable":true,"href":"https:\/\/uj.adatbank.ro\/lexikon\/wp-json\/wp\/v2\/comments?post=11733"}],"wp:attachment":[{"href":"https:\/\/uj.adatbank.ro\/lexikon\/wp-json\/wp\/v2\/media?parent=11733"}],"wp:term":[{"taxonomy":"product_brand","embeddable":true,"href":"https:\/\/uj.adatbank.ro\/lexikon\/wp-json\/wp\/v2\/product_brand?post=11733"},{"taxonomy":"product_cat","embeddable":true,"href":"https:\/\/uj.adatbank.ro\/lexikon\/wp-json\/wp\/v2\/product_cat?post=11733"},{"taxonomy":"product_tag","embeddable":true,"href":"https:\/\/uj.adatbank.ro\/lexikon\/wp-json\/wp\/v2\/product_tag?post=11733"}],"curies":[{"name":"wp","href":"https:\/\/api.w.org\/{rel}","templated":true}]}}