{"id":11738,"date":"2025-06-29T14:03:21","date_gmt":"2025-06-29T12:03:21","guid":{"rendered":"https:\/\/uj.adatbank.ro\/lexikon\/termek\/kerekes-paul-rotariu\/"},"modified":"2025-06-29T14:03:21","modified_gmt":"2025-06-29T12:03:21","slug":"kerekes-paul-rotariu","status":"publish","type":"product","link":"https:\/\/uj.adatbank.ro\/lexikon\/termek\/kerekes-paul-rotariu\/","title":{"rendered":"KEREKES, Paul; Rotariu"},"content":{"rendered":"<p>Balla, 1819, \u2020 Gyulafeh\u00e9rv\u00e1r, 1880.: g. kat. pap, tan\u00e1r. \u2013 Sz\u00fcleit\u0151l tanult meg \u00edrni, azut\u00e1n R\u00e9genben, Mv.-en tanult, majd a teol\u00f3gi\u00e1t Bal\u00e1zsfalv\u00e1n v\u00e9gezte (1842). Ezut\u00e1n h\u00e1rom \u00e9vig val\u00f3sz\u00edn\u00fcleg folytatta tanulm\u00e1nyait \u00e9s a par\u00f3ki\u00e1n szolg\u00e1lt, majd tan\u00e1ra volt a Bal\u00e1zsfalvi l\u00edceumnak (1845\u201354), pl\u00e9b\u00e1nos volt K\u00f6tk\u00e9n (Kolozs) (1848), B\u0103rnu\u0163iuhoz csatlakozva v\u00e1llalt r\u00e9szt a t\u00f6rt\u00e9nelmi esem\u00e9nyekb\u0151l (1848); Papp\u00e1 szentelt\u00e9k (1854), kolostorgondnok Gyulafeh\u00e9rv\u00e1r mellett (1854\u2013), a gyulafef\u00e9rv\u00e1ri r. k. l\u00edceum rom\u00e1n nyelv \u00e9s irodalom tan\u00e1ra volt (1875\u20131880), itt irodalmi k\u00f6rt vezetett, rom\u00e1n irodalmi k\u00f6nyveket szerkesztett, de hal\u00e1la miatt nem fejezhette be. A Rom\u00e1nokhoz (C\u0103tre rom\u00e2ni) c. vers\u00e9t Cipariu k\u00f6z\u00f6lte az Organul Lumin\u0103rii c. lapban. <br \/><strong>Irod.:<\/strong> Com\u015fa; Com\u015fa\u2013Seiceanu; Regh. Cult. 4.; Todea 2013<\/br><\/p>\n","protected":false},"excerpt":{"rendered":"<p>Balla, 1819, \u2020 Gyulafeh\u00e9rv\u00e1r, 1880.: g. kat. pap, tan\u00e1r. \u2013 Sz\u00fcleit\u0151l tanult meg \u00edrni, azut\u00e1n R\u00e9genben, Mv.-en tanult, majd a teol\u00f3gi\u00e1t Bal\u00e1zsfalv\u00e1n v\u00e9gezte (1842). Ezut\u00e1n h\u00e1rom \u00e9vig val\u00f3sz\u00edn\u00fcleg folytatta tanulm\u00e1nyait \u00e9s a par\u00f3ki\u00e1n szolg\u00e1lt, majd tan\u00e1ra volt a Bal\u00e1zsfalvi l\u00edceumnak (1845\u201354), pl\u00e9b\u00e1nos volt K\u00f6tk\u00e9n (Kolozs) (1848), B\u0103rnu\u0163iuhoz csatlakozva v\u00e1llalt r\u00e9szt a t\u00f6rt\u00e9nelmi esem\u00e9nyekb\u0151l (1848); Papp\u00e1 [&hellip;]<\/p>\n","protected":false},"featured_media":0,"comment_status":"open","ping_status":"closed","template":"","meta":[],"product_brand":[],"product_cat":[137],"product_tag":[],"class_list":{"0":"post-11738","1":"product","2":"type-product","3":"status-publish","5":"product_cat-maros-megyei-eletrajzi-lexikon","7":"first","8":"instock","9":"shipping-taxable","10":"product-type-simple"},"_links":{"self":[{"href":"https:\/\/uj.adatbank.ro\/lexikon\/wp-json\/wp\/v2\/product\/11738","targetHints":{"allow":["GET"]}}],"collection":[{"href":"https:\/\/uj.adatbank.ro\/lexikon\/wp-json\/wp\/v2\/product"}],"about":[{"href":"https:\/\/uj.adatbank.ro\/lexikon\/wp-json\/wp\/v2\/types\/product"}],"replies":[{"embeddable":true,"href":"https:\/\/uj.adatbank.ro\/lexikon\/wp-json\/wp\/v2\/comments?post=11738"}],"wp:attachment":[{"href":"https:\/\/uj.adatbank.ro\/lexikon\/wp-json\/wp\/v2\/media?parent=11738"}],"wp:term":[{"taxonomy":"product_brand","embeddable":true,"href":"https:\/\/uj.adatbank.ro\/lexikon\/wp-json\/wp\/v2\/product_brand?post=11738"},{"taxonomy":"product_cat","embeddable":true,"href":"https:\/\/uj.adatbank.ro\/lexikon\/wp-json\/wp\/v2\/product_cat?post=11738"},{"taxonomy":"product_tag","embeddable":true,"href":"https:\/\/uj.adatbank.ro\/lexikon\/wp-json\/wp\/v2\/product_tag?post=11738"}],"curies":[{"name":"wp","href":"https:\/\/api.w.org\/{rel}","templated":true}]}}