{"id":11739,"date":"2025-06-29T14:03:23","date_gmt":"2025-06-29T12:03:23","guid":{"rendered":"https:\/\/uj.adatbank.ro\/lexikon\/termek\/kerekes-toth-erzsebet\/"},"modified":"2025-06-29T14:03:23","modified_gmt":"2025-06-29T12:03:23","slug":"kerekes-toth-erzsebet","status":"publish","type":"product","link":"https:\/\/uj.adatbank.ro\/lexikon\/termek\/kerekes-toth-erzsebet\/","title":{"rendered":"KEREKES-T\u00d3TH Erzs\u00e9bet"},"content":{"rendered":"<p>Mv., 1929. j\u00fan. 26, \u2020 ? : n\u00e9pdal\u00e9nekes, el\u0151ad\u00f3m\u0171v\u00e9sz. \u2013 Apja T\u00f3th S\u00e1ndor zenetan\u00e1r; testv\u00e9re T\u00f3th S\u00e1ndor fizikus; f\u00e9rje Kerekes Med\u00e1rd biok\u00e9mikus. Mv.-en a R. k. le\u00e1nygiskol\u00e1ban (1936\u201344), az Unirea le\u00e1nygimn\u00e1ziumban tanult (1944\u201348). Mv.-en a Sz\u00e9kely Sz\u00ednh\u00e1z n\u00f6vend\u00e9ke (1948\u201350), sz\u00edn\u00e9szk\u00e9nt alkalmazt\u00e1k (1949), Kv.-on a Szentgy\u00f6rgyi Istv\u00e1n Sz\u00ednm\u0171v\u00e9szeti F\u0151iskola hallgat\u00f3ja (1950\u201354). Mv.-en a Sz\u00e9kely Sz\u00ednh\u00e1z m\u0171v\u00e9sze (1954\u201358), az \u00c1llami Sz\u00e9kely N\u00e9piegy\u00fcttes\/Maros M\u0171v\u00e9szegy\u00fcttes szol\u00f3\u00e9nekese (1958\u2013); a B\u00e1bsz\u00ednh\u00e1z igazgat\u00f3ja (1965\u201369), a N\u00e9pi Egy\u00fcttes igazgat\u00f3ja (1969\u201370). El\u0151ad\u00f3m\u0171v\u00e9sz (1970\u2013) a Rom\u00e1n Zeneszerz\u0151 Sz\u00f6vets\u00e9g. A Mv.-i Filharm\u00f3nia, a RTV \u00e9s R\u00e1di\u00f3, a M. R\u00e1di\u00f3 k\u00fcls\u0151 munkat\u00e1rsa (1970\u2013). T\u00e1rsulati \u00e9s \u00f6n\u00e1ll\u00f3 estjein Bart\u00f3k \u00e9s Kod\u00e1ly, lajtha L\u00e1szl\u00f3 feldolgoz\u00e1sokat, erd\u00e9lyi \u00e9s cs\u00e1ng\u00f3 n\u00e9pdalokat, megzen\u00e9s\u00edtett verseket, a dalirodalom klasszikusait, egyh\u00e1zi \u00e9nekeket adott el\u0151. N\u00e9pdal-gy\u0171jt\u00e9ssel \u00e9s \u2013 kutat\u00e1ssal foglalkozott. K\u00fclf\u00f6ldi turn\u00e9kon vett r\u00e9szt: Jugoszl\u00e1via (1969); USA \u00e9s Kanada (1971, 1978); Ausztria, Norv\u00e9gia (1972); Mong\u00f3lia, \u00c9. -Korea, K\u00edna, Szovjet uni\u00f3 (1977). Magyarorsz\u00e1gi \u00e9nekesekkel is fell\u00e9p: B\u00e9res Ferenc, Madar\u00e1sz Katalin, Kov\u00e1cs Apoll\u00f3nia, Ga\u00e1l Gabi \u00e9s a pr\u00edm\u00e1sai: Albert Istv\u00e1n, M\u00e9sz\u00e1ros Tivadar, S\u00e1ntha Ferenc, Berki L\u00e1szl\u00f3. A Munka\u00e9rdemren III. (1964), a Kultur\u00e1lis \u00c9rdemrend I. fokozat\u00e1t kapta (1968). A M. R\u00e1di\u00f3t\u00f3l kapta az Ez\u00fcst Toll D\u00edjat, a M. Kult\u00fara Lovagja c\u00edmet (2000). \u2013 <strong>F. sz.:<\/strong> Summ\u00e1sl\u00e1ny (M\u00f3ricz Zs.: Uri muri; Fiatalasszony (Davidoglu: B\u00e1ny\u00e1szok); Le\u00e1ny (Gribojedov : Az \u00e9sz bajjal j\u00e1r); Vid\u00e1m ny\u00e1ri m\u00e1sor (1950); Vannak m\u00e9g hib\u00e1k (1954); K\u00f6nny\u0171zeneest (1955); Lumuni\u0163a (Horv\u00e1th \u00c1goston: Varga Katalin), Anna (H. Kipphardt-H. Sachs: Shakespeare kerestetik, 1955); Borb\u00e1la (Kopp\u00e1nyi Gy\u00f6rgy: Mennyetj\u00e1rt ifi\u00far); Gianetta (Heltai Jen\u0151: A n\u00e9ma levente, 1956); \u00d6rzse (Szirmai Albert: M\u00e9zeskal\u00e1cs); \u00c1pol\u00f3n\u0151 (Mirea-Kov\u00e1cs Gy.: Az utols\u00f3 vonat); Tal\u00e1lkoz\u00e1sa Sz\u00e1sz Endr\u00e9vel: \u00dagy dolgozott, mintha \u00f6r\u00f6kk\u00e9 \u00e9lne = SZ\u00c1SZ Endre. <strong>F. lemezei:<\/strong> Electrecord: Fudd el, j\u00f3 sz\u00e9l fudd el (ST-ECE 02041); Este vagyon a faluban. T\u00f6bbekkel (STM-EPE 01488); \u00c9desany\u00e1m r\u00f3zsaf\u00e1ja (STM-EPE 01444); Sz\u00e9llyes S\u00e1ndorral (ST-EPE 0934; 03575); Babrik J.: Haj, haj, gy\u00f6ngyvir\u00e1g. (ECE 01695); Radioton, Bp.: Gyere ki, te gy\u00f6ngyvir\u00e1g (SLPX 18194); Hungarian Records, USA. T\u00f6bbekkel : Este a sz\u00e9kelyekn\u00e9l (SSX 943). <br \/><strong>Irod.:<\/strong> Horv\u00e1th Bea; Kov\u00e1cs Levente; Kusz\u00e1lik; Sz\u00e9kely Sz. Z.<\/br><\/p>\n","protected":false},"excerpt":{"rendered":"<p>Mv., 1929. j\u00fan. 26, \u2020 ? : n\u00e9pdal\u00e9nekes, el\u0151ad\u00f3m\u0171v\u00e9sz. \u2013 Apja T\u00f3th S\u00e1ndor zenetan\u00e1r; testv\u00e9re T\u00f3th S\u00e1ndor fizikus; f\u00e9rje Kerekes Med\u00e1rd biok\u00e9mikus. Mv.-en a R. k. le\u00e1nygiskol\u00e1ban (1936\u201344), az Unirea le\u00e1nygimn\u00e1ziumban tanult (1944\u201348). Mv.-en a Sz\u00e9kely Sz\u00ednh\u00e1z n\u00f6vend\u00e9ke (1948\u201350), sz\u00edn\u00e9szk\u00e9nt alkalmazt\u00e1k (1949), Kv.-on a Szentgy\u00f6rgyi Istv\u00e1n Sz\u00ednm\u0171v\u00e9szeti F\u0151iskola hallgat\u00f3ja (1950\u201354). Mv.-en a Sz\u00e9kely Sz\u00ednh\u00e1z m\u0171v\u00e9sze [&hellip;]<\/p>\n","protected":false},"featured_media":0,"comment_status":"open","ping_status":"closed","template":"","meta":[],"product_brand":[],"product_cat":[137],"product_tag":[],"class_list":{"0":"post-11739","1":"product","2":"type-product","3":"status-publish","5":"product_cat-maros-megyei-eletrajzi-lexikon","7":"first","8":"instock","9":"shipping-taxable","10":"product-type-simple"},"_links":{"self":[{"href":"https:\/\/uj.adatbank.ro\/lexikon\/wp-json\/wp\/v2\/product\/11739","targetHints":{"allow":["GET"]}}],"collection":[{"href":"https:\/\/uj.adatbank.ro\/lexikon\/wp-json\/wp\/v2\/product"}],"about":[{"href":"https:\/\/uj.adatbank.ro\/lexikon\/wp-json\/wp\/v2\/types\/product"}],"replies":[{"embeddable":true,"href":"https:\/\/uj.adatbank.ro\/lexikon\/wp-json\/wp\/v2\/comments?post=11739"}],"wp:attachment":[{"href":"https:\/\/uj.adatbank.ro\/lexikon\/wp-json\/wp\/v2\/media?parent=11739"}],"wp:term":[{"taxonomy":"product_brand","embeddable":true,"href":"https:\/\/uj.adatbank.ro\/lexikon\/wp-json\/wp\/v2\/product_brand?post=11739"},{"taxonomy":"product_cat","embeddable":true,"href":"https:\/\/uj.adatbank.ro\/lexikon\/wp-json\/wp\/v2\/product_cat?post=11739"},{"taxonomy":"product_tag","embeddable":true,"href":"https:\/\/uj.adatbank.ro\/lexikon\/wp-json\/wp\/v2\/product_tag?post=11739"}],"curies":[{"name":"wp","href":"https:\/\/api.w.org\/{rel}","templated":true}]}}