{"id":11740,"date":"2025-06-29T14:03:25","date_gmt":"2025-06-29T12:03:25","guid":{"rendered":"https:\/\/uj.adatbank.ro\/lexikon\/termek\/kerekgyarto-istvan\/"},"modified":"2025-06-29T14:03:25","modified_gmt":"2025-06-29T12:03:25","slug":"kerekgyarto-istvan","status":"publish","type":"product","link":"https:\/\/uj.adatbank.ro\/lexikon\/termek\/kerekgyarto-istvan\/","title":{"rendered":"KER\u00c9KGY\u00c1RT\u00d3 Istv\u00e1n"},"content":{"rendered":"<p>? \u2020 ?: orgona\u00e9p\u00edt\u0151. \u2013 A debreceni orgona\u00e9p\u00edt\u0151 k\u00e9sz\u00edtette a segesv\u00e1ri ref. templom orgon\u00e1j\u00e1t (1890 k.). Gog\u00e1nv\u00e1ralj\u00e1n is \u00e9p\u00edtett egy orgon\u00e1t a ref. templom sz\u00e1m\u00e1ra (1911). A Vadasd falu orgon\u00e1j\u00e1t is \u00e9p\u00edtette (1909\u20131912). <br \/><strong>Irod.:<\/strong> B\u00e1lint Zsigmond 2010; A hangszerek kir\u00e1lyn\u0151je. 100 \u00e9ves a vadasi reform\u00e1tus templom orgon\u00e1ja<\/br><\/p>\n","protected":false},"excerpt":{"rendered":"<p>? \u2020 ?: orgona\u00e9p\u00edt\u0151. \u2013 A debreceni orgona\u00e9p\u00edt\u0151 k\u00e9sz\u00edtette a segesv\u00e1ri ref. templom orgon\u00e1j\u00e1t (1890 k.). Gog\u00e1nv\u00e1ralj\u00e1n is \u00e9p\u00edtett egy orgon\u00e1t a ref. templom sz\u00e1m\u00e1ra (1911). A Vadasd falu orgon\u00e1j\u00e1t is \u00e9p\u00edtette (1909\u20131912). Irod.: B\u00e1lint Zsigmond 2010; A hangszerek kir\u00e1lyn\u0151je. 100 \u00e9ves a vadasi reform\u00e1tus templom orgon\u00e1ja<\/p>\n","protected":false},"featured_media":0,"comment_status":"open","ping_status":"closed","template":"","meta":[],"product_brand":[],"product_cat":[137],"product_tag":[],"class_list":{"0":"post-11740","1":"product","2":"type-product","3":"status-publish","5":"product_cat-maros-megyei-eletrajzi-lexikon","7":"first","8":"instock","9":"shipping-taxable","10":"product-type-simple"},"_links":{"self":[{"href":"https:\/\/uj.adatbank.ro\/lexikon\/wp-json\/wp\/v2\/product\/11740","targetHints":{"allow":["GET"]}}],"collection":[{"href":"https:\/\/uj.adatbank.ro\/lexikon\/wp-json\/wp\/v2\/product"}],"about":[{"href":"https:\/\/uj.adatbank.ro\/lexikon\/wp-json\/wp\/v2\/types\/product"}],"replies":[{"embeddable":true,"href":"https:\/\/uj.adatbank.ro\/lexikon\/wp-json\/wp\/v2\/comments?post=11740"}],"wp:attachment":[{"href":"https:\/\/uj.adatbank.ro\/lexikon\/wp-json\/wp\/v2\/media?parent=11740"}],"wp:term":[{"taxonomy":"product_brand","embeddable":true,"href":"https:\/\/uj.adatbank.ro\/lexikon\/wp-json\/wp\/v2\/product_brand?post=11740"},{"taxonomy":"product_cat","embeddable":true,"href":"https:\/\/uj.adatbank.ro\/lexikon\/wp-json\/wp\/v2\/product_cat?post=11740"},{"taxonomy":"product_tag","embeddable":true,"href":"https:\/\/uj.adatbank.ro\/lexikon\/wp-json\/wp\/v2\/product_tag?post=11740"}],"curies":[{"name":"wp","href":"https:\/\/api.w.org\/{rel}","templated":true}]}}