{"id":11741,"date":"2025-06-29T14:03:27","date_gmt":"2025-06-29T12:03:27","guid":{"rendered":"https:\/\/uj.adatbank.ro\/lexikon\/termek\/kereki-balazs\/"},"modified":"2025-06-29T14:03:27","modified_gmt":"2025-06-29T12:03:27","slug":"kereki-balazs","status":"publish","type":"product","link":"https:\/\/uj.adatbank.ro\/lexikon\/termek\/kereki-balazs\/","title":{"rendered":"KEREKI Bal\u00e1zs"},"content":{"rendered":"<p>1951., \u2020 Mv., 2000. \u00e1pr. 8 : tan\u00e1r. \u2013 Aligazgat\u00f3ja volt a mv.-i 14. \u00c1ltal\u00e1nos Iskol\u00e1nak ; mint a Focus Eco Center tagja, nagyban hozz\u00e1j\u00e1rult az ifj\u00fas\u00e1g nevel\u00e9s\u00e9hez a k\u00f6rnyezetv\u00e9delem ter\u00fclet\u00e9n is. Magyar\u00f3n is tan\u00edtott. <br \/><strong>Irod.:<\/strong> [Nekrol\u00f3g] (N\u00fa., 2000. \u00e1pr. 9.)<\/br><\/p>\n","protected":false},"excerpt":{"rendered":"<p>1951., \u2020 Mv., 2000. \u00e1pr. 8 : tan\u00e1r. \u2013 Aligazgat\u00f3ja volt a mv.-i 14. \u00c1ltal\u00e1nos Iskol\u00e1nak ; mint a Focus Eco Center tagja, nagyban hozz\u00e1j\u00e1rult az ifj\u00fas\u00e1g nevel\u00e9s\u00e9hez a k\u00f6rnyezetv\u00e9delem ter\u00fclet\u00e9n is. Magyar\u00f3n is tan\u00edtott. Irod.: [Nekrol\u00f3g] (N\u00fa., 2000. \u00e1pr. 9.)<\/p>\n","protected":false},"featured_media":0,"comment_status":"open","ping_status":"closed","template":"","meta":[],"product_brand":[],"product_cat":[137],"product_tag":[],"class_list":{"0":"post-11741","1":"product","2":"type-product","3":"status-publish","5":"product_cat-maros-megyei-eletrajzi-lexikon","7":"first","8":"instock","9":"shipping-taxable","10":"product-type-simple"},"_links":{"self":[{"href":"https:\/\/uj.adatbank.ro\/lexikon\/wp-json\/wp\/v2\/product\/11741","targetHints":{"allow":["GET"]}}],"collection":[{"href":"https:\/\/uj.adatbank.ro\/lexikon\/wp-json\/wp\/v2\/product"}],"about":[{"href":"https:\/\/uj.adatbank.ro\/lexikon\/wp-json\/wp\/v2\/types\/product"}],"replies":[{"embeddable":true,"href":"https:\/\/uj.adatbank.ro\/lexikon\/wp-json\/wp\/v2\/comments?post=11741"}],"wp:attachment":[{"href":"https:\/\/uj.adatbank.ro\/lexikon\/wp-json\/wp\/v2\/media?parent=11741"}],"wp:term":[{"taxonomy":"product_brand","embeddable":true,"href":"https:\/\/uj.adatbank.ro\/lexikon\/wp-json\/wp\/v2\/product_brand?post=11741"},{"taxonomy":"product_cat","embeddable":true,"href":"https:\/\/uj.adatbank.ro\/lexikon\/wp-json\/wp\/v2\/product_cat?post=11741"},{"taxonomy":"product_tag","embeddable":true,"href":"https:\/\/uj.adatbank.ro\/lexikon\/wp-json\/wp\/v2\/product_tag?post=11741"}],"curies":[{"name":"wp","href":"https:\/\/api.w.org\/{rel}","templated":true}]}}