{"id":11743,"date":"2025-06-29T14:03:30","date_gmt":"2025-06-29T12:03:30","guid":{"rendered":"https:\/\/uj.adatbank.ro\/lexikon\/termek\/keresszegi-ferenc\/"},"modified":"2025-06-29T14:03:30","modified_gmt":"2025-06-29T12:03:30","slug":"keresszegi-ferenc","status":"publish","type":"product","link":"https:\/\/uj.adatbank.ro\/lexikon\/termek\/keresszegi-ferenc\/","title":{"rendered":"KERESSZEGI Ferenc"},"content":{"rendered":"<p>G\u00f6rg\u00e9nyszentimre 1887., \u2020 ?: \u00e9p\u00edt\u0151mester. \u2013 G\u00f6rg\u00e9nyszentimre tekint\u00e9lyes iparosa volt, \u00f6n\u00e1ll\u00f3 (1907\u2013). K\u00f6zs\u00e9gi tan\u00e1csos, a Hitelsz\u00f6vetkezet eln\u0151ke, a Ref. F\u00e9rfisz\u00f6vets\u00e9g eln\u00f6ke \u00e9s a MP vezet\u0151s\u00e9gi tagja volt. Az els\u0151 vh.-ban a 62 gy. ezr.-ben teljes\u00edtett szolg\u00e1latot. <br \/><strong>Irod.:<\/strong> Sz\u00e9kelyf\u00f6ld \u00ed. k<\/br><\/p>\n","protected":false},"excerpt":{"rendered":"<p>G\u00f6rg\u00e9nyszentimre 1887., \u2020 ?: \u00e9p\u00edt\u0151mester. \u2013 G\u00f6rg\u00e9nyszentimre tekint\u00e9lyes iparosa volt, \u00f6n\u00e1ll\u00f3 (1907\u2013). K\u00f6zs\u00e9gi tan\u00e1csos, a Hitelsz\u00f6vetkezet eln\u0151ke, a Ref. F\u00e9rfisz\u00f6vets\u00e9g eln\u00f6ke \u00e9s a MP vezet\u0151s\u00e9gi tagja volt. Az els\u0151 vh.-ban a 62 gy. ezr.-ben teljes\u00edtett szolg\u00e1latot. Irod.: Sz\u00e9kelyf\u00f6ld \u00ed. k<\/p>\n","protected":false},"featured_media":0,"comment_status":"open","ping_status":"closed","template":"","meta":[],"product_brand":[],"product_cat":[137],"product_tag":[],"class_list":{"0":"post-11743","1":"product","2":"type-product","3":"status-publish","5":"product_cat-maros-megyei-eletrajzi-lexikon","7":"first","8":"instock","9":"shipping-taxable","10":"product-type-simple"},"_links":{"self":[{"href":"https:\/\/uj.adatbank.ro\/lexikon\/wp-json\/wp\/v2\/product\/11743","targetHints":{"allow":["GET"]}}],"collection":[{"href":"https:\/\/uj.adatbank.ro\/lexikon\/wp-json\/wp\/v2\/product"}],"about":[{"href":"https:\/\/uj.adatbank.ro\/lexikon\/wp-json\/wp\/v2\/types\/product"}],"replies":[{"embeddable":true,"href":"https:\/\/uj.adatbank.ro\/lexikon\/wp-json\/wp\/v2\/comments?post=11743"}],"wp:attachment":[{"href":"https:\/\/uj.adatbank.ro\/lexikon\/wp-json\/wp\/v2\/media?parent=11743"}],"wp:term":[{"taxonomy":"product_brand","embeddable":true,"href":"https:\/\/uj.adatbank.ro\/lexikon\/wp-json\/wp\/v2\/product_brand?post=11743"},{"taxonomy":"product_cat","embeddable":true,"href":"https:\/\/uj.adatbank.ro\/lexikon\/wp-json\/wp\/v2\/product_cat?post=11743"},{"taxonomy":"product_tag","embeddable":true,"href":"https:\/\/uj.adatbank.ro\/lexikon\/wp-json\/wp\/v2\/product_tag?post=11743"}],"curies":[{"name":"wp","href":"https:\/\/api.w.org\/{rel}","templated":true}]}}