{"id":11746,"date":"2025-06-29T14:03:38","date_gmt":"2025-06-29T12:03:38","guid":{"rendered":"https:\/\/uj.adatbank.ro\/lexikon\/termek\/kerestely-andor\/"},"modified":"2025-06-29T14:03:38","modified_gmt":"2025-06-29T12:03:38","slug":"kerestely-andor","status":"publish","type":"product","link":"https:\/\/uj.adatbank.ro\/lexikon\/termek\/kerestely-andor\/","title":{"rendered":"KEREST\u00c9LY Andor"},"content":{"rendered":"<p>Kisillye, 1912. jan. 2, \u2020 Kv., ?: uradalmi seg\u00e9dtiszt, tisztvisel\u0151. \u2013 A k\u00f6z\u00e9piskola elv\u00e9gz\u00e9se ut\u00e1n Cs\u00edkszered\u00e1ban gazdas\u00e1gi szakiskol\u00e1t v\u00e9gzett, mint uradalmi tiszt tev\u00e9kenykedett a gr. Zichy uradalomban (1937), majd a b\u00e1r\u00f3 B\u00e1lintit K\u00e1roly uradalm\u00e1ban (1938) Nagyerny\u00e9n, Megel\u0151z\u0151leg saj\u00e1t csal\u00e1di birtok\u00e1n mintagazdas\u00e1got vezetett be. A magyar kult\u00fara t\u00e1mogat\u00f3ja volt. A s\u00e1romberki kollektiviz\u00e1l\u00e1s-ellenes megmozdul\u00e1s helyezt\u00e9k v\u00e1d al\u00e1. 3 \u00e9v b\u00f6rt\u00f6nb\u00fcntet\u00e9sre \u00edt\u00e9lt\u00e9k. Kv.-on lakott \u00e9s halt meg. <br \/><strong>Irod.:<\/strong> 1956 Erd\u00e9lyben; Sz\u00e9kelyf\u00f6ld \u00ed. k<\/br><\/p>\n","protected":false},"excerpt":{"rendered":"<p>Kisillye, 1912. jan. 2, \u2020 Kv., ?: uradalmi seg\u00e9dtiszt, tisztvisel\u0151. \u2013 A k\u00f6z\u00e9piskola elv\u00e9gz\u00e9se ut\u00e1n Cs\u00edkszered\u00e1ban gazdas\u00e1gi szakiskol\u00e1t v\u00e9gzett, mint uradalmi tiszt tev\u00e9kenykedett a gr. Zichy uradalomban (1937), majd a b\u00e1r\u00f3 B\u00e1lintit K\u00e1roly uradalm\u00e1ban (1938) Nagyerny\u00e9n, Megel\u0151z\u0151leg saj\u00e1t csal\u00e1di birtok\u00e1n mintagazdas\u00e1got vezetett be. A magyar kult\u00fara t\u00e1mogat\u00f3ja volt. A s\u00e1romberki kollektiviz\u00e1l\u00e1s-ellenes megmozdul\u00e1s helyezt\u00e9k v\u00e1d al\u00e1. [&hellip;]<\/p>\n","protected":false},"featured_media":0,"comment_status":"open","ping_status":"closed","template":"","meta":[],"product_brand":[],"product_cat":[137],"product_tag":[],"class_list":{"0":"post-11746","1":"product","2":"type-product","3":"status-publish","5":"product_cat-maros-megyei-eletrajzi-lexikon","7":"first","8":"instock","9":"shipping-taxable","10":"product-type-simple"},"_links":{"self":[{"href":"https:\/\/uj.adatbank.ro\/lexikon\/wp-json\/wp\/v2\/product\/11746","targetHints":{"allow":["GET"]}}],"collection":[{"href":"https:\/\/uj.adatbank.ro\/lexikon\/wp-json\/wp\/v2\/product"}],"about":[{"href":"https:\/\/uj.adatbank.ro\/lexikon\/wp-json\/wp\/v2\/types\/product"}],"replies":[{"embeddable":true,"href":"https:\/\/uj.adatbank.ro\/lexikon\/wp-json\/wp\/v2\/comments?post=11746"}],"wp:attachment":[{"href":"https:\/\/uj.adatbank.ro\/lexikon\/wp-json\/wp\/v2\/media?parent=11746"}],"wp:term":[{"taxonomy":"product_brand","embeddable":true,"href":"https:\/\/uj.adatbank.ro\/lexikon\/wp-json\/wp\/v2\/product_brand?post=11746"},{"taxonomy":"product_cat","embeddable":true,"href":"https:\/\/uj.adatbank.ro\/lexikon\/wp-json\/wp\/v2\/product_cat?post=11746"},{"taxonomy":"product_tag","embeddable":true,"href":"https:\/\/uj.adatbank.ro\/lexikon\/wp-json\/wp\/v2\/product_tag?post=11746"}],"curies":[{"name":"wp","href":"https:\/\/api.w.org\/{rel}","templated":true}]}}