{"id":11751,"date":"2025-06-29T14:03:48","date_gmt":"2025-06-29T12:03:48","guid":{"rendered":"https:\/\/uj.adatbank.ro\/lexikon\/termek\/kerestely-jozsef-2\/"},"modified":"2025-06-29T14:03:48","modified_gmt":"2025-06-29T12:03:48","slug":"kerestely-jozsef-2","status":"publish","type":"product","link":"https:\/\/uj.adatbank.ro\/lexikon\/termek\/kerestely-jozsef-2\/","title":{"rendered":"KEREST\u00c9LY J\u00f3zsef"},"content":{"rendered":"<p>Komoll\u00f3, 1903., \u2020 ?: ref. lelk\u00e9sz. \u2013 Sepsiszentgy\u00f6rgy\u00f6n, Nagyenyeden \u00e9s Kv.-on v\u00e9gezte tanulm\u00e1nyait, papp\u00e1 szentelt\u00e9k (1931). Als\u00f3r\u00e1koson volt seg\u00e9dlelk\u00e9sz, majd Alvincen, Mez\u0151b\u00e1ndon \u00e9s Sikl\u00f3don., Sz\u00e9kelyk\u00f6vesden (1935\u2013) tev\u00e9kenykedett. Megszervezte a Gazdak\u00f6rt, a Hangya Hitelsz\u00f6vetkezetet melynek eln\u00f6ke is, a MP tagja volt. <br \/><strong>Irod.:<\/strong> Sz\u00e9kelyf\u00f6ld \u00ed. k<\/br><\/p>\n","protected":false},"excerpt":{"rendered":"<p>Komoll\u00f3, 1903., \u2020 ?: ref. lelk\u00e9sz. \u2013 Sepsiszentgy\u00f6rgy\u00f6n, Nagyenyeden \u00e9s Kv.-on v\u00e9gezte tanulm\u00e1nyait, papp\u00e1 szentelt\u00e9k (1931). Als\u00f3r\u00e1koson volt seg\u00e9dlelk\u00e9sz, majd Alvincen, Mez\u0151b\u00e1ndon \u00e9s Sikl\u00f3don., Sz\u00e9kelyk\u00f6vesden (1935\u2013) tev\u00e9kenykedett. Megszervezte a Gazdak\u00f6rt, a Hangya Hitelsz\u00f6vetkezetet melynek eln\u00f6ke is, a MP tagja volt. Irod.: Sz\u00e9kelyf\u00f6ld \u00ed. k<\/p>\n","protected":false},"featured_media":0,"comment_status":"open","ping_status":"closed","template":"","meta":[],"product_brand":[],"product_cat":[137],"product_tag":[],"class_list":{"0":"post-11751","1":"product","2":"type-product","3":"status-publish","5":"product_cat-maros-megyei-eletrajzi-lexikon","7":"first","8":"instock","9":"shipping-taxable","10":"product-type-simple"},"_links":{"self":[{"href":"https:\/\/uj.adatbank.ro\/lexikon\/wp-json\/wp\/v2\/product\/11751","targetHints":{"allow":["GET"]}}],"collection":[{"href":"https:\/\/uj.adatbank.ro\/lexikon\/wp-json\/wp\/v2\/product"}],"about":[{"href":"https:\/\/uj.adatbank.ro\/lexikon\/wp-json\/wp\/v2\/types\/product"}],"replies":[{"embeddable":true,"href":"https:\/\/uj.adatbank.ro\/lexikon\/wp-json\/wp\/v2\/comments?post=11751"}],"wp:attachment":[{"href":"https:\/\/uj.adatbank.ro\/lexikon\/wp-json\/wp\/v2\/media?parent=11751"}],"wp:term":[{"taxonomy":"product_brand","embeddable":true,"href":"https:\/\/uj.adatbank.ro\/lexikon\/wp-json\/wp\/v2\/product_brand?post=11751"},{"taxonomy":"product_cat","embeddable":true,"href":"https:\/\/uj.adatbank.ro\/lexikon\/wp-json\/wp\/v2\/product_cat?post=11751"},{"taxonomy":"product_tag","embeddable":true,"href":"https:\/\/uj.adatbank.ro\/lexikon\/wp-json\/wp\/v2\/product_tag?post=11751"}],"curies":[{"name":"wp","href":"https:\/\/api.w.org\/{rel}","templated":true}]}}