{"id":11753,"date":"2025-06-29T14:03:50","date_gmt":"2025-06-29T12:03:50","guid":{"rendered":"https:\/\/uj.adatbank.ro\/lexikon\/termek\/kerestely-laszlo-gyula-%c2%a7\/"},"modified":"2025-06-29T14:03:50","modified_gmt":"2025-06-29T12:03:50","slug":"kerestely-laszlo-gyula-%c2%a7","status":"publish","type":"product","link":"https:\/\/uj.adatbank.ro\/lexikon\/termek\/kerestely-laszlo-gyula-%c2%a7\/","title":{"rendered":"KEREST\u00c9LY L\u00e1szl\u00f3 Gyula, \u00a7"},"content":{"rendered":"<p>Sz\u00e9kelyudvarhely, 1921. v. 1919 szept. 9. \u2020 ?: \u00e9nekes, sz\u00edn\u00e9sz. \u2013 Gyermekkor\u00e1ban l\u00e9pett fel el\u0151sz\u00f6r Sz\u00e9kelyudvarhelyen Kacs\u00f3h Pongr\u00e1c: J\u00e1nos Vit\u00e9z c. darabj\u00e1ban (1932). Tanulm\u00e1nyait a bp.-i SzAk \u2013on v\u00e9gezte majd a h\u00e1bor\u00fa ut\u00e1n az aradi zenekonzervat\u00f3riumban fejezte be (1948). \u00c9nekes sz\u00edn\u00e9sz. A kv.-i \u00c1llami Magyar Sz\u00ednh\u00e1zban kezdte p\u00e1ly\u00e1j\u00e1t (1946), egy \u00e9vadon \u00e1t pr\u00f3zai szerepeket alak\u00edtott. Az aradi N\u00e9psz\u00ednh\u00e1z tagja (1947\u201348); a kv.-i \u00c1llami Magyar Opera tagja (1955\u201362), A mv.-i Maros \u00c9nek \u00e9s T\u00e1ncegy\u00fcttes sz\u00f3list\u00e1ja (1962\u201381). Dalesteken, zen\u00e9s-t\u00e1ncos j\u00e1t\u00e9kokban szerepelt. \u2013 F. sz: Dobcsinszkij (Gogol: A revizor); Barend (Heyermans: A rem\u00e9ny); Tiham\u00e9r (Kov\u00e1ts-Kiss: Vihar a havason); Schwartz (Szigligeti: Liliomfi); Sciarrone (Verdi: Rigoletto); Naszreddin Hodzsa (Szolovjev-Vitkovics: A csendh\u00e1bor\u00edt\u00f3); Camille de Rosillon (Leh\u00e1r Ferenc: A v\u00edg \u00f6zvegy); Rosta M\u00e1rton m\u00e9zeskal\u00e1csos (Farkas Ferenc: Cs\u00ednom Palk\u00f3); Ferenc cs\u00e1sz\u00e1r (Kod\u00e1ly Zolt\u00e1n: H\u00e1ry J\u00e1nos); G\u00e1bor di\u00e1k (Huszka Jen\u0151: G\u00fcl Baba); Frosch (J. Strauss: A denev\u00e9r); Altoum cs\u00e1sz\u00e1r (Puccini: Turandot); Gaston (Verdi: Traviata). <br \/><strong>Irod.:<\/strong> Enyedi; Katona Szab\u00f3 Istv\u00e1n: Az \u00daj \u00c9let lexikona, 86. (\u00daj \u00c9let, 2. sz. 1974.); MMK; Pers. Mure\u015fene<\/br><\/p>\n","protected":false},"excerpt":{"rendered":"<p>Sz\u00e9kelyudvarhely, 1921. v. 1919 szept. 9. \u2020 ?: \u00e9nekes, sz\u00edn\u00e9sz. \u2013 Gyermekkor\u00e1ban l\u00e9pett fel el\u0151sz\u00f6r Sz\u00e9kelyudvarhelyen Kacs\u00f3h Pongr\u00e1c: J\u00e1nos Vit\u00e9z c. darabj\u00e1ban (1932). Tanulm\u00e1nyait a bp.-i SzAk \u2013on v\u00e9gezte majd a h\u00e1bor\u00fa ut\u00e1n az aradi zenekonzervat\u00f3riumban fejezte be (1948). \u00c9nekes sz\u00edn\u00e9sz. A kv.-i \u00c1llami Magyar Sz\u00ednh\u00e1zban kezdte p\u00e1ly\u00e1j\u00e1t (1946), egy \u00e9vadon \u00e1t pr\u00f3zai szerepeket alak\u00edtott. [&hellip;]<\/p>\n","protected":false},"featured_media":0,"comment_status":"open","ping_status":"closed","template":"","meta":[],"product_brand":[],"product_cat":[137],"product_tag":[],"class_list":{"0":"post-11753","1":"product","2":"type-product","3":"status-publish","5":"product_cat-maros-megyei-eletrajzi-lexikon","7":"first","8":"instock","9":"shipping-taxable","10":"product-type-simple"},"_links":{"self":[{"href":"https:\/\/uj.adatbank.ro\/lexikon\/wp-json\/wp\/v2\/product\/11753","targetHints":{"allow":["GET"]}}],"collection":[{"href":"https:\/\/uj.adatbank.ro\/lexikon\/wp-json\/wp\/v2\/product"}],"about":[{"href":"https:\/\/uj.adatbank.ro\/lexikon\/wp-json\/wp\/v2\/types\/product"}],"replies":[{"embeddable":true,"href":"https:\/\/uj.adatbank.ro\/lexikon\/wp-json\/wp\/v2\/comments?post=11753"}],"wp:attachment":[{"href":"https:\/\/uj.adatbank.ro\/lexikon\/wp-json\/wp\/v2\/media?parent=11753"}],"wp:term":[{"taxonomy":"product_brand","embeddable":true,"href":"https:\/\/uj.adatbank.ro\/lexikon\/wp-json\/wp\/v2\/product_brand?post=11753"},{"taxonomy":"product_cat","embeddable":true,"href":"https:\/\/uj.adatbank.ro\/lexikon\/wp-json\/wp\/v2\/product_cat?post=11753"},{"taxonomy":"product_tag","embeddable":true,"href":"https:\/\/uj.adatbank.ro\/lexikon\/wp-json\/wp\/v2\/product_tag?post=11753"}],"curies":[{"name":"wp","href":"https:\/\/api.w.org\/{rel}","templated":true}]}}