{"id":11755,"date":"2025-06-29T14:03:56","date_gmt":"2025-06-29T12:03:56","guid":{"rendered":"https:\/\/uj.adatbank.ro\/lexikon\/termek\/keresztely-christianus\/"},"modified":"2025-06-29T14:03:56","modified_gmt":"2025-06-29T12:03:56","slug":"keresztely-christianus","status":"publish","type":"product","link":"https:\/\/uj.adatbank.ro\/lexikon\/termek\/keresztely-christianus\/","title":{"rendered":"KERESZT\u00c9LY, Christianus"},"content":{"rendered":"<p>? \u2020 ?: r. k. pap. \u2013 Abaf\u00e1j\u00e1n szolg\u00e1lt \u00e9s fizette a p\u00e1pai tizedet (1332, 1334). <br \/><strong>Irod.:<\/strong> Ferenczi S\u00e1ndor 2009<\/br><\/p>\n","protected":false},"excerpt":{"rendered":"<p>? \u2020 ?: r. k. pap. \u2013 Abaf\u00e1j\u00e1n szolg\u00e1lt \u00e9s fizette a p\u00e1pai tizedet (1332, 1334). Irod.: Ferenczi S\u00e1ndor 2009<\/p>\n","protected":false},"featured_media":0,"comment_status":"open","ping_status":"closed","template":"","meta":[],"product_brand":[],"product_cat":[137],"product_tag":[],"class_list":{"0":"post-11755","1":"product","2":"type-product","3":"status-publish","5":"product_cat-maros-megyei-eletrajzi-lexikon","7":"first","8":"instock","9":"shipping-taxable","10":"product-type-simple"},"_links":{"self":[{"href":"https:\/\/uj.adatbank.ro\/lexikon\/wp-json\/wp\/v2\/product\/11755","targetHints":{"allow":["GET"]}}],"collection":[{"href":"https:\/\/uj.adatbank.ro\/lexikon\/wp-json\/wp\/v2\/product"}],"about":[{"href":"https:\/\/uj.adatbank.ro\/lexikon\/wp-json\/wp\/v2\/types\/product"}],"replies":[{"embeddable":true,"href":"https:\/\/uj.adatbank.ro\/lexikon\/wp-json\/wp\/v2\/comments?post=11755"}],"wp:attachment":[{"href":"https:\/\/uj.adatbank.ro\/lexikon\/wp-json\/wp\/v2\/media?parent=11755"}],"wp:term":[{"taxonomy":"product_brand","embeddable":true,"href":"https:\/\/uj.adatbank.ro\/lexikon\/wp-json\/wp\/v2\/product_brand?post=11755"},{"taxonomy":"product_cat","embeddable":true,"href":"https:\/\/uj.adatbank.ro\/lexikon\/wp-json\/wp\/v2\/product_cat?post=11755"},{"taxonomy":"product_tag","embeddable":true,"href":"https:\/\/uj.adatbank.ro\/lexikon\/wp-json\/wp\/v2\/product_tag?post=11755"}],"curies":[{"name":"wp","href":"https:\/\/api.w.org\/{rel}","templated":true}]}}