{"id":11756,"date":"2025-06-29T14:03:59","date_gmt":"2025-06-29T12:03:59","guid":{"rendered":"https:\/\/uj.adatbank.ro\/lexikon\/termek\/keresztes-andras-gyorgy-%c2%a7-leczfalvi\/"},"modified":"2025-06-29T14:03:59","modified_gmt":"2025-06-29T12:03:59","slug":"keresztes-andras-gyorgy-%c2%a7-leczfalvi","status":"publish","type":"product","link":"https:\/\/uj.adatbank.ro\/lexikon\/termek\/keresztes-andras-gyorgy-%c2%a7-leczfalvi\/","title":{"rendered":"KERESZTES Andr\u00e1s Gy\u00f6rgy, \u00a7 l\u00e9czfalvi"},"content":{"rendered":"<p>Marosludas, 1909. nov. 5., \u2020 Bp., 1983. j\u00fal. 22.: K. Ede \u00e9s erzs\u00e9betv\u00e1rosi Patrub\u00e1ny Gabriella fia. \u2013 A jog \u00e9s \u00e1llamtudom\u00e1nyok doktora., a bp.-i P\u00e9nzint\u00e9zeti K\u00f6zpont tisztvisel\u0151je volt. Tiszteleti johannita lovag (1942\u201383). \u2014Irod.: M. Johannita csal\u00e1dt\u00f6rt.<\/br><\/p>\n","protected":false},"excerpt":{"rendered":"<p>Marosludas, 1909. nov. 5., \u2020 Bp., 1983. j\u00fal. 22.: K. Ede \u00e9s erzs\u00e9betv\u00e1rosi Patrub\u00e1ny Gabriella fia. \u2013 A jog \u00e9s \u00e1llamtudom\u00e1nyok doktora., a bp.-i P\u00e9nzint\u00e9zeti K\u00f6zpont tisztvisel\u0151je volt. Tiszteleti johannita lovag (1942\u201383). \u2014Irod.: M. Johannita csal\u00e1dt\u00f6rt.<\/p>\n","protected":false},"featured_media":0,"comment_status":"open","ping_status":"closed","template":"","meta":[],"product_brand":[],"product_cat":[137],"product_tag":[],"class_list":{"0":"post-11756","1":"product","2":"type-product","3":"status-publish","5":"product_cat-maros-megyei-eletrajzi-lexikon","7":"first","8":"instock","9":"shipping-taxable","10":"product-type-simple"},"_links":{"self":[{"href":"https:\/\/uj.adatbank.ro\/lexikon\/wp-json\/wp\/v2\/product\/11756","targetHints":{"allow":["GET"]}}],"collection":[{"href":"https:\/\/uj.adatbank.ro\/lexikon\/wp-json\/wp\/v2\/product"}],"about":[{"href":"https:\/\/uj.adatbank.ro\/lexikon\/wp-json\/wp\/v2\/types\/product"}],"replies":[{"embeddable":true,"href":"https:\/\/uj.adatbank.ro\/lexikon\/wp-json\/wp\/v2\/comments?post=11756"}],"wp:attachment":[{"href":"https:\/\/uj.adatbank.ro\/lexikon\/wp-json\/wp\/v2\/media?parent=11756"}],"wp:term":[{"taxonomy":"product_brand","embeddable":true,"href":"https:\/\/uj.adatbank.ro\/lexikon\/wp-json\/wp\/v2\/product_brand?post=11756"},{"taxonomy":"product_cat","embeddable":true,"href":"https:\/\/uj.adatbank.ro\/lexikon\/wp-json\/wp\/v2\/product_cat?post=11756"},{"taxonomy":"product_tag","embeddable":true,"href":"https:\/\/uj.adatbank.ro\/lexikon\/wp-json\/wp\/v2\/product_tag?post=11756"}],"curies":[{"name":"wp","href":"https:\/\/api.w.org\/{rel}","templated":true}]}}