{"id":11757,"date":"2025-06-29T14:04:01","date_gmt":"2025-06-29T12:04:01","guid":{"rendered":"https:\/\/uj.adatbank.ro\/lexikon\/termek\/keresztes-arpad-csikbanfalvi\/"},"modified":"2025-06-29T14:04:01","modified_gmt":"2025-06-29T12:04:01","slug":"keresztes-arpad-csikbanfalvi","status":"publish","type":"product","link":"https:\/\/uj.adatbank.ro\/lexikon\/termek\/keresztes-arpad-csikbanfalvi\/","title":{"rendered":"KERESZTES \u00c1rp\u00e1d, cs\u00edkb\u00e1nfalvi"},"content":{"rendered":"<p>Mv., 1901. febr. 14., \u2020 B\u00e9cs, 1982.: alezredes. \u2013 Alezredes (1942. szept. 30. \u2013), majd ezredparancsnoki tanfolyamon vett r\u00e9szt (1944), a p\u00e1nc\u00e9lvad\u00e1sz-z\u00e1szl\u00f3alj parancsnoka (1945). A r\u00e9szt vett a cseh partiz\u00e1nmozgalomban. Veszpr\u00e9m az ottona. <br \/><strong>Irod.:<\/strong> Berekm\u00e9ri 2015<\/br><\/p>\n","protected":false},"excerpt":{"rendered":"<p>Mv., 1901. febr. 14., \u2020 B\u00e9cs, 1982.: alezredes. \u2013 Alezredes (1942. szept. 30. \u2013), majd ezredparancsnoki tanfolyamon vett r\u00e9szt (1944), a p\u00e1nc\u00e9lvad\u00e1sz-z\u00e1szl\u00f3alj parancsnoka (1945). A r\u00e9szt vett a cseh partiz\u00e1nmozgalomban. Veszpr\u00e9m az ottona. Irod.: Berekm\u00e9ri 2015<\/p>\n","protected":false},"featured_media":0,"comment_status":"open","ping_status":"closed","template":"","meta":[],"product_brand":[],"product_cat":[137],"product_tag":[],"class_list":{"0":"post-11757","1":"product","2":"type-product","3":"status-publish","5":"product_cat-maros-megyei-eletrajzi-lexikon","7":"first","8":"instock","9":"shipping-taxable","10":"product-type-simple"},"_links":{"self":[{"href":"https:\/\/uj.adatbank.ro\/lexikon\/wp-json\/wp\/v2\/product\/11757","targetHints":{"allow":["GET"]}}],"collection":[{"href":"https:\/\/uj.adatbank.ro\/lexikon\/wp-json\/wp\/v2\/product"}],"about":[{"href":"https:\/\/uj.adatbank.ro\/lexikon\/wp-json\/wp\/v2\/types\/product"}],"replies":[{"embeddable":true,"href":"https:\/\/uj.adatbank.ro\/lexikon\/wp-json\/wp\/v2\/comments?post=11757"}],"wp:attachment":[{"href":"https:\/\/uj.adatbank.ro\/lexikon\/wp-json\/wp\/v2\/media?parent=11757"}],"wp:term":[{"taxonomy":"product_brand","embeddable":true,"href":"https:\/\/uj.adatbank.ro\/lexikon\/wp-json\/wp\/v2\/product_brand?post=11757"},{"taxonomy":"product_cat","embeddable":true,"href":"https:\/\/uj.adatbank.ro\/lexikon\/wp-json\/wp\/v2\/product_cat?post=11757"},{"taxonomy":"product_tag","embeddable":true,"href":"https:\/\/uj.adatbank.ro\/lexikon\/wp-json\/wp\/v2\/product_tag?post=11757"}],"curies":[{"name":"wp","href":"https:\/\/api.w.org\/{rel}","templated":true}]}}