{"id":11762,"date":"2025-06-29T14:04:10","date_gmt":"2025-06-29T12:04:10","guid":{"rendered":"https:\/\/uj.adatbank.ro\/lexikon\/termek\/keresztes-denes-2\/"},"modified":"2025-06-29T14:04:10","modified_gmt":"2025-06-29T12:04:10","slug":"keresztes-denes-2","status":"publish","type":"product","link":"https:\/\/uj.adatbank.ro\/lexikon\/termek\/keresztes-denes-2\/","title":{"rendered":"KERESZTES D\u00e9nes"},"content":{"rendered":"<p>Cs\u00edkszereda, 1945. dec. 18. \u2020 Bp., 1996. szept. 20. A mv.-i ref. temet\u0151ben nyugszik: gy\u00f3gypedag\u00f3gus, pszichol\u00f3gus, szerk. \u2013 K\u00f6z\u00e9piskol\u00e1it Sz\u00e9kelyudvarhelyen \u00e9s Mv.-en v\u00e9gezte. Filoz\u00f3fia-pszichol\u00f3gia-pedag\u00f3gi\u00e1b\u00f3l a BBTE-en szerzett oklevelet (1968). Dolgozott Brass\u00f3ban mint a Brass\u00f3i Lapok szerkeszt\u0151je, Szatm\u00e1ron gy\u00f3gypedag\u00f3gus, Nagyk\u00e1rolyban tan\u00e1r a tan\u00edt\u00f3k\u00e9pz\u0151ben; Mv.-en logop\u00e9dus (1978\u201390); az Erd\u00e9lyi Figyel\u0151 szerkeszt\u0151je (1990. j\u00fan. \u2013), f\u0151szerkeszt\u0151 helyettese (1. sz., 1992. \u2013 1. sz. 1994.). A Custos kiad\u00f3 igazgat\u00f3ja hal\u00e1l\u00e1ig (1993\u201396). Az \u00fajraalakult KZST alap\u00edt\u00f3 tagja (1990\u2013). K\u00f6z\u00f6lt: Ifj\u00famunk\u00e1s, Igaz Sz\u00f3, V. Z., N\u00fa., Utunk-ban. M\u00daRE tag. <br \/><strong>Irod.:<\/strong> RMKK, \u00dajs\u00e1g. \u00c9vk. (1995); (th.): Besti\u00e1lis t\u00e1mad\u00e1s a Custos Kiad\u00f3 igazgat\u00f3ja ellen (N\u00fa., 1996. m\u00e1j. 4.); [Nekrol\u00f3g] (N\u00fa., 1996. okt. 17.)<\/br><\/p>\n","protected":false},"excerpt":{"rendered":"<p>Cs\u00edkszereda, 1945. dec. 18. \u2020 Bp., 1996. szept. 20. A mv.-i ref. temet\u0151ben nyugszik: gy\u00f3gypedag\u00f3gus, pszichol\u00f3gus, szerk. \u2013 K\u00f6z\u00e9piskol\u00e1it Sz\u00e9kelyudvarhelyen \u00e9s Mv.-en v\u00e9gezte. Filoz\u00f3fia-pszichol\u00f3gia-pedag\u00f3gi\u00e1b\u00f3l a BBTE-en szerzett oklevelet (1968). Dolgozott Brass\u00f3ban mint a Brass\u00f3i Lapok szerkeszt\u0151je, Szatm\u00e1ron gy\u00f3gypedag\u00f3gus, Nagyk\u00e1rolyban tan\u00e1r a tan\u00edt\u00f3k\u00e9pz\u0151ben; Mv.-en logop\u00e9dus (1978\u201390); az Erd\u00e9lyi Figyel\u0151 szerkeszt\u0151je (1990. j\u00fan. \u2013), f\u0151szerkeszt\u0151 helyettese (1. [&hellip;]<\/p>\n","protected":false},"featured_media":0,"comment_status":"open","ping_status":"closed","template":"","meta":[],"product_brand":[],"product_cat":[137],"product_tag":[],"class_list":{"0":"post-11762","1":"product","2":"type-product","3":"status-publish","5":"product_cat-maros-megyei-eletrajzi-lexikon","7":"first","8":"instock","9":"shipping-taxable","10":"product-type-simple"},"_links":{"self":[{"href":"https:\/\/uj.adatbank.ro\/lexikon\/wp-json\/wp\/v2\/product\/11762","targetHints":{"allow":["GET"]}}],"collection":[{"href":"https:\/\/uj.adatbank.ro\/lexikon\/wp-json\/wp\/v2\/product"}],"about":[{"href":"https:\/\/uj.adatbank.ro\/lexikon\/wp-json\/wp\/v2\/types\/product"}],"replies":[{"embeddable":true,"href":"https:\/\/uj.adatbank.ro\/lexikon\/wp-json\/wp\/v2\/comments?post=11762"}],"wp:attachment":[{"href":"https:\/\/uj.adatbank.ro\/lexikon\/wp-json\/wp\/v2\/media?parent=11762"}],"wp:term":[{"taxonomy":"product_brand","embeddable":true,"href":"https:\/\/uj.adatbank.ro\/lexikon\/wp-json\/wp\/v2\/product_brand?post=11762"},{"taxonomy":"product_cat","embeddable":true,"href":"https:\/\/uj.adatbank.ro\/lexikon\/wp-json\/wp\/v2\/product_cat?post=11762"},{"taxonomy":"product_tag","embeddable":true,"href":"https:\/\/uj.adatbank.ro\/lexikon\/wp-json\/wp\/v2\/product_tag?post=11762"}],"curies":[{"name":"wp","href":"https:\/\/api.w.org\/{rel}","templated":true}]}}