{"id":11763,"date":"2025-06-29T14:04:11","date_gmt":"2025-06-29T12:04:11","guid":{"rendered":"https:\/\/uj.adatbank.ro\/lexikon\/termek\/keresztes-eva\/"},"modified":"2025-06-29T14:04:11","modified_gmt":"2025-06-29T12:04:11","slug":"keresztes-eva","status":"publish","type":"product","link":"https:\/\/uj.adatbank.ro\/lexikon\/termek\/keresztes-eva\/","title":{"rendered":"KERESZTES \u00c9va"},"content":{"rendered":"<p>Mv., 1934., \u2020 Mv., 1983: orvos. \u2013 F\u00e9rje Veres \u00c1rp\u00e1d, orvos. \u2013 Eg\u00e9szs\u00e9g\u00fcgyi k\u00f6z\u00e9piskol\u00e1ban v\u00e9gzett \u00e9s \u00e9retts\u00e9gizett, a MOGYI orvosi kar\u00e1n v\u00e9gzett (1959). Orvos Cs\u00edkszered\u00e1ban a Sanepidn\u00e9l, Parajdon k\u00f6rzeti orvos k\u00f6z\u00f6sen a f\u00e9rj\u00e9vel, a s\u00f3b\u00e1nyai ter\u00e1pi\u00e1s kezel\u00e9seket is ell\u00e1t\u00e1k. H\u00e1zass\u00e1ga felbomlott. Hosszas ideig volt betegnyugd\u00edjas. <br \/><strong>Irod.:<\/strong> Kiss-P. &#8211; P; Nagy L.<\/br><\/p>\n","protected":false},"excerpt":{"rendered":"<p>Mv., 1934., \u2020 Mv., 1983: orvos. \u2013 F\u00e9rje Veres \u00c1rp\u00e1d, orvos. \u2013 Eg\u00e9szs\u00e9g\u00fcgyi k\u00f6z\u00e9piskol\u00e1ban v\u00e9gzett \u00e9s \u00e9retts\u00e9gizett, a MOGYI orvosi kar\u00e1n v\u00e9gzett (1959). Orvos Cs\u00edkszered\u00e1ban a Sanepidn\u00e9l, Parajdon k\u00f6rzeti orvos k\u00f6z\u00f6sen a f\u00e9rj\u00e9vel, a s\u00f3b\u00e1nyai ter\u00e1pi\u00e1s kezel\u00e9seket is ell\u00e1t\u00e1k. H\u00e1zass\u00e1ga felbomlott. Hosszas ideig volt betegnyugd\u00edjas. Irod.: Kiss-P. &#8211; P; Nagy L.<\/p>\n","protected":false},"featured_media":0,"comment_status":"open","ping_status":"closed","template":"","meta":[],"product_brand":[],"product_cat":[137],"product_tag":[],"class_list":{"0":"post-11763","1":"product","2":"type-product","3":"status-publish","5":"product_cat-maros-megyei-eletrajzi-lexikon","7":"first","8":"instock","9":"shipping-taxable","10":"product-type-simple"},"_links":{"self":[{"href":"https:\/\/uj.adatbank.ro\/lexikon\/wp-json\/wp\/v2\/product\/11763","targetHints":{"allow":["GET"]}}],"collection":[{"href":"https:\/\/uj.adatbank.ro\/lexikon\/wp-json\/wp\/v2\/product"}],"about":[{"href":"https:\/\/uj.adatbank.ro\/lexikon\/wp-json\/wp\/v2\/types\/product"}],"replies":[{"embeddable":true,"href":"https:\/\/uj.adatbank.ro\/lexikon\/wp-json\/wp\/v2\/comments?post=11763"}],"wp:attachment":[{"href":"https:\/\/uj.adatbank.ro\/lexikon\/wp-json\/wp\/v2\/media?parent=11763"}],"wp:term":[{"taxonomy":"product_brand","embeddable":true,"href":"https:\/\/uj.adatbank.ro\/lexikon\/wp-json\/wp\/v2\/product_brand?post=11763"},{"taxonomy":"product_cat","embeddable":true,"href":"https:\/\/uj.adatbank.ro\/lexikon\/wp-json\/wp\/v2\/product_cat?post=11763"},{"taxonomy":"product_tag","embeddable":true,"href":"https:\/\/uj.adatbank.ro\/lexikon\/wp-json\/wp\/v2\/product_tag?post=11763"}],"curies":[{"name":"wp","href":"https:\/\/api.w.org\/{rel}","templated":true}]}}