{"id":11764,"date":"2025-06-29T14:04:14","date_gmt":"2025-06-29T12:04:14","guid":{"rendered":"https:\/\/uj.adatbank.ro\/lexikon\/termek\/keresztes-ferenc\/"},"modified":"2025-06-29T14:04:14","modified_gmt":"2025-06-29T12:04:14","slug":"keresztes-ferenc","status":"publish","type":"product","link":"https:\/\/uj.adatbank.ro\/lexikon\/termek\/keresztes-ferenc\/","title":{"rendered":"KERESZTES Ferenc"},"content":{"rendered":"<p>Cs\u00edkszentgy\u00f6rgy, ?, \u2020 1808. jan. 2.: r. k. pap. \u2013 Kv.-on \u00e9s Gyulafeh\u00e9rv\u00e1ron tanult (1771\u201374). Papp\u00e1 szentelt\u00e9k (1773. okt. 10.). Pl\u00e9b\u00e1nos Sz\u00e1rhegyen (1779), Sz\u00e1szr\u00e9genben (1795\u20131803), Atyh\u00e1n (1803). <br \/><strong>Irod.:<\/strong> Ferenczi S\u00e1ndor 2009<\/br><\/p>\n","protected":false},"excerpt":{"rendered":"<p>Cs\u00edkszentgy\u00f6rgy, ?, \u2020 1808. jan. 2.: r. k. pap. \u2013 Kv.-on \u00e9s Gyulafeh\u00e9rv\u00e1ron tanult (1771\u201374). Papp\u00e1 szentelt\u00e9k (1773. okt. 10.). Pl\u00e9b\u00e1nos Sz\u00e1rhegyen (1779), Sz\u00e1szr\u00e9genben (1795\u20131803), Atyh\u00e1n (1803). Irod.: Ferenczi S\u00e1ndor 2009<\/p>\n","protected":false},"featured_media":0,"comment_status":"open","ping_status":"closed","template":"","meta":[],"product_brand":[],"product_cat":[137],"product_tag":[],"class_list":{"0":"post-11764","1":"product","2":"type-product","3":"status-publish","5":"product_cat-maros-megyei-eletrajzi-lexikon","7":"first","8":"instock","9":"shipping-taxable","10":"product-type-simple"},"_links":{"self":[{"href":"https:\/\/uj.adatbank.ro\/lexikon\/wp-json\/wp\/v2\/product\/11764","targetHints":{"allow":["GET"]}}],"collection":[{"href":"https:\/\/uj.adatbank.ro\/lexikon\/wp-json\/wp\/v2\/product"}],"about":[{"href":"https:\/\/uj.adatbank.ro\/lexikon\/wp-json\/wp\/v2\/types\/product"}],"replies":[{"embeddable":true,"href":"https:\/\/uj.adatbank.ro\/lexikon\/wp-json\/wp\/v2\/comments?post=11764"}],"wp:attachment":[{"href":"https:\/\/uj.adatbank.ro\/lexikon\/wp-json\/wp\/v2\/media?parent=11764"}],"wp:term":[{"taxonomy":"product_brand","embeddable":true,"href":"https:\/\/uj.adatbank.ro\/lexikon\/wp-json\/wp\/v2\/product_brand?post=11764"},{"taxonomy":"product_cat","embeddable":true,"href":"https:\/\/uj.adatbank.ro\/lexikon\/wp-json\/wp\/v2\/product_cat?post=11764"},{"taxonomy":"product_tag","embeddable":true,"href":"https:\/\/uj.adatbank.ro\/lexikon\/wp-json\/wp\/v2\/product_tag?post=11764"}],"curies":[{"name":"wp","href":"https:\/\/api.w.org\/{rel}","templated":true}]}}