{"id":11765,"date":"2025-06-29T14:04:16","date_gmt":"2025-06-29T12:04:16","guid":{"rendered":"https:\/\/uj.adatbank.ro\/lexikon\/termek\/keresztes-gyula\/"},"modified":"2025-06-29T14:04:16","modified_gmt":"2025-06-29T12:04:16","slug":"keresztes-gyula","status":"publish","type":"product","link":"https:\/\/uj.adatbank.ro\/lexikon\/termek\/keresztes-gyula\/","title":{"rendered":"KERESZTES Gyula"},"content":{"rendered":"<p>Mv., 1921. aug. 7. \u2020 Mv., 2015. jan. 10. m\u0171\u00e9p\u00edt\u00e9sz, tan\u00e1r. \u2013 A k\u00f6z\u00e9piskol\u00e1t Mv.-en a Ref. Koll.-ban v\u00e9gezte (1940). Vit\u00e9zi avat\u00e1sa: 1943. j\u00fan. 11. Bp.-en a J\u00f3zsef N\u00e1dor M\u0171szaki Egyetem \u00c9p\u00edt\u00e9szm\u00e9rn\u00f6ki kar\u00e1n szerzett oklevelet (1944). \u00d3raad\u00f3 tan\u00e1r a mv.-i Tan\u00edt\u00f3k\u00e9pz\u00f6ben (1944\u201345); az OGYI m\u0171szaki oszt vezet\u0151je (1945\u201346); a Bp-i. F\u0151v\u00e1rosi Tervez\u0151int\u00e9zet irod\u00e1j\u00e1ban, majd a K\u00f6zponti \u00c9p\u00edt\u00e9si V\u00e1llalatn\u00e1l dolgozoptt (1948\u201350); a mv.-i V\u00e1rosi N\u00e9ptan\u00e1cs \u00e9p\u00edt\u00e9szeti oszt\u00e1ly\u00e1nak \u00e9p\u00edt\u00e9sz-tervez\u0151je (1950\u201355), oszt\u00e1lyvezet\u0151 f\u0151\u00e9p\u00edt\u00e9sze (1955\u201358). Az \u00c9p\u00edt\u00e9szeti Technikum tan\u00e1ra (1951\u201366); a Marosmegyei Tervez\u0151int\u00e9zet f\u0151tervez\u0151je (1958\u201381). Kutat\u00e1si ter\u00fclete: Marosmegye m\u0171eml\u00e9k\u00e9p\u00fcletei, helyre\u00e1ll\u00edt\u00e1suk, t\u00f6bb \u00e9p\u00fclet helyre\u00e1ll\u00edt\u00e1s\u00e1nak vezet\u0151je (1955\u201356), a m.-i r\u00e1di\u00f3 magyar ad\u00e1s\u00e1ban ismeretterjeszt\u0151 el\u0151ad\u00e1sokat tartott (1963\u201379, 1990-Mv. \u00e9p\u00edt\u00e9szete sorozat), tagja a SZEFE Marossz\u00e9k csoportj\u00e1nak (1940\u201344), a Magyaro. M\u00e9rn\u00f6k\u00f6k \u00e9s \u00c9p\u00edt\u00e9szek Egyes\u00fclet\u00e9nek, a Rom\u00e1n \u00c9p\u00edt\u00e9szek Sz\u00f6vets\u00e9g\u00e9nek. A Ref. koll. \u00d6regdi\u00e1kok Bar\u00e1ti K\u00f6re vezet\u0151s\u00e9gi tagja, a Bern\u00e1dy Gy\u00f6rgy alap\u00edtv\u00e1ny kurat\u00f3riumi tagja, az EMKE tagja, egyh\u00e1zi m\u0171szaki szaktan\u00e1csad\u00f3. Kit\u0171ntet\u00e9sei: Debreceni L\u00e1szl\u00f3 eml\u00e9k\u00e9rem, a Kelemen Lajos M\u0171eml\u00e9kv\u00e9d\u0151 T\u00e1rsas\u00e1g d\u00edja, Mv. d\u00edszpolg\u00e1ra (1997). Cikkeii k\u00f6z\u00f6lte: A Sz\u00e9kelykereszt\u00fari M\u00fazeum eml\u00e9kk\u00f6nyve, M\u0171eml\u00e9kv\u00e9delem, A H\u00e9t, Rom\u00e1niai Magyar Sz\u00f3, N\u00e9p\u00fajs\u00e1g. \u2013 <strong>F. m.:<\/strong> A gyergy\u00f3sz\u00e1rhegyi kast\u00e9ly ismertet\u00e9se \u00e9s helyre\u00e1ll\u00edt\u00e1sa (M\u0171eml\u00e9kv\u00e9delem, 1974); A sz\u00e9kelykereszt\u00fari r\u00f3m. kat. templom helyre\u00e1ll\u00edt\u00e1sa (M\u0171eml\u00e9kv\u00e9delem, 1976); K\u00f3s K\u00e1roly-eml\u00e9kf\u00fczet: Az \u00e9p\u00edt\u00e9sz K\u00f3s K\u00e1roly (1993); Maros megyei kast\u00e9lyok \u00e9s udvarh\u00e1zak (Mv., 1995); V\u00e1s\u00e1rhelyen v\u00e1s\u00e1r tartatik (Kv., 1996), Marosv\u00e1s\u00e1rhely r\u00e9gi \u00e9p\u00fcletei (Mv., 1998), Marosv\u00e1s\u00e1rhely szecesszi\u00f3s \u00e9p\u00fcletei (Mv., 2000); Maros megye k\u00f6z\u00e9pkori templomai (2011); <strong>t\u00e1rssz.:<\/strong> Er\u0151s v\u00e1runk: Koll\u00e9giumi zsebk\u00f6nyv (Mv., 1993); K\u00f3s K\u00e1roly Alap\u00edtv\u00e1ny (Mv., 1993); Az \u00e9p\u00edt\u00e9sz K\u00f3s K\u00e1roly (Mv., 1995); Maros megyei kast\u00e9lyok \u00e9s udvarh\u00e1zak (Mv., 1995); K\u00f3s K\u00e1roly egyetemess\u00e9ge fel\u00e9 (Mv., 1995); K\u00f3s K\u00e1roly egyetemess\u00e9ge (Mv., 1996); Marosv\u00e1s\u00e1rhely m\u0171eml\u00e9kei (Mv., 1996); M\u0171eml\u00e9kv\u00e9delem \u00e9s k\u00f6rnyezev\u00e9delem (Mv., 1997); Bern\u00e1dy Gy\u00f6rgy eml\u00e9kezete (Mv., 1999); Mileneumi megeml\u00e9kez\u00e9s (Mv., 2000); \u00daj vil\u00e1got teremteni a r\u00e9giben (Mv., 2000). <br \/><strong>Irod.:<\/strong> Berekm\u00e9ri\u2013Nemes; EMKK 2000; Gy\u00e1rf\u00e1s 2013, ; KKACs; KM\u00cd; Nagyjaink; N\u00fa (1998. j\u00fan. 5.); RMKK; Todea\u2013F\u00fcl\u00f6p\u2013Avram<\/br><\/p>\n","protected":false},"excerpt":{"rendered":"<p>Mv., 1921. aug. 7. \u2020 Mv., 2015. jan. 10. m\u0171\u00e9p\u00edt\u00e9sz, tan\u00e1r. \u2013 A k\u00f6z\u00e9piskol\u00e1t Mv.-en a Ref. Koll.-ban v\u00e9gezte (1940). Vit\u00e9zi avat\u00e1sa: 1943. j\u00fan. 11. Bp.-en a J\u00f3zsef N\u00e1dor M\u0171szaki Egyetem \u00c9p\u00edt\u00e9szm\u00e9rn\u00f6ki kar\u00e1n szerzett oklevelet (1944). \u00d3raad\u00f3 tan\u00e1r a mv.-i Tan\u00edt\u00f3k\u00e9pz\u00f6ben (1944\u201345); az OGYI m\u0171szaki oszt vezet\u0151je (1945\u201346); a Bp-i. F\u0151v\u00e1rosi Tervez\u0151int\u00e9zet irod\u00e1j\u00e1ban, majd a [&hellip;]<\/p>\n","protected":false},"featured_media":0,"comment_status":"open","ping_status":"closed","template":"","meta":[],"product_brand":[],"product_cat":[137],"product_tag":[],"class_list":{"0":"post-11765","1":"product","2":"type-product","3":"status-publish","5":"product_cat-maros-megyei-eletrajzi-lexikon","7":"first","8":"instock","9":"shipping-taxable","10":"product-type-simple"},"_links":{"self":[{"href":"https:\/\/uj.adatbank.ro\/lexikon\/wp-json\/wp\/v2\/product\/11765","targetHints":{"allow":["GET"]}}],"collection":[{"href":"https:\/\/uj.adatbank.ro\/lexikon\/wp-json\/wp\/v2\/product"}],"about":[{"href":"https:\/\/uj.adatbank.ro\/lexikon\/wp-json\/wp\/v2\/types\/product"}],"replies":[{"embeddable":true,"href":"https:\/\/uj.adatbank.ro\/lexikon\/wp-json\/wp\/v2\/comments?post=11765"}],"wp:attachment":[{"href":"https:\/\/uj.adatbank.ro\/lexikon\/wp-json\/wp\/v2\/media?parent=11765"}],"wp:term":[{"taxonomy":"product_brand","embeddable":true,"href":"https:\/\/uj.adatbank.ro\/lexikon\/wp-json\/wp\/v2\/product_brand?post=11765"},{"taxonomy":"product_cat","embeddable":true,"href":"https:\/\/uj.adatbank.ro\/lexikon\/wp-json\/wp\/v2\/product_cat?post=11765"},{"taxonomy":"product_tag","embeddable":true,"href":"https:\/\/uj.adatbank.ro\/lexikon\/wp-json\/wp\/v2\/product_tag?post=11765"}],"curies":[{"name":"wp","href":"https:\/\/api.w.org\/{rel}","templated":true}]}}