{"id":11766,"date":"2025-06-29T14:04:18","date_gmt":"2025-06-29T12:04:18","guid":{"rendered":"https:\/\/uj.adatbank.ro\/lexikon\/termek\/keresztes-gyula-id\/"},"modified":"2025-06-29T14:04:18","modified_gmt":"2025-06-29T12:04:18","slug":"keresztes-gyula-id","status":"publish","type":"product","link":"https:\/\/uj.adatbank.ro\/lexikon\/termek\/keresztes-gyula-id\/","title":{"rendered":"KERESZTES Gyula, id."},"content":{"rendered":"<p>R\u00e9v, 1896. j\u00fan. 15., \u2020 Mv., 1979. okt. 20.: szobafest\u0151. \u2013 Szobafest\u0151, m\u00e1zol\u00f3. Tartal\u00e9kos \u0151rmester. Alakulata a cs. \u00e9s kir. 37. Gyalogezred. <strong>Kit\u00fcntet\u00e9sei:<\/strong> O1, OB, Kcsk, Katonai Leg\u00e9nys\u00e9gi Szolg\u00e1lati Jel III. oszt\u00e1lya; vit\u00e9zi avat\u00e1sa: 1942. j\u00fan. 18. <br \/><strong>Irod.:<\/strong> Berekm\u00e9ri\u2013Nemes; Csekme; Kir\u00e1ly Kinga J.<\/br><\/p>\n","protected":false},"excerpt":{"rendered":"<p>R\u00e9v, 1896. j\u00fan. 15., \u2020 Mv., 1979. okt. 20.: szobafest\u0151. \u2013 Szobafest\u0151, m\u00e1zol\u00f3. Tartal\u00e9kos \u0151rmester. Alakulata a cs. \u00e9s kir. 37. Gyalogezred. Kit\u00fcntet\u00e9sei: O1, OB, Kcsk, Katonai Leg\u00e9nys\u00e9gi Szolg\u00e1lati Jel III. oszt\u00e1lya; vit\u00e9zi avat\u00e1sa: 1942. j\u00fan. 18. Irod.: Berekm\u00e9ri\u2013Nemes; Csekme; Kir\u00e1ly Kinga J.<\/p>\n","protected":false},"featured_media":0,"comment_status":"open","ping_status":"closed","template":"","meta":[],"product_brand":[],"product_cat":[137],"product_tag":[],"class_list":{"0":"post-11766","1":"product","2":"type-product","3":"status-publish","5":"product_cat-maros-megyei-eletrajzi-lexikon","7":"first","8":"instock","9":"shipping-taxable","10":"product-type-simple"},"_links":{"self":[{"href":"https:\/\/uj.adatbank.ro\/lexikon\/wp-json\/wp\/v2\/product\/11766","targetHints":{"allow":["GET"]}}],"collection":[{"href":"https:\/\/uj.adatbank.ro\/lexikon\/wp-json\/wp\/v2\/product"}],"about":[{"href":"https:\/\/uj.adatbank.ro\/lexikon\/wp-json\/wp\/v2\/types\/product"}],"replies":[{"embeddable":true,"href":"https:\/\/uj.adatbank.ro\/lexikon\/wp-json\/wp\/v2\/comments?post=11766"}],"wp:attachment":[{"href":"https:\/\/uj.adatbank.ro\/lexikon\/wp-json\/wp\/v2\/media?parent=11766"}],"wp:term":[{"taxonomy":"product_brand","embeddable":true,"href":"https:\/\/uj.adatbank.ro\/lexikon\/wp-json\/wp\/v2\/product_brand?post=11766"},{"taxonomy":"product_cat","embeddable":true,"href":"https:\/\/uj.adatbank.ro\/lexikon\/wp-json\/wp\/v2\/product_cat?post=11766"},{"taxonomy":"product_tag","embeddable":true,"href":"https:\/\/uj.adatbank.ro\/lexikon\/wp-json\/wp\/v2\/product_tag?post=11766"}],"curies":[{"name":"wp","href":"https:\/\/api.w.org\/{rel}","templated":true}]}}