{"id":11767,"date":"2025-06-29T14:04:21","date_gmt":"2025-06-29T12:04:21","guid":{"rendered":"https:\/\/uj.adatbank.ro\/lexikon\/termek\/keresztes-janos\/"},"modified":"2025-06-29T14:04:21","modified_gmt":"2025-06-29T12:04:21","slug":"keresztes-janos","status":"publish","type":"product","link":"https:\/\/uj.adatbank.ro\/lexikon\/termek\/keresztes-janos\/","title":{"rendered":"KERESZTES J\u00e1nos"},"content":{"rendered":"<p>Gyergy\u00f3szentmikl\u00f3s, 1749. jan. 12., \u2020 1844. febr. 19.: r. k. pl\u00e9b\u00e1nos. \u2013 Kv.-on (1767\u201375) \u00e9s Gyulafeh\u00e9rv\u00e1ron tanult. Papp\u00e1 szentelt\u00e9k (1775. okt. 1.). Pl\u00e9b\u00e1nos Mv.-en, Egrest\u0151n (1778), majd k\u00e1pl\u00e1n Kv. -on. Pl\u00e9b\u00e1nos Kozm\u00e1son (1794), Teker\u0151patakon (1811), Gyergy\u00f3t\u00f6lgyesen (1825\u201326). Az egrest\u0151i pl\u00e9b\u00e1ni\u00e1ra hagyta t\u00f6bb k\u00f6nyv\u00e9t (1843). <br \/><strong>Irod.:<\/strong> Barab\u00e1s Kisanna: A mv.-i Egyh\u00e1zm\u0171v\u00e9szeti M\u00fazeum mag\u00e1n\u00e1h\u00edtatra serkent\u0151 18. sz.-i szentk\u00e9pei =  St\u00edlusok, m\u0171vek, mesterek; Ferenczi S\u00e1ndor 2009<\/br><\/p>\n","protected":false},"excerpt":{"rendered":"<p>Gyergy\u00f3szentmikl\u00f3s, 1749. jan. 12., \u2020 1844. febr. 19.: r. k. pl\u00e9b\u00e1nos. \u2013 Kv.-on (1767\u201375) \u00e9s Gyulafeh\u00e9rv\u00e1ron tanult. Papp\u00e1 szentelt\u00e9k (1775. okt. 1.). Pl\u00e9b\u00e1nos Mv.-en, Egrest\u0151n (1778), majd k\u00e1pl\u00e1n Kv. -on. Pl\u00e9b\u00e1nos Kozm\u00e1son (1794), Teker\u0151patakon (1811), Gyergy\u00f3t\u00f6lgyesen (1825\u201326). Az egrest\u0151i pl\u00e9b\u00e1ni\u00e1ra hagyta t\u00f6bb k\u00f6nyv\u00e9t (1843). Irod.: Barab\u00e1s Kisanna: A mv.-i Egyh\u00e1zm\u0171v\u00e9szeti M\u00fazeum mag\u00e1n\u00e1h\u00edtatra serkent\u0151 18. sz.-i [&hellip;]<\/p>\n","protected":false},"featured_media":0,"comment_status":"open","ping_status":"closed","template":"","meta":[],"product_brand":[],"product_cat":[137],"product_tag":[],"class_list":{"0":"post-11767","1":"product","2":"type-product","3":"status-publish","5":"product_cat-maros-megyei-eletrajzi-lexikon","7":"first","8":"instock","9":"shipping-taxable","10":"product-type-simple"},"_links":{"self":[{"href":"https:\/\/uj.adatbank.ro\/lexikon\/wp-json\/wp\/v2\/product\/11767","targetHints":{"allow":["GET"]}}],"collection":[{"href":"https:\/\/uj.adatbank.ro\/lexikon\/wp-json\/wp\/v2\/product"}],"about":[{"href":"https:\/\/uj.adatbank.ro\/lexikon\/wp-json\/wp\/v2\/types\/product"}],"replies":[{"embeddable":true,"href":"https:\/\/uj.adatbank.ro\/lexikon\/wp-json\/wp\/v2\/comments?post=11767"}],"wp:attachment":[{"href":"https:\/\/uj.adatbank.ro\/lexikon\/wp-json\/wp\/v2\/media?parent=11767"}],"wp:term":[{"taxonomy":"product_brand","embeddable":true,"href":"https:\/\/uj.adatbank.ro\/lexikon\/wp-json\/wp\/v2\/product_brand?post=11767"},{"taxonomy":"product_cat","embeddable":true,"href":"https:\/\/uj.adatbank.ro\/lexikon\/wp-json\/wp\/v2\/product_cat?post=11767"},{"taxonomy":"product_tag","embeddable":true,"href":"https:\/\/uj.adatbank.ro\/lexikon\/wp-json\/wp\/v2\/product_tag?post=11767"}],"curies":[{"name":"wp","href":"https:\/\/api.w.org\/{rel}","templated":true}]}}