{"id":11769,"date":"2025-06-29T14:04:25","date_gmt":"2025-06-29T12:04:25","guid":{"rendered":"https:\/\/uj.adatbank.ro\/lexikon\/termek\/keresztes-jozsef-sarpataki-gr\/"},"modified":"2025-06-29T14:04:25","modified_gmt":"2025-06-29T12:04:25","slug":"keresztes-jozsef-sarpataki-gr","status":"publish","type":"product","link":"https:\/\/uj.adatbank.ro\/lexikon\/termek\/keresztes-jozsef-sarpataki-gr\/","title":{"rendered":"KERESZTES J\u00f3zsef, s\u00e1rpataki gr."},"content":{"rendered":"<p>? \u2020 ?: \u00fcgyv\u00e9d, f\u0151isp\u00e1n. \u2014Kis-K\u00fck\u00fcll\u0151 vm. f\u0151isp\u00e1nja (1721\u201329). V\u00e1rhegyen \u00e9p\u00edtette barokk st\u00edlus\u00fa kast\u00e9ly\u00e1t (1725), amely romoss\u00e1 v\u00e1lt a 19. sz. elej\u00e9n, anyag\u00e1b\u00f3l G\u00e1ti G\u00e1bor \u00e9p\u00edtetett udvarh\u00e1zat. A mv.-i v\u00e1rban lev\u0151 h\u00e1z\u00e1t (1726) a Firtos hegyr\u0151l betelepedett minorit\u00e1knak adom\u00e1nyozta. Amikor az osztr\u00e1k v\u00e1rparancsnok a rend tagjait a v\u00e1r ter\u00fclet\u00e9r\u0151l ki\u0171zte, Udvarfalv\u00e1n, egyik udvarh\u00e1z\u00e1ban adott nekik helyet, am\u00edg fel\u00e9p\u00fclt a Nagypiac feletti magaslaton (a mai K\u00f6teles S\u00e1muel u. 4. sz), a templomuk (1740\u201367). <br \/><strong>Irod.:<\/strong> Fodor S\u00e1ndor (S.): A Minorita \u00e9s a Ferenc-rendi templomok eml\u00e9kt\u00e1bl\u00e1i (N\u00fa., Sz\u00ednes Vil\u00e1g, 2008. \u00e1pr. 12.); Gaali; Keresztes Gyula: A Minorit\u00e1k temploma \u00e9s rendh\u00e1za (N\u00fa., 1990. nov. 16.); Keresztes Gyula: \u00d6r\u00f6ks\u00e9g\u00fcnk 36.: V\u00e1rhegy v\u00e1ra, kast\u00e9lyai, udvarh\u00e1za (N\u00fa., 1993. m\u00e1rc. 26.); Keresztes Gyula: \u00d6r\u00f6ks\u00e9g\u00fcnk 68.: Udvarh\u00e1zak a Maros jobb oldal\u00e1n (N\u00fa., 1994. nov. 26.); Kr\u00f3n. F\u00fcz. (1940. 4\/10); Man: Tg. M. 1.; Maros megye; Mo. f\u0151isp\u00e1njai; P\u00e1l-Antal 2003<\/br><\/p>\n","protected":false},"excerpt":{"rendered":"<p>? \u2020 ?: \u00fcgyv\u00e9d, f\u0151isp\u00e1n. \u2014Kis-K\u00fck\u00fcll\u0151 vm. f\u0151isp\u00e1nja (1721\u201329). V\u00e1rhegyen \u00e9p\u00edtette barokk st\u00edlus\u00fa kast\u00e9ly\u00e1t (1725), amely romoss\u00e1 v\u00e1lt a 19. sz. elej\u00e9n, anyag\u00e1b\u00f3l G\u00e1ti G\u00e1bor \u00e9p\u00edtetett udvarh\u00e1zat. A mv.-i v\u00e1rban lev\u0151 h\u00e1z\u00e1t (1726) a Firtos hegyr\u0151l betelepedett minorit\u00e1knak adom\u00e1nyozta. Amikor az osztr\u00e1k v\u00e1rparancsnok a rend tagjait a v\u00e1r ter\u00fclet\u00e9r\u0151l ki\u0171zte, Udvarfalv\u00e1n, egyik udvarh\u00e1z\u00e1ban adott nekik [&hellip;]<\/p>\n","protected":false},"featured_media":0,"comment_status":"open","ping_status":"closed","template":"","meta":[],"product_brand":[],"product_cat":[137],"product_tag":[],"class_list":{"0":"post-11769","1":"product","2":"type-product","3":"status-publish","5":"product_cat-maros-megyei-eletrajzi-lexikon","7":"first","8":"instock","9":"shipping-taxable","10":"product-type-simple"},"_links":{"self":[{"href":"https:\/\/uj.adatbank.ro\/lexikon\/wp-json\/wp\/v2\/product\/11769","targetHints":{"allow":["GET"]}}],"collection":[{"href":"https:\/\/uj.adatbank.ro\/lexikon\/wp-json\/wp\/v2\/product"}],"about":[{"href":"https:\/\/uj.adatbank.ro\/lexikon\/wp-json\/wp\/v2\/types\/product"}],"replies":[{"embeddable":true,"href":"https:\/\/uj.adatbank.ro\/lexikon\/wp-json\/wp\/v2\/comments?post=11769"}],"wp:attachment":[{"href":"https:\/\/uj.adatbank.ro\/lexikon\/wp-json\/wp\/v2\/media?parent=11769"}],"wp:term":[{"taxonomy":"product_brand","embeddable":true,"href":"https:\/\/uj.adatbank.ro\/lexikon\/wp-json\/wp\/v2\/product_brand?post=11769"},{"taxonomy":"product_cat","embeddable":true,"href":"https:\/\/uj.adatbank.ro\/lexikon\/wp-json\/wp\/v2\/product_cat?post=11769"},{"taxonomy":"product_tag","embeddable":true,"href":"https:\/\/uj.adatbank.ro\/lexikon\/wp-json\/wp\/v2\/product_tag?post=11769"}],"curies":[{"name":"wp","href":"https:\/\/api.w.org\/{rel}","templated":true}]}}