{"id":11770,"date":"2025-06-29T14:04:26","date_gmt":"2025-06-29T12:04:26","guid":{"rendered":"https:\/\/uj.adatbank.ro\/lexikon\/termek\/keresztes-lajos\/"},"modified":"2025-06-29T14:04:26","modified_gmt":"2025-06-29T12:04:26","slug":"keresztes-lajos","status":"publish","type":"product","link":"https:\/\/uj.adatbank.ro\/lexikon\/termek\/keresztes-lajos\/","title":{"rendered":"KERESZTES Lajos"},"content":{"rendered":"<p>Als\u00f3s\u00f3falva, 1900. \u00e1pr. 30., \u2020 Bp., 1978. aug. 9.: b\u00edrkoz\u00f3. \u2013 K. Luk\u00e1cs \u00e9s G\u00e1l Berta fia. \u2013 Gyermekkor\u00e1ban gyenge fizikum\u00fa volt, orvosi tan\u00e1csra kezdett sportolni, birk\u00f3zni. Apja m\u00e9sz\u00e1ros volt Parajdon \u00e9s fia Mv.-en tanult hentes \u00e9s m\u00e9sz\u00e1ros szakm\u00e1t. Bp. -re k\u00f6lt\u00f6z\u00f6tt 17 \u00e9ves kor\u00e1ban, ahol a k\u00f6zponti v\u00e1g\u00f3h\u00eddon dolgozott \u00e9s a H\u00fasos Sport Club sz\u00edneiben birk\u00f3zott. Egy \u00e9vig az \u00e9szaki fog\u00e1snemeket saj\u00e1titotta el Finno.-ban \u00e9s Sv\u00e9do. -ban. Majd Bp.-en a MAK (M. Atl\u00e9tikai Club) versenyz\u0151je volt. A megy\u00e9nk els\u0151 olimpiai bajnoka a k\u00f6t\u00f6tfog\u00e1s\u00fa birkoz\u00e1s k\u00f6nny\u00fc s\u00falycsoportj\u00e1ban a p\u00e1rizsi olimpi\u00e1n a m\u00e1sodik, az ez\u00fcst\u00e9rem kit\u00fcntetettje (1924), Mil\u00e1n\u00f3ban az Eur\u00f3pa bajnoks\u00e1gon arany\u00e9rmes lett (1925) \u00e9s az amszterdami olimpi\u00e1n any\u00e9rmet kapott (1928). Bp.-en edz\u0151 (1945\u2013). <br \/><strong>Irod.:<\/strong> Becze; Derzsi-Fekete; \u00d6kr\u00f6s; \u00daj Id\u0151k lexikona XV.<\/br><\/p>\n","protected":false},"excerpt":{"rendered":"<p>Als\u00f3s\u00f3falva, 1900. \u00e1pr. 30., \u2020 Bp., 1978. aug. 9.: b\u00edrkoz\u00f3. \u2013 K. Luk\u00e1cs \u00e9s G\u00e1l Berta fia. \u2013 Gyermekkor\u00e1ban gyenge fizikum\u00fa volt, orvosi tan\u00e1csra kezdett sportolni, birk\u00f3zni. Apja m\u00e9sz\u00e1ros volt Parajdon \u00e9s fia Mv.-en tanult hentes \u00e9s m\u00e9sz\u00e1ros szakm\u00e1t. Bp. -re k\u00f6lt\u00f6z\u00f6tt 17 \u00e9ves kor\u00e1ban, ahol a k\u00f6zponti v\u00e1g\u00f3h\u00eddon dolgozott \u00e9s a H\u00fasos Sport Club [&hellip;]<\/p>\n","protected":false},"featured_media":0,"comment_status":"open","ping_status":"closed","template":"","meta":[],"product_brand":[],"product_cat":[137],"product_tag":[],"class_list":{"0":"post-11770","1":"product","2":"type-product","3":"status-publish","5":"product_cat-maros-megyei-eletrajzi-lexikon","7":"first","8":"instock","9":"shipping-taxable","10":"product-type-simple"},"_links":{"self":[{"href":"https:\/\/uj.adatbank.ro\/lexikon\/wp-json\/wp\/v2\/product\/11770","targetHints":{"allow":["GET"]}}],"collection":[{"href":"https:\/\/uj.adatbank.ro\/lexikon\/wp-json\/wp\/v2\/product"}],"about":[{"href":"https:\/\/uj.adatbank.ro\/lexikon\/wp-json\/wp\/v2\/types\/product"}],"replies":[{"embeddable":true,"href":"https:\/\/uj.adatbank.ro\/lexikon\/wp-json\/wp\/v2\/comments?post=11770"}],"wp:attachment":[{"href":"https:\/\/uj.adatbank.ro\/lexikon\/wp-json\/wp\/v2\/media?parent=11770"}],"wp:term":[{"taxonomy":"product_brand","embeddable":true,"href":"https:\/\/uj.adatbank.ro\/lexikon\/wp-json\/wp\/v2\/product_brand?post=11770"},{"taxonomy":"product_cat","embeddable":true,"href":"https:\/\/uj.adatbank.ro\/lexikon\/wp-json\/wp\/v2\/product_cat?post=11770"},{"taxonomy":"product_tag","embeddable":true,"href":"https:\/\/uj.adatbank.ro\/lexikon\/wp-json\/wp\/v2\/product_tag?post=11770"}],"curies":[{"name":"wp","href":"https:\/\/api.w.org\/{rel}","templated":true}]}}