{"id":11772,"date":"2025-06-29T14:04:29","date_gmt":"2025-06-29T12:04:29","guid":{"rendered":"https:\/\/uj.adatbank.ro\/lexikon\/termek\/keresztes-marton-jozsef-sarpataki-varhegyi-gr-sarpataki-keresztes-marton\/"},"modified":"2025-06-29T14:04:29","modified_gmt":"2025-06-29T12:04:29","slug":"keresztes-marton-jozsef-sarpataki-varhegyi-gr-sarpataki-keresztes-marton","status":"publish","type":"product","link":"https:\/\/uj.adatbank.ro\/lexikon\/termek\/keresztes-marton-jozsef-sarpataki-varhegyi-gr-sarpataki-keresztes-marton\/","title":{"rendered":"KERESZTES M\u00e1rton J\u00f3zsef, s\u00e1rpataki, v\u00e1rhegyi gr., S\u00e1rpataki Keresztes M\u00e1rton"},"content":{"rendered":"<p>? \u2020 1728. febr.: \u00fcgyv\u00e9d, f\u0151isp\u00e1n. \u2013 S\u00e1rpataki M\u00e1rton (\u2020 1680) \u00e9s dell\u0151y J\u00e1rmy Erzs\u00e9bet fia. Feles\u00e9ge vargyasi Daniel M\u00e1ria, Daniel P\u00e9ter (1624\u20131695) \u00e9s veresegyh\u00e1zi Barcsai Nagy Zs\u00f3fia le\u00e1nya. Gyermekeik: J\u00f3zsef Antal, Kl\u00e1ra, Katalin, M\u00e1ria, Borb\u00e1la. \u2013 Katoliz\u00e1lt, gr\u00f3fi c\u00edmet nyert \u00e9s K. -re v\u00e1ltoztatta a nev\u00e9t. Cs\u00e1sz\u00e1rh\u0171 f\u0151nemes. \u00dcgyv\u00e9d (1649\u2013), K\u00fck\u00fcll\u0151 vm. f\u0151isp\u00e1nja hal\u00e1l\u00e1ig. Gr\u00f3fs\u00e1got szerzett (B\u00e9cs, 1709. jan 30.) \u00e9s a nev\u00e9t Keresztesre v\u00e1ltoztatta v\u00e1rhegyi el\u0151n\u00e9vvel (1718). A csal\u00e1d Mikefalva legnagyobb birtokosa, Maross\u00e1rpatakon \u00e9s V\u00e1rhegyen is voltak birtokaik. Val\u00f3sz\u00edn\u0171 a mikefalvi kast\u00e9ly \u00e9p\u00edttet\u0151je, a kast\u00e9ly \u00e9s a birtok k\u00e9s\u0151bb \u00e1tker\u00fclt a hilibi G\u00e1lok tulajdon\u00e1ba. A mikefalvi ref. gy\u00fclekezetnek pamutv\u00e1szon keszken\u0151t adom\u00e1nyozott (1714). V\u00e1rhegyen is \u00e9p\u00edtett kast\u00e9lyt (1725), azt lerombolt\u00e1k a 19. sz. elej\u00e9n. Anyagi \u00e9s erk\u00f6lcsi t\u00e1mogat\u00e1sban r\u00e9szes\u00edtette a r. k. egyh\u00e1zat. A minorita ferencesek b\u0151kez\u0171 t\u00e1mogat\u00f3ja. V\u00e9grendelet\u00e9ben a mv.-i minorit\u00e1knak adom\u00e1nyozta v\u00e1rbeli h\u00e1z\u00e1t (1726. m\u00e1j. 25.). Amikor a katonas\u00e1g elfoglalta a v\u00e1rban tal\u00e1lhat\u00f3 polg\u00e1ri \u00e9p\u00fcleteket (1735) a ferenceseket Udvarfalv\u00e1n ugyancsak a Keresztes-f\u00e9le udvarh\u00e1z fogadta be (1740). Kilenc gyermeke sz\u00fcletett, de h\u00e1rom fia k\u00f6z\u00fcl egyik sem \u00e9rte meg a feln\u0151ttkort \u00edgy vele a csal\u00e1d fi\u00fa\u00e1gon kihalt. <br \/><strong>Irod.:<\/strong> Benk\u0151 K\u00e1roly; Bics\u00f3k-Orb\u00e1n; Gudenus; Gyalogi J\u00e1nos: Keresztes vit\u00e9z. halotti dics\u00e9rete, 1728. febr. 19. (Kv., 1728); Id\u0151t\u00e1r 1; Keresztes1995; Keresztes Gyula: \u00d6r\u00f6ks\u00e9g\u00fcnk 44: A mikefalvi kast\u00e9ly (N\u00fa., 1993. nov. 5.); K\u00fck\u00fcll\u0151i Ref. Egyh\u00e1zm. 4.; Maros megyei m. t\u00f6rt. 5.; Mure\u015f, jude\u0163; Mv.-i Pl\u00e9b\u00e1nia; Orb\u00e1n-Bics\u00f3k; P\u00e1l-Antal 2009; P\u00e1lmay; R\u00e1cz 2009; Sas P\u00e9ter: A heraldikus K\u00f6peczi Sebesty\u00e9n J\u00f3zsef \u00e9lete \u00e9s munk\u00e1ss\u00e1ga (Cs\u00edkszereda, 2011); Tr\u00f3cs\u00e1nyi 1988, Wessel\u00e9nyi Istv\u00e1n<\/br><\/p>\n","protected":false},"excerpt":{"rendered":"<p>? \u2020 1728. febr.: \u00fcgyv\u00e9d, f\u0151isp\u00e1n. \u2013 S\u00e1rpataki M\u00e1rton (\u2020 1680) \u00e9s dell\u0151y J\u00e1rmy Erzs\u00e9bet fia. Feles\u00e9ge vargyasi Daniel M\u00e1ria, Daniel P\u00e9ter (1624\u20131695) \u00e9s veresegyh\u00e1zi Barcsai Nagy Zs\u00f3fia le\u00e1nya. Gyermekeik: J\u00f3zsef Antal, Kl\u00e1ra, Katalin, M\u00e1ria, Borb\u00e1la. \u2013 Katoliz\u00e1lt, gr\u00f3fi c\u00edmet nyert \u00e9s K. -re v\u00e1ltoztatta a nev\u00e9t. Cs\u00e1sz\u00e1rh\u0171 f\u0151nemes. \u00dcgyv\u00e9d (1649\u2013), K\u00fck\u00fcll\u0151 vm. f\u0151isp\u00e1nja hal\u00e1l\u00e1ig. [&hellip;]<\/p>\n","protected":false},"featured_media":0,"comment_status":"open","ping_status":"closed","template":"","meta":[],"product_brand":[],"product_cat":[137],"product_tag":[],"class_list":{"0":"post-11772","1":"product","2":"type-product","3":"status-publish","5":"product_cat-maros-megyei-eletrajzi-lexikon","7":"first","8":"instock","9":"shipping-taxable","10":"product-type-simple"},"_links":{"self":[{"href":"https:\/\/uj.adatbank.ro\/lexikon\/wp-json\/wp\/v2\/product\/11772","targetHints":{"allow":["GET"]}}],"collection":[{"href":"https:\/\/uj.adatbank.ro\/lexikon\/wp-json\/wp\/v2\/product"}],"about":[{"href":"https:\/\/uj.adatbank.ro\/lexikon\/wp-json\/wp\/v2\/types\/product"}],"replies":[{"embeddable":true,"href":"https:\/\/uj.adatbank.ro\/lexikon\/wp-json\/wp\/v2\/comments?post=11772"}],"wp:attachment":[{"href":"https:\/\/uj.adatbank.ro\/lexikon\/wp-json\/wp\/v2\/media?parent=11772"}],"wp:term":[{"taxonomy":"product_brand","embeddable":true,"href":"https:\/\/uj.adatbank.ro\/lexikon\/wp-json\/wp\/v2\/product_brand?post=11772"},{"taxonomy":"product_cat","embeddable":true,"href":"https:\/\/uj.adatbank.ro\/lexikon\/wp-json\/wp\/v2\/product_cat?post=11772"},{"taxonomy":"product_tag","embeddable":true,"href":"https:\/\/uj.adatbank.ro\/lexikon\/wp-json\/wp\/v2\/product_tag?post=11772"}],"curies":[{"name":"wp","href":"https:\/\/api.w.org\/{rel}","templated":true}]}}