{"id":11773,"date":"2025-06-29T14:04:31","date_gmt":"2025-06-29T12:04:31","guid":{"rendered":"https:\/\/uj.adatbank.ro\/lexikon\/termek\/keresztes-pal-magdolna\/"},"modified":"2025-06-29T14:04:31","modified_gmt":"2025-06-29T12:04:31","slug":"keresztes-pal-magdolna","status":"publish","type":"product","link":"https:\/\/uj.adatbank.ro\/lexikon\/termek\/keresztes-pal-magdolna\/","title":{"rendered":"KERESZTES P\u00c1L Magdolna"},"content":{"rendered":"<p>Mv., 1925. dec. 15., \u2020 ? : zongoram\u0171v\u00e9sz, tan\u00e1r. \u2013 \u00c9retts\u00e9gizett a mv.-i \u00c1llami Le\u00e1nyliceumban (1944) ; a V\u00e1rosi Zeneiskol\u00e1ban v\u00e9gzett (1946) ; a kv.-i G. Dima Zenem\u0171v\u00e9szeti F\u0151iskol\u00e1n zongoratan\u00e1ri oklevelet szerzett (1948); Buk.-ben sz\u00f3lista vizsg\u00e1t tett (1955). A mv.-i Zeneiskola, majd a M\u0171v\u00e9szeti K\u00f6z\u00e9piskola tan\u00e1ra (1948\u201381), k\u00f6zben tan\u00edtott a Tan\u00e1rk\u00e9pz\u0151 F\u0151iskol\u00e1n(1971\u201377)majd a K\u00e1ntortan\u00edt\u00f3 F\u0151iskol\u00e1n(1991\u201393). A mv.-i Tri\u00f3 \u00e9s a Filharm\u00f3nia sz\u00f3list\u00e1ja (1945\u201357), \u00f6n\u00e1ll\u00f3 \u00e9s kamaraestek szerepl\u0151je, r\u00e1di\u00f3felv\u00e9teleket k\u00e9sz\u00edtett. <br \/><strong>Irod.:<\/strong> KKACs; RMKK<\/br><\/p>\n","protected":false},"excerpt":{"rendered":"<p>Mv., 1925. dec. 15., \u2020 ? : zongoram\u0171v\u00e9sz, tan\u00e1r. \u2013 \u00c9retts\u00e9gizett a mv.-i \u00c1llami Le\u00e1nyliceumban (1944) ; a V\u00e1rosi Zeneiskol\u00e1ban v\u00e9gzett (1946) ; a kv.-i G. Dima Zenem\u0171v\u00e9szeti F\u0151iskol\u00e1n zongoratan\u00e1ri oklevelet szerzett (1948); Buk.-ben sz\u00f3lista vizsg\u00e1t tett (1955). A mv.-i Zeneiskola, majd a M\u0171v\u00e9szeti K\u00f6z\u00e9piskola tan\u00e1ra (1948\u201381), k\u00f6zben tan\u00edtott a Tan\u00e1rk\u00e9pz\u0151 F\u0151iskol\u00e1n(1971\u201377)majd a K\u00e1ntortan\u00edt\u00f3 F\u0151iskol\u00e1n(1991\u201393). [&hellip;]<\/p>\n","protected":false},"featured_media":0,"comment_status":"open","ping_status":"closed","template":"","meta":[],"product_brand":[],"product_cat":[137],"product_tag":[],"class_list":{"0":"post-11773","1":"product","2":"type-product","3":"status-publish","5":"product_cat-maros-megyei-eletrajzi-lexikon","7":"first","8":"instock","9":"shipping-taxable","10":"product-type-simple"},"_links":{"self":[{"href":"https:\/\/uj.adatbank.ro\/lexikon\/wp-json\/wp\/v2\/product\/11773","targetHints":{"allow":["GET"]}}],"collection":[{"href":"https:\/\/uj.adatbank.ro\/lexikon\/wp-json\/wp\/v2\/product"}],"about":[{"href":"https:\/\/uj.adatbank.ro\/lexikon\/wp-json\/wp\/v2\/types\/product"}],"replies":[{"embeddable":true,"href":"https:\/\/uj.adatbank.ro\/lexikon\/wp-json\/wp\/v2\/comments?post=11773"}],"wp:attachment":[{"href":"https:\/\/uj.adatbank.ro\/lexikon\/wp-json\/wp\/v2\/media?parent=11773"}],"wp:term":[{"taxonomy":"product_brand","embeddable":true,"href":"https:\/\/uj.adatbank.ro\/lexikon\/wp-json\/wp\/v2\/product_brand?post=11773"},{"taxonomy":"product_cat","embeddable":true,"href":"https:\/\/uj.adatbank.ro\/lexikon\/wp-json\/wp\/v2\/product_cat?post=11773"},{"taxonomy":"product_tag","embeddable":true,"href":"https:\/\/uj.adatbank.ro\/lexikon\/wp-json\/wp\/v2\/product_tag?post=11773"}],"curies":[{"name":"wp","href":"https:\/\/api.w.org\/{rel}","templated":true}]}}