{"id":11775,"date":"2025-06-29T14:04:33","date_gmt":"2025-06-29T12:04:33","guid":{"rendered":"https:\/\/uj.adatbank.ro\/lexikon\/termek\/keresztes-zsigmond-nagybaconi\/"},"modified":"2025-06-29T14:04:33","modified_gmt":"2025-06-29T12:04:33","slug":"keresztes-zsigmond-nagybaconi","status":"publish","type":"product","link":"https:\/\/uj.adatbank.ro\/lexikon\/termek\/keresztes-zsigmond-nagybaconi\/","title":{"rendered":"KERESZTES Zsigmond, nagybaconi"},"content":{"rendered":"<p>? \u2020 Mv., 1858. m\u00e1j. 1.: \u00edt\u00e9l\u0151mesteri iktat\u00f3, sz\u00e1mfeletti kir. t\u00e1blai \u00fcln\u00f6k. \u2013 Feles\u00e9ge: Heged\u0171s \u00c9va (1802. &#8211; Mv., 1848. okt. 20.). Gyermekeik: Albert, R\u00f3zsa, Ferdin\u00e1nd, Elek. \u2013 Jelent\u0151s szerepet j\u00e1tszott Mv.-en a v\u00e1ros t\u00e1rsadalmi \u00e9let\u00e9ben: a Gecse-f\u00e9le Emberszereteti Int\u00e9zet megalakul\u00e1s\u00e1n a ref. egyh\u00e1zi f\u0151tan\u00e1cs r\u00e9sz\u00e9r\u0151l mint bizots\u00e1gi tag \u00e9s jegyz\u0151 m\u0171k\u00f6d\u00f6tt k\u00f6zre. \u00c9rdekes k\u00e9ziratgy\u0171jtem\u00e9nye maradt fenn az 1830. el\u0151tti id\u0151k esem\u00e9nyeir\u0151l, mely a v\u00e1ros monogr\u00e1fiai adatt\u00e1r\u00e1nak p\u00f3tl\u00e1sa szempontj\u00e1b\u00f3l felbecs\u00fclhetetlen \u00e9rt\u00e9k. Vall\u00e1sos rendeletek gy\u0171jtem\u00e9nye c\u00edmen a jezsuita-korral kapcsolatos vall\u00e1si egyenetlens\u00e9gekr\u0151l ad besz\u00e1mol\u00f3t. Kir. hivatalos az erd\u00e9lyi 1848. \u00e9vi utols\u00f3 rendi orsz\u00e1ggy\u0171l\u00e9sen (Kv., 1848. m\u00e1j. 29. -j\u00fal. 18.). <br \/><strong>Irod.:<\/strong> Egyed \u00c1.: Erd\u00e9ly 1848. ogy.; Guly\u00e1s; Gy\u00e1szjelent\u0151; Kr\u00f3n. F\u00fcz. (1939. 4\/5)<\/br><\/p>\n","protected":false},"excerpt":{"rendered":"<p>? \u2020 Mv., 1858. m\u00e1j. 1.: \u00edt\u00e9l\u0151mesteri iktat\u00f3, sz\u00e1mfeletti kir. t\u00e1blai \u00fcln\u00f6k. \u2013 Feles\u00e9ge: Heged\u0171s \u00c9va (1802. &#8211; Mv., 1848. okt. 20.). Gyermekeik: Albert, R\u00f3zsa, Ferdin\u00e1nd, Elek. \u2013 Jelent\u0151s szerepet j\u00e1tszott Mv.-en a v\u00e1ros t\u00e1rsadalmi \u00e9let\u00e9ben: a Gecse-f\u00e9le Emberszereteti Int\u00e9zet megalakul\u00e1s\u00e1n a ref. egyh\u00e1zi f\u0151tan\u00e1cs r\u00e9sz\u00e9r\u0151l mint bizots\u00e1gi tag \u00e9s jegyz\u0151 m\u0171k\u00f6d\u00f6tt k\u00f6zre. \u00c9rdekes k\u00e9ziratgy\u0171jtem\u00e9nye [&hellip;]<\/p>\n","protected":false},"featured_media":0,"comment_status":"open","ping_status":"closed","template":"","meta":[],"product_brand":[],"product_cat":[137],"product_tag":[],"class_list":{"0":"post-11775","1":"product","2":"type-product","3":"status-publish","5":"product_cat-maros-megyei-eletrajzi-lexikon","7":"first","8":"instock","9":"shipping-taxable","10":"product-type-simple"},"_links":{"self":[{"href":"https:\/\/uj.adatbank.ro\/lexikon\/wp-json\/wp\/v2\/product\/11775","targetHints":{"allow":["GET"]}}],"collection":[{"href":"https:\/\/uj.adatbank.ro\/lexikon\/wp-json\/wp\/v2\/product"}],"about":[{"href":"https:\/\/uj.adatbank.ro\/lexikon\/wp-json\/wp\/v2\/types\/product"}],"replies":[{"embeddable":true,"href":"https:\/\/uj.adatbank.ro\/lexikon\/wp-json\/wp\/v2\/comments?post=11775"}],"wp:attachment":[{"href":"https:\/\/uj.adatbank.ro\/lexikon\/wp-json\/wp\/v2\/media?parent=11775"}],"wp:term":[{"taxonomy":"product_brand","embeddable":true,"href":"https:\/\/uj.adatbank.ro\/lexikon\/wp-json\/wp\/v2\/product_brand?post=11775"},{"taxonomy":"product_cat","embeddable":true,"href":"https:\/\/uj.adatbank.ro\/lexikon\/wp-json\/wp\/v2\/product_cat?post=11775"},{"taxonomy":"product_tag","embeddable":true,"href":"https:\/\/uj.adatbank.ro\/lexikon\/wp-json\/wp\/v2\/product_tag?post=11775"}],"curies":[{"name":"wp","href":"https:\/\/api.w.org\/{rel}","templated":true}]}}