{"id":11776,"date":"2025-06-29T14:04:35","date_gmt":"2025-06-29T12:04:35","guid":{"rendered":"https:\/\/uj.adatbank.ro\/lexikon\/termek\/keresztes-varhegyi-sarpataki-grof-csalad\/"},"modified":"2025-06-29T14:04:35","modified_gmt":"2025-06-29T12:04:35","slug":"keresztes-varhegyi-sarpataki-grof-csalad","status":"publish","type":"product","link":"https:\/\/uj.adatbank.ro\/lexikon\/termek\/keresztes-varhegyi-sarpataki-grof-csalad\/","title":{"rendered":"KERESZTES, v\u00e1rhegyi, s\u00e1rpataki gr\u00f3f csal\u00e1d"},"content":{"rendered":"<p>Csal\u00e1di f\u00e9szk\u00fck a marosparti S\u00e1rpatak, \u00e9s V\u00e1rhegy. A csal\u00e1d els\u0151 ismert felmen\u0151je a Maross\u00e1rpatakon \u00e9l\u0151 Nagy M\u00e1rton, az uradalom akkori tulajdonos\u00e1nak Mindszenti Krisztina, Cs\u00e1ky Istv\u00e1nn\u00e9 udvarb\u00edr\u00f3ja. Fiait az \u00farn\u0151 tan\u00edttatta. A m\u00e1sodik fi\u00fa szint\u00e9n M\u00e1rton felvette a S\u00e1rpataki nevet \u00e9s Erd\u00e9ly f\u0151jegyz\u0151je lett (1653\u201356) S\u00e1rpataki Nagy Mikl\u00f3snak fia M\u00e1rton (1649-ben) pr\u00f3k\u00e1tor, Erd\u00e9ly f\u0151jegyz\u0151je (1653\u20131656). kir. \u00fcgyigazgat\u00f3, it\u00e9l\u0151-mester (1660\u201377), k\u00e9s\u0151bb tan\u00e1csos, m\u00e1r csak S\u00e1rpataki-nak irta mag\u00e1t. \u0151 t\u00f6bb j\u00f3sz\u00e1got szerzett, nevezetesen Als\u00f3-Oroszit is (1663). K\u00e9t fia \u00e9s k\u00e9t l\u00e1nya volt. Egyik le\u00e1ny\u00e1t Rebek\u00e1t Korda Zsigmond, az Apor Istv\u00e1n mostoha fia vette el, \u00e9s \u00edgy fia M\u00e1rton J\u00f3zsef gyakran megfordult a hatalmas t\u00e9rit\u0151 Apor Istv\u00e1n udvar\u00e1ban. Mint reform\u00e1tus Kv.-on tanult, ut\u00f3bb a legbuzg\u00f3bb katolikus lett. A Rak\u00f3czi forradalomkor t\u00e9tlen\u00fcl \u00fclt hol G\u00f6rg\u00e9nyben, hol Szebenben. 1709-ben B\u00e9csben j\u00e1r mint k\u00fcld\u00f6tt, azon k\u00e9rv\u00e9nynyel, hogy a gubernium kieg\u00e9szitess\u00e9k. Ut\u00f3bb gr\u00f3fs\u00e1got szerzett \u00e9s nev\u00e9t Keresztes-re v\u00e1ltoztatta, majd k\u00fck\u00fcll\u0151i f\u0151isp\u00e1n lett. Azonban fia nem maradv\u00e1n, csak le\u00e1nyai, a gr\u00f3fi Keresztes nevet sirba vitte (1727-ben). A csal\u00e1d \u0151si maross\u00e1rpataki \u00e9s v\u00e1rhegyi birtokai mell\u00e9 t\u00f6bb m\u00e1sikat is szerzett. C\u00edmere: n\u00e9gyelt pajzs, arany sz\u00edvpajzzsal, amelyben koron\u00e1s kett\u0151sfark\u00fa arany oroszl\u00e1n \u00e1gaskodik. A nagy pajzs: : v\u00f6r\u00f6sben lefel\u00e9 rep\u00f3l\u0151 feh\u00e9r galamb, cs\u0151r\u00e9ben fekete VTTE bet\u0171s feh\u00e9r szalaggal. \u201e, k\u00e9kben lebeg\u0151 koron\u00e1ra \u00e1ll\u00edtott kett\u0151s spany\u00edil kereszt. 3. aranyban h\u00e1rom aranycsillaggal megrakott k\u00e9k, jobb har\u00e1nt p\u00f3lya. 4. v\u00f6r\u00f6sben feh\u00e9r ruh\u00e1s magyar, jobbj\u00e1t magasra emeli, balja csip\u0151j\u00e9n. H\u00e1rom koron\u00e1s ny\u00edlt sisak. Kast\u00e9lyaik, udvarh\u00e1zaik: V\u00e1rhegy (\u00e9p\u00fclt 1725), Melegf\u00f6ldv\u00e1r, Mikefalva a 18. sz. ban \u00e9p\u00fclt\u00e9p\u00edttet\u0151ke M\u00e1rton J\u00f3zsef. a 19 sz.-ban a holibi G\u00e1ll csal\u00e1d birtok\u00e1ba ker\u00fclt \u00e9s \u00e1t\u00e9p\u00edtett\u00e9k. <br \/><strong>Irod.:<\/strong> B. Nagy Margit 1970; Benk\u0151 K\u00e1roly; Berekm\u00e9ri\u2013G\u00e1lfi; Bicsok-Orb\u00e1n; Gudenus; Ill\u00e9sy-Peth\u0151; Kempelen; Keresztes 1995; K\u0151v\u00e1r; Kr\u00f3nika, 2005. nov. 30.; Nagy Iv\u00e1n; P\u00e1lmay, Sas P\u00e9ter; <\/br><\/p>\n","protected":false},"excerpt":{"rendered":"<p>Csal\u00e1di f\u00e9szk\u00fck a marosparti S\u00e1rpatak, \u00e9s V\u00e1rhegy. A csal\u00e1d els\u0151 ismert felmen\u0151je a Maross\u00e1rpatakon \u00e9l\u0151 Nagy M\u00e1rton, az uradalom akkori tulajdonos\u00e1nak Mindszenti Krisztina, Cs\u00e1ky Istv\u00e1nn\u00e9 udvarb\u00edr\u00f3ja. Fiait az \u00farn\u0151 tan\u00edttatta. A m\u00e1sodik fi\u00fa szint\u00e9n M\u00e1rton felvette a S\u00e1rpataki nevet \u00e9s Erd\u00e9ly f\u0151jegyz\u0151je lett (1653\u201356) S\u00e1rpataki Nagy Mikl\u00f3snak fia M\u00e1rton (1649-ben) pr\u00f3k\u00e1tor, Erd\u00e9ly f\u0151jegyz\u0151je (1653\u20131656). kir. [&hellip;]<\/p>\n","protected":false},"featured_media":0,"comment_status":"open","ping_status":"closed","template":"","meta":[],"product_brand":[],"product_cat":[137],"product_tag":[],"class_list":{"0":"post-11776","1":"product","2":"type-product","3":"status-publish","5":"product_cat-maros-megyei-eletrajzi-lexikon","7":"first","8":"instock","9":"shipping-taxable","10":"product-type-simple"},"_links":{"self":[{"href":"https:\/\/uj.adatbank.ro\/lexikon\/wp-json\/wp\/v2\/product\/11776","targetHints":{"allow":["GET"]}}],"collection":[{"href":"https:\/\/uj.adatbank.ro\/lexikon\/wp-json\/wp\/v2\/product"}],"about":[{"href":"https:\/\/uj.adatbank.ro\/lexikon\/wp-json\/wp\/v2\/types\/product"}],"replies":[{"embeddable":true,"href":"https:\/\/uj.adatbank.ro\/lexikon\/wp-json\/wp\/v2\/comments?post=11776"}],"wp:attachment":[{"href":"https:\/\/uj.adatbank.ro\/lexikon\/wp-json\/wp\/v2\/media?parent=11776"}],"wp:term":[{"taxonomy":"product_brand","embeddable":true,"href":"https:\/\/uj.adatbank.ro\/lexikon\/wp-json\/wp\/v2\/product_brand?post=11776"},{"taxonomy":"product_cat","embeddable":true,"href":"https:\/\/uj.adatbank.ro\/lexikon\/wp-json\/wp\/v2\/product_cat?post=11776"},{"taxonomy":"product_tag","embeddable":true,"href":"https:\/\/uj.adatbank.ro\/lexikon\/wp-json\/wp\/v2\/product_tag?post=11776"}],"curies":[{"name":"wp","href":"https:\/\/api.w.org\/{rel}","templated":true}]}}