{"id":11779,"date":"2025-06-29T14:04:39","date_gmt":"2025-06-29T12:04:39","guid":{"rendered":"https:\/\/uj.adatbank.ro\/lexikon\/termek\/keresztesi-gyula\/"},"modified":"2025-06-29T14:04:39","modified_gmt":"2025-06-29T12:04:39","slug":"keresztesi-gyula","status":"publish","type":"product","link":"https:\/\/uj.adatbank.ro\/lexikon\/termek\/keresztesi-gyula\/","title":{"rendered":"KERESZTESI Gyula"},"content":{"rendered":"<p>Harasztker\u00e9k, 1866. dec. 29., \u2020 Koronka, 1943. nov. 16.: ref. lelk\u00e9sz. \u2013 Feles\u00e9ge: Sylveszter Ida. Gyermekeik: Ferenc, Emma, Lajos, Anna. \u2013 A k\u00e1ntortan\u00edt\u00f3 apja a mv.-i Ref. Koll. 2. elemi oszt. -ba iratta be, ott tanult \u00e9s \u00e9retts\u00e9gizett (1875\u20131886). Horv\u00e1th G\u00e1sp\u00e1r tan\u00e1r, a Teleki-t\u00e9ka fel\u00fcgyel\u0151j\u00e9nek lett a szolga tanul\u00f3ja (5. gimn. kor\u00e1t\u00f3l). A nagyenyedi Teol. F\u0151iskol\u00e1n folytatta tanulm\u00e1nyait (1890. v\u00e9gzett). Elemi iskolai tan\u00edt\u00f3 a mv.-i Ref. Koll.-ban (1890\u201392). Nagyercs\u00e9ben ref. iskola \u00e9p\u00fclt egy el\u0151szob\u00e1val \u00e9s egy tanteremmel (1892), ekkor itt volt paptan\u00edt\u00f3. Megv\u00e1lasztott\u00e1k S\u00f3falv\u00e1n lp. -nak, megn\u0151s\u00fclt \u00e9s itt tev\u00e9kenykedett (1892. j\u00fal. 31. &#8211; 1903), majd Magyarp\u00e9terlak\u00e1n v\u00e1lasztott\u00e1k papp\u00e1, ahol nyugd\u00edjaz\u00e1s\u00e1ig maradt (1903\u20131936). A g\u00f6rg\u00e9nyi egyh\u00e1zmegye sz\u00e1mvev\u0151je (1908\u201336). Nyugd\u00edjask\u00e9nt Koronk\u00e1n \u00e9lt hal\u00e1l\u00e1ig (1937\u201343). <br \/><strong>Irod.:<\/strong> B\u00edr\u00f3 Don\u00e1t: Egy elt\u0171nt k\u00f6zs\u00e9g nyom\u00e1ban (N\u00fa., 1997. aug. 13.); B\u00f6jthe Andor: A G\u00f6rg\u00e9nyi ev. ref. egyh\u00e1zmegye t\u00f6rt\u00e9nete [k\u00e9zirat]; Erd\u00e9lyi v\u00e1rmegy\u00e9k; A mv.-i Ev. Ref. Koll. n\u00f6vend\u00e9keivel tett tanulm\u00e1nyi \u00fat le\u00edr\u00e1sa (Mv., 1890); Sz\u00e9kelyf\u00f6ld \u00ed. k.<\/br><\/p>\n","protected":false},"excerpt":{"rendered":"<p>Harasztker\u00e9k, 1866. dec. 29., \u2020 Koronka, 1943. nov. 16.: ref. lelk\u00e9sz. \u2013 Feles\u00e9ge: Sylveszter Ida. Gyermekeik: Ferenc, Emma, Lajos, Anna. \u2013 A k\u00e1ntortan\u00edt\u00f3 apja a mv.-i Ref. Koll. 2. elemi oszt. -ba iratta be, ott tanult \u00e9s \u00e9retts\u00e9gizett (1875\u20131886). Horv\u00e1th G\u00e1sp\u00e1r tan\u00e1r, a Teleki-t\u00e9ka fel\u00fcgyel\u0151j\u00e9nek lett a szolga tanul\u00f3ja (5. gimn. kor\u00e1t\u00f3l). A nagyenyedi Teol. [&hellip;]<\/p>\n","protected":false},"featured_media":0,"comment_status":"open","ping_status":"closed","template":"","meta":[],"product_brand":[],"product_cat":[137],"product_tag":[],"class_list":{"0":"post-11779","1":"product","2":"type-product","3":"status-publish","5":"product_cat-maros-megyei-eletrajzi-lexikon","7":"first","8":"instock","9":"shipping-taxable","10":"product-type-simple"},"_links":{"self":[{"href":"https:\/\/uj.adatbank.ro\/lexikon\/wp-json\/wp\/v2\/product\/11779","targetHints":{"allow":["GET"]}}],"collection":[{"href":"https:\/\/uj.adatbank.ro\/lexikon\/wp-json\/wp\/v2\/product"}],"about":[{"href":"https:\/\/uj.adatbank.ro\/lexikon\/wp-json\/wp\/v2\/types\/product"}],"replies":[{"embeddable":true,"href":"https:\/\/uj.adatbank.ro\/lexikon\/wp-json\/wp\/v2\/comments?post=11779"}],"wp:attachment":[{"href":"https:\/\/uj.adatbank.ro\/lexikon\/wp-json\/wp\/v2\/media?parent=11779"}],"wp:term":[{"taxonomy":"product_brand","embeddable":true,"href":"https:\/\/uj.adatbank.ro\/lexikon\/wp-json\/wp\/v2\/product_brand?post=11779"},{"taxonomy":"product_cat","embeddable":true,"href":"https:\/\/uj.adatbank.ro\/lexikon\/wp-json\/wp\/v2\/product_cat?post=11779"},{"taxonomy":"product_tag","embeddable":true,"href":"https:\/\/uj.adatbank.ro\/lexikon\/wp-json\/wp\/v2\/product_tag?post=11779"}],"curies":[{"name":"wp","href":"https:\/\/api.w.org\/{rel}","templated":true}]}}