{"id":11782,"date":"2025-06-29T14:04:45","date_gmt":"2025-06-29T12:04:45","guid":{"rendered":"https:\/\/uj.adatbank.ro\/lexikon\/termek\/keresztesi-jozsef\/"},"modified":"2025-06-29T14:04:45","modified_gmt":"2025-06-29T12:04:45","slug":"keresztesi-jozsef","status":"publish","type":"product","link":"https:\/\/uj.adatbank.ro\/lexikon\/termek\/keresztesi-jozsef\/","title":{"rendered":"KERESZTESI J\u00f3zsef"},"content":{"rendered":"<p>? \u2020 ?: ref, tan\u00edt\u00f3. \u2013 Feles\u00e9ge Sz\u00f6rtsei \u00c1gnes. Mv.-en subscrib\u00e1lt (1764). Maross\u00e1rpatakon (1774), Marosj\u00e1r\u00e1n (1777\u20131793), Kisilly\u00e9n (1794\u20131798 \u2013 l\u00e9vita) \u00e9s Magyarf\u00fclp\u00f6s\u00f6n (1799\u20131823) volt mester. <br \/><strong>Irod.:<\/strong> \u0150sz<\/br><\/p>\n","protected":false},"excerpt":{"rendered":"<p>? \u2020 ?: ref, tan\u00edt\u00f3. \u2013 Feles\u00e9ge Sz\u00f6rtsei \u00c1gnes. Mv.-en subscrib\u00e1lt (1764). Maross\u00e1rpatakon (1774), Marosj\u00e1r\u00e1n (1777\u20131793), Kisilly\u00e9n (1794\u20131798 \u2013 l\u00e9vita) \u00e9s Magyarf\u00fclp\u00f6s\u00f6n (1799\u20131823) volt mester. Irod.: \u0150sz<\/p>\n","protected":false},"featured_media":0,"comment_status":"open","ping_status":"closed","template":"","meta":[],"product_brand":[],"product_cat":[137],"product_tag":[],"class_list":{"0":"post-11782","1":"product","2":"type-product","3":"status-publish","5":"product_cat-maros-megyei-eletrajzi-lexikon","7":"first","8":"instock","9":"shipping-taxable","10":"product-type-simple"},"_links":{"self":[{"href":"https:\/\/uj.adatbank.ro\/lexikon\/wp-json\/wp\/v2\/product\/11782","targetHints":{"allow":["GET"]}}],"collection":[{"href":"https:\/\/uj.adatbank.ro\/lexikon\/wp-json\/wp\/v2\/product"}],"about":[{"href":"https:\/\/uj.adatbank.ro\/lexikon\/wp-json\/wp\/v2\/types\/product"}],"replies":[{"embeddable":true,"href":"https:\/\/uj.adatbank.ro\/lexikon\/wp-json\/wp\/v2\/comments?post=11782"}],"wp:attachment":[{"href":"https:\/\/uj.adatbank.ro\/lexikon\/wp-json\/wp\/v2\/media?parent=11782"}],"wp:term":[{"taxonomy":"product_brand","embeddable":true,"href":"https:\/\/uj.adatbank.ro\/lexikon\/wp-json\/wp\/v2\/product_brand?post=11782"},{"taxonomy":"product_cat","embeddable":true,"href":"https:\/\/uj.adatbank.ro\/lexikon\/wp-json\/wp\/v2\/product_cat?post=11782"},{"taxonomy":"product_tag","embeddable":true,"href":"https:\/\/uj.adatbank.ro\/lexikon\/wp-json\/wp\/v2\/product_tag?post=11782"}],"curies":[{"name":"wp","href":"https:\/\/api.w.org\/{rel}","templated":true}]}}