{"id":11784,"date":"2025-06-29T14:04:50","date_gmt":"2025-06-29T12:04:50","guid":{"rendered":"https:\/\/uj.adatbank.ro\/lexikon\/termek\/keresztesi-lajos\/"},"modified":"2025-06-29T14:04:50","modified_gmt":"2025-06-29T12:04:50","slug":"keresztesi-lajos","status":"publish","type":"product","link":"https:\/\/uj.adatbank.ro\/lexikon\/termek\/keresztesi-lajos\/","title":{"rendered":"KERESZTESI Lajos"},"content":{"rendered":"<p>Nagyv\u00e1rad, 1881., \u2020 ?: mozdonyfelvigy\u00e1z\u00f3. \u2013 Iskol\u00e1it Kv.-on v\u00e9gezte, majd a M\u00c1V n\u00e1l dolgozott \u00e9s mozdonyvezet\u0151i szakvizsg\u00e1t tett (1904) \u00e9s mozdonyfelvigy\u00e1z\u00f3 lett Mv.-en (1918). 42 \u00e9vi szolg\u00e1lat ut\u00e1n nyugd\u00edjba vonult (1938). Minden hazafias, szoci\u00e1lis \u00e9s kultur\u00e1lis egyes\u00fclet t\u00e1mogat\u00f3ja volt. <br \/><strong>Irod.:<\/strong> Sz\u00e9kelyf\u00f6ld \u00ed. k<\/br><\/p>\n","protected":false},"excerpt":{"rendered":"<p>Nagyv\u00e1rad, 1881., \u2020 ?: mozdonyfelvigy\u00e1z\u00f3. \u2013 Iskol\u00e1it Kv.-on v\u00e9gezte, majd a M\u00c1V n\u00e1l dolgozott \u00e9s mozdonyvezet\u0151i szakvizsg\u00e1t tett (1904) \u00e9s mozdonyfelvigy\u00e1z\u00f3 lett Mv.-en (1918). 42 \u00e9vi szolg\u00e1lat ut\u00e1n nyugd\u00edjba vonult (1938). Minden hazafias, szoci\u00e1lis \u00e9s kultur\u00e1lis egyes\u00fclet t\u00e1mogat\u00f3ja volt. Irod.: Sz\u00e9kelyf\u00f6ld \u00ed. k<\/p>\n","protected":false},"featured_media":0,"comment_status":"open","ping_status":"closed","template":"","meta":[],"product_brand":[],"product_cat":[137],"product_tag":[],"class_list":{"0":"post-11784","1":"product","2":"type-product","3":"status-publish","5":"product_cat-maros-megyei-eletrajzi-lexikon","7":"first","8":"instock","9":"shipping-taxable","10":"product-type-simple"},"_links":{"self":[{"href":"https:\/\/uj.adatbank.ro\/lexikon\/wp-json\/wp\/v2\/product\/11784","targetHints":{"allow":["GET"]}}],"collection":[{"href":"https:\/\/uj.adatbank.ro\/lexikon\/wp-json\/wp\/v2\/product"}],"about":[{"href":"https:\/\/uj.adatbank.ro\/lexikon\/wp-json\/wp\/v2\/types\/product"}],"replies":[{"embeddable":true,"href":"https:\/\/uj.adatbank.ro\/lexikon\/wp-json\/wp\/v2\/comments?post=11784"}],"wp:attachment":[{"href":"https:\/\/uj.adatbank.ro\/lexikon\/wp-json\/wp\/v2\/media?parent=11784"}],"wp:term":[{"taxonomy":"product_brand","embeddable":true,"href":"https:\/\/uj.adatbank.ro\/lexikon\/wp-json\/wp\/v2\/product_brand?post=11784"},{"taxonomy":"product_cat","embeddable":true,"href":"https:\/\/uj.adatbank.ro\/lexikon\/wp-json\/wp\/v2\/product_cat?post=11784"},{"taxonomy":"product_tag","embeddable":true,"href":"https:\/\/uj.adatbank.ro\/lexikon\/wp-json\/wp\/v2\/product_tag?post=11784"}],"curies":[{"name":"wp","href":"https:\/\/api.w.org\/{rel}","templated":true}]}}