{"id":11787,"date":"2025-06-29T14:04:57","date_gmt":"2025-06-29T12:04:57","guid":{"rendered":"https:\/\/uj.adatbank.ro\/lexikon\/termek\/keresztessy-denes\/"},"modified":"2025-06-29T14:04:57","modified_gmt":"2025-06-29T12:04:57","slug":"keresztessy-denes","status":"publish","type":"product","link":"https:\/\/uj.adatbank.ro\/lexikon\/termek\/keresztessy-denes\/","title":{"rendered":"KERESZTESSY D\u00e9nes"},"content":{"rendered":"<p>Ny\u00e1r\u00e1dg\u00e1lfalva, 1888., \u2020 ?: unit. lelk\u00e9sz. \u2013 Tanulm\u00e1nyait Kv.-on v\u00e9gezte, a lelk\u00e9szi oklevele elnyer\u00e9se ut\u00e1n Polg\u00e1rdin kezdte szolg\u00e1lat\u00e1t, onnan Szentgeric\u00e9re ker\u00fclt (1929)., ahol dal\u00e1rs\u00e1t l\u00e9tes\u00edtett \u00e9s kult\u00farh\u00e1zat \u00e9p\u00edttetett. <br \/><strong>Irod.:<\/strong> Sz\u00e9kelyf\u00f6ld \u00ed. k<\/br><\/p>\n","protected":false},"excerpt":{"rendered":"<p>Ny\u00e1r\u00e1dg\u00e1lfalva, 1888., \u2020 ?: unit. lelk\u00e9sz. \u2013 Tanulm\u00e1nyait Kv.-on v\u00e9gezte, a lelk\u00e9szi oklevele elnyer\u00e9se ut\u00e1n Polg\u00e1rdin kezdte szolg\u00e1lat\u00e1t, onnan Szentgeric\u00e9re ker\u00fclt (1929)., ahol dal\u00e1rs\u00e1t l\u00e9tes\u00edtett \u00e9s kult\u00farh\u00e1zat \u00e9p\u00edttetett. Irod.: Sz\u00e9kelyf\u00f6ld \u00ed. k<\/p>\n","protected":false},"featured_media":0,"comment_status":"open","ping_status":"closed","template":"","meta":[],"product_brand":[],"product_cat":[137],"product_tag":[],"class_list":{"0":"post-11787","1":"product","2":"type-product","3":"status-publish","5":"product_cat-maros-megyei-eletrajzi-lexikon","7":"first","8":"instock","9":"shipping-taxable","10":"product-type-simple"},"_links":{"self":[{"href":"https:\/\/uj.adatbank.ro\/lexikon\/wp-json\/wp\/v2\/product\/11787","targetHints":{"allow":["GET"]}}],"collection":[{"href":"https:\/\/uj.adatbank.ro\/lexikon\/wp-json\/wp\/v2\/product"}],"about":[{"href":"https:\/\/uj.adatbank.ro\/lexikon\/wp-json\/wp\/v2\/types\/product"}],"replies":[{"embeddable":true,"href":"https:\/\/uj.adatbank.ro\/lexikon\/wp-json\/wp\/v2\/comments?post=11787"}],"wp:attachment":[{"href":"https:\/\/uj.adatbank.ro\/lexikon\/wp-json\/wp\/v2\/media?parent=11787"}],"wp:term":[{"taxonomy":"product_brand","embeddable":true,"href":"https:\/\/uj.adatbank.ro\/lexikon\/wp-json\/wp\/v2\/product_brand?post=11787"},{"taxonomy":"product_cat","embeddable":true,"href":"https:\/\/uj.adatbank.ro\/lexikon\/wp-json\/wp\/v2\/product_cat?post=11787"},{"taxonomy":"product_tag","embeddable":true,"href":"https:\/\/uj.adatbank.ro\/lexikon\/wp-json\/wp\/v2\/product_tag?post=11787"}],"curies":[{"name":"wp","href":"https:\/\/api.w.org\/{rel}","templated":true}]}}