{"id":11788,"date":"2025-06-29T14:04:59","date_gmt":"2025-06-29T12:04:59","guid":{"rendered":"https:\/\/uj.adatbank.ro\/lexikon\/termek\/keresztessy-janos\/"},"modified":"2025-06-29T14:04:59","modified_gmt":"2025-06-29T12:04:59","slug":"keresztessy-janos","status":"publish","type":"product","link":"https:\/\/uj.adatbank.ro\/lexikon\/termek\/keresztessy-janos\/","title":{"rendered":"KERESZTESSY J\u00e1nos"},"content":{"rendered":"<p>? \u2020 ?: gy\u00e1ros. \u2013 A mv.-i Keresztessy J\u00e1nos Hord\u00f3gy\u00e1r (Kossuth u. 19. sz.) tulajdonosa. Az \u00e1llamos\u00edt\u00e1skor nem tan\u00fas\u00edtott ellen\u00e1ll\u00e1st, \u00e9s k\u00e9rte, h. alkalmazottk\u00e9nt tov\u00e1bb dolgozhasson a 48 munk\u00e1st foglalkoztat\u00f3 gy\u00e1rban (26 alkalmazott a gy\u00e1r sz\u00e9khely\u00e9n dolgozott, 22 K\u00e1sv\u00e1n erd\u0151kitermel\u00e9ssel foglalkozott), k\u00e9r\u00e9s\u00e9t teljes\u00edtett\u00e9k. Jo\u00f3 Imre hord\u00f3k\u00e9sz\u00edt\u0151-mestert nevezt\u00e9k ki \u00faj igazgat\u00f3nak (1948. j\u00fan. 11.). <br \/><strong>Irod.:<\/strong> Bartos Zolt\u00e1n<\/br><\/p>\n","protected":false},"excerpt":{"rendered":"<p>? \u2020 ?: gy\u00e1ros. \u2013 A mv.-i Keresztessy J\u00e1nos Hord\u00f3gy\u00e1r (Kossuth u. 19. sz.) tulajdonosa. Az \u00e1llamos\u00edt\u00e1skor nem tan\u00fas\u00edtott ellen\u00e1ll\u00e1st, \u00e9s k\u00e9rte, h. alkalmazottk\u00e9nt tov\u00e1bb dolgozhasson a 48 munk\u00e1st foglalkoztat\u00f3 gy\u00e1rban (26 alkalmazott a gy\u00e1r sz\u00e9khely\u00e9n dolgozott, 22 K\u00e1sv\u00e1n erd\u0151kitermel\u00e9ssel foglalkozott), k\u00e9r\u00e9s\u00e9t teljes\u00edtett\u00e9k. Jo\u00f3 Imre hord\u00f3k\u00e9sz\u00edt\u0151-mestert nevezt\u00e9k ki \u00faj igazgat\u00f3nak (1948. j\u00fan. 11.). Irod.: Bartos [&hellip;]<\/p>\n","protected":false},"featured_media":0,"comment_status":"open","ping_status":"closed","template":"","meta":[],"product_brand":[],"product_cat":[137],"product_tag":[],"class_list":{"0":"post-11788","1":"product","2":"type-product","3":"status-publish","5":"product_cat-maros-megyei-eletrajzi-lexikon","7":"first","8":"instock","9":"shipping-taxable","10":"product-type-simple"},"_links":{"self":[{"href":"https:\/\/uj.adatbank.ro\/lexikon\/wp-json\/wp\/v2\/product\/11788","targetHints":{"allow":["GET"]}}],"collection":[{"href":"https:\/\/uj.adatbank.ro\/lexikon\/wp-json\/wp\/v2\/product"}],"about":[{"href":"https:\/\/uj.adatbank.ro\/lexikon\/wp-json\/wp\/v2\/types\/product"}],"replies":[{"embeddable":true,"href":"https:\/\/uj.adatbank.ro\/lexikon\/wp-json\/wp\/v2\/comments?post=11788"}],"wp:attachment":[{"href":"https:\/\/uj.adatbank.ro\/lexikon\/wp-json\/wp\/v2\/media?parent=11788"}],"wp:term":[{"taxonomy":"product_brand","embeddable":true,"href":"https:\/\/uj.adatbank.ro\/lexikon\/wp-json\/wp\/v2\/product_brand?post=11788"},{"taxonomy":"product_cat","embeddable":true,"href":"https:\/\/uj.adatbank.ro\/lexikon\/wp-json\/wp\/v2\/product_cat?post=11788"},{"taxonomy":"product_tag","embeddable":true,"href":"https:\/\/uj.adatbank.ro\/lexikon\/wp-json\/wp\/v2\/product_tag?post=11788"}],"curies":[{"name":"wp","href":"https:\/\/api.w.org\/{rel}","templated":true}]}}