{"id":11789,"date":"2025-06-29T14:05:01","date_gmt":"2025-06-29T12:05:01","guid":{"rendered":"https:\/\/uj.adatbank.ro\/lexikon\/termek\/keresztessy-koszta-arpad-istvan\/"},"modified":"2025-06-29T14:05:01","modified_gmt":"2025-06-29T12:05:01","slug":"keresztessy-koszta-arpad-istvan","status":"publish","type":"product","link":"https:\/\/uj.adatbank.ro\/lexikon\/termek\/keresztessy-koszta-arpad-istvan\/","title":{"rendered":"KERESZTESSY KOSZTA \u00c1rp\u00e1d Istv\u00e1n"},"content":{"rendered":"<p>Zoppot-Danzig, 1922. szept. 14., \u2020 Bicske (Mo., 2010. m\u00e1rc. 21.: orvos-seb\u00e9sz, egyetemi el\u0151ad\u00f3tan\u00e1r. \u2013 Feles\u00e9ge d\u00e1lnoki Hadnagy Lilly (\u2020 Bp., 1991. okt. 10.). \u00c9retts\u00e9gizett Nagyk\u00e1rolyban (1943); Mv.-en az OGYI \u00e1ltal\u00e1nos orvosi oklevelet szerzett (1948); szaokorvosi (1951), f\u0151orvosi vizsg\u00e1t tett (1959); doktor\u00e1lt a M\u00e1j traum\u00e1s s\u00e9r\u00fcl\u00e9seir\u0151l sz\u00f3l\u00f3 \u00e9rtekez\u00e9s\u00e9vel (1971). Az OGYI F\u00f6l-Orr-G\u00e9ge Klinik\u00e1j\u00e1n gyakornok (1947\u201349); seb\u00e9sz Nagyk\u00e1rolyban (1951\u201354), Fels\u0151vis\u00f3n, mint alorvos, majd oszt\u00e1lyvezet\u0151 \u00e9s k\u00f3rh\u00e1zigazgat\u00f3 (1954\u201357); versenyvizsg\u00e1val ker\u00fclt Mv. -re a Seb\u00e9szeti Klinik\u00e1n tan\u00e1rseg\u00e9d (1958\u2013), adjunktus (1975\u201382), egyetemi el\u0151ad\u00f3tan\u00e1r (1982\u2013), klinikaf\u0151n\u00f6k (\u20131991); nyugd\u00edjba vonult (1991). Kutat\u00e1si ter\u00fclete: has\u00fcregi seb\u00e9szet, k\u00fcl\u00f6n\u00f6sen a vastag- \u00e9s v\u00e9gb\u00e9l, a gyomor, valamint a m\u00e1j- \u00e9s epeutak seb\u00e9szete, s\u00fcrg\u00f6ss\u00e9gi seb\u00e9szet. Tudom\u00e1nyos dolgozatainak a sz\u00e1ma szerz\u0151k\u00e9nt vagy t\u00e1rsszerz\u0151k\u00e9nt 149, nyomtat\u00e1sban sok tanulm\u00e1nya jelent meg : Orvosi Szemle, Orvostudom\u00e1nyi \u00c9rtes\u00edt\u0151 \u00e9s nemzetk\u00f6zi \u00e9s hazai konferenci\u00e1k anyagaiban. Jelent\u0151s nemzetk\u00f6zi konferenci\u00e1kon is szerepelt (Buc., Bp., R\u00f3ma, Erlangen-N\u00fcrnberg, P\u00e1rizs, Houston, Sanremo, Mexico-Sity, G\u00f6teborg, New-Orleans, Salzburg). Tagja volt az egyetem ill. a mv.-i orvosi zenekarnak, olajfestm\u00e9nyeivel rendszeresen r\u00e9szt vett az orvosok kv.-i t\u00e9li t\u00e1rlat\u00e1n. Tagja volt : a Rom\u00e1niai Seb\u00e9sz T\u00e1rsas\u00e1gnak, a Nemzetk\u00f6zi Vastag- \u00e9s V\u00e9gb\u00e9lseb\u00e9sz T\u00e1rsas\u00e1gnak, Kiv\u00e1l\u00f3 egyetemi el\u0151ad\u00f3tan\u00e1r, A MTA doktora. \u2013 <strong>F. m.:<\/strong> <strong>t\u00e1rssz.:<\/strong> Patologia chirurgical\u0103 (Buc., 1979, 1983). <br \/><strong>Irod.:<\/strong> Genersich; KKACs; Nagy Mikl\u00f3s Kund: A t\u00e1voz\u00e1sra felsz\u00f3l\u00edtottak n\u00e9vsora (N\u00fa., 1991. j\u00fan. 18.); [Nekrol\u00f3g] (N\u00fa., 2010. m\u00e1rc.?.); RMKK<\/br><\/p>\n","protected":false},"excerpt":{"rendered":"<p>Zoppot-Danzig, 1922. szept. 14., \u2020 Bicske (Mo., 2010. m\u00e1rc. 21.: orvos-seb\u00e9sz, egyetemi el\u0151ad\u00f3tan\u00e1r. \u2013 Feles\u00e9ge d\u00e1lnoki Hadnagy Lilly (\u2020 Bp., 1991. okt. 10.). \u00c9retts\u00e9gizett Nagyk\u00e1rolyban (1943); Mv.-en az OGYI \u00e1ltal\u00e1nos orvosi oklevelet szerzett (1948); szaokorvosi (1951), f\u0151orvosi vizsg\u00e1t tett (1959); doktor\u00e1lt a M\u00e1j traum\u00e1s s\u00e9r\u00fcl\u00e9seir\u0151l sz\u00f3l\u00f3 \u00e9rtekez\u00e9s\u00e9vel (1971). Az OGYI F\u00f6l-Orr-G\u00e9ge Klinik\u00e1j\u00e1n gyakornok (1947\u201349); seb\u00e9sz [&hellip;]<\/p>\n","protected":false},"featured_media":0,"comment_status":"open","ping_status":"closed","template":"","meta":[],"product_brand":[],"product_cat":[137],"product_tag":[],"class_list":{"0":"post-11789","1":"product","2":"type-product","3":"status-publish","5":"product_cat-maros-megyei-eletrajzi-lexikon","7":"first","8":"instock","9":"shipping-taxable","10":"product-type-simple"},"_links":{"self":[{"href":"https:\/\/uj.adatbank.ro\/lexikon\/wp-json\/wp\/v2\/product\/11789","targetHints":{"allow":["GET"]}}],"collection":[{"href":"https:\/\/uj.adatbank.ro\/lexikon\/wp-json\/wp\/v2\/product"}],"about":[{"href":"https:\/\/uj.adatbank.ro\/lexikon\/wp-json\/wp\/v2\/types\/product"}],"replies":[{"embeddable":true,"href":"https:\/\/uj.adatbank.ro\/lexikon\/wp-json\/wp\/v2\/comments?post=11789"}],"wp:attachment":[{"href":"https:\/\/uj.adatbank.ro\/lexikon\/wp-json\/wp\/v2\/media?parent=11789"}],"wp:term":[{"taxonomy":"product_brand","embeddable":true,"href":"https:\/\/uj.adatbank.ro\/lexikon\/wp-json\/wp\/v2\/product_brand?post=11789"},{"taxonomy":"product_cat","embeddable":true,"href":"https:\/\/uj.adatbank.ro\/lexikon\/wp-json\/wp\/v2\/product_cat?post=11789"},{"taxonomy":"product_tag","embeddable":true,"href":"https:\/\/uj.adatbank.ro\/lexikon\/wp-json\/wp\/v2\/product_tag?post=11789"}],"curies":[{"name":"wp","href":"https:\/\/api.w.org\/{rel}","templated":true}]}}