{"id":11790,"date":"2025-06-29T14:05:02","date_gmt":"2025-06-29T12:05:02","guid":{"rendered":"https:\/\/uj.adatbank.ro\/lexikon\/termek\/kereszturi-biro-pal\/"},"modified":"2025-06-29T14:05:02","modified_gmt":"2025-06-29T12:05:02","slug":"kereszturi-biro-pal","status":"publish","type":"product","link":"https:\/\/uj.adatbank.ro\/lexikon\/termek\/kereszturi-biro-pal\/","title":{"rendered":"KERESZT\u00daRI (BIR\u00d3) P\u00e1l"},"content":{"rendered":"<p>Bodrogkereszt\u00far, 1589 v 1594. v. 1604, \u2020 G\u00f6rg\u00e9ny, 1655. dec.: ref. lelk\u00e9sz, tan\u00e1r. \u2013 Tanult Debrecenben (1599\u2013), Heidelbergben, az Odera fankfurti (1623\u2013), a leideni egyetemen (1624\u201326, ism\u00e9t 1627\u2013), majd Angli\u00e1ban. Bodrogkereszt\u00faron rektor (1626\u201327), Bethlen G\u00e1bor a gyulafeh\u00e9rv\u00e1ri Akad\u00e9mia tan\u00e1r\u00e1v\u00e1 nevezte ki. A R\u00e1k\u00f3cziak udvari papja. I. R\u00e1k\u00f3czi Gy\u00f6rgy udvari iskol\u00e1j\u00e1nak az Aulicum Collegiumnak vezet\u0151je Gyulafeh\u00e9rv\u00e1rott (1636\u2013), ahova a f\u0151\u00fari csal\u00e1dok gyermekei j\u00e1rtak (Bethlenek, L\u00e1z\u00e1rok, B\u00e9ldiek, Ny\u00e1ri, Per\u00e9nyi Usz, Debreczeni, stb), csak n\u00e9h\u00e1ny nagyon tehets\u00e9ges szeg\u00e9ny gyermeket juttatott be egy-egy patr\u00f3nus. R\u00e1k\u00f3czi Zsigmond, II. R\u00e1k\u00f3czi Gy\u00f6rgy, majd gr. Bethlen Mikl\u00f3s (1642\u20131716) nevel\u0151je volt \u00e9s h\u00e1rom \u00e9vig egy\u00fctt is lakott vele (1653\u201355). Bethlen M. \u201e\u00d6n\u00e9let\u00edr\u00e1s\u201dc. m\u0171v\u00e9ben sz\u00e1molt be K. P. kor\u00e1t megel\u0151z\u0151 tan\u00edt\u00e1si m\u00f3dszereir\u0151l \u00e9s azt mondja r\u00f3la hogy Erd\u00e9lyben f\u00e9lapostolnak tartott\u00e1k. \u2013 <strong>F. m.:<\/strong> Ama kegyelemnek mennyei harmatja; Christianus Lactens. (Albae Iulia, 1637); Csecsem\u0151 kereszty\u00e9n (Albae Iulia, 1638; Debrecen, 1667); Fel-s\u00f6rd\u00fclt kereszty\u00e9n. (V\u00e1rad, 1641); Talio (n\u00e9vtelen\u00fcl, 1642; minden p\u00e9ld\u00e1ny\u00e1t elkobozt\u00e1k); Lelki legeltet\u00e9s. Az az a D\u00e1vid kir\u00e1ly XXIII. Solt\u00e1r\u00e1nak r\u00f6vid magyar\u00e1zattya. (V\u00e1rad, 1645, 1649); A kereszts\u00e9gr\u0151l egy pr\u00e9dikatzio. (V\u00e1rad, 1645); Mennyei t\u00e1rsalkod\u00e1s. Azaz az Istennek a b\u0171n\u00f6s emberrel val\u00f3 besz\u00e9lget\u00e9se. (V\u00e1rad, 1646; Debrecen., 1739, 1745, 1759; Pozsony, 1769); Egyenes \u00f6sv\u00e9ny, a Szent \u00e9letre v\u00e1gy\u00f3d\u00f3knak. (V\u00e1rad, 1653; Szeben, 1744, 1774). <br \/><strong>Irod.:<\/strong> Farkas Istv\u00e1n: Erd\u00e9ly nagy pedag\u00f3gusai (Cs\u00edkszereda, 2007); Fin\u00e1czy Ern\u0151: Az \u00fajkori nevel\u00e9s t\u00f6rt\u00e9nete (Bp., 1927); R\u00f3th: Sz\u00fcletett nyelv\u00fcnk\u00f6n; Szinnyei; \u00daM\u00c9L<\/br><\/p>\n","protected":false},"excerpt":{"rendered":"<p>Bodrogkereszt\u00far, 1589 v 1594. v. 1604, \u2020 G\u00f6rg\u00e9ny, 1655. dec.: ref. lelk\u00e9sz, tan\u00e1r. \u2013 Tanult Debrecenben (1599\u2013), Heidelbergben, az Odera fankfurti (1623\u2013), a leideni egyetemen (1624\u201326, ism\u00e9t 1627\u2013), majd Angli\u00e1ban. Bodrogkereszt\u00faron rektor (1626\u201327), Bethlen G\u00e1bor a gyulafeh\u00e9rv\u00e1ri Akad\u00e9mia tan\u00e1r\u00e1v\u00e1 nevezte ki. A R\u00e1k\u00f3cziak udvari papja. I. R\u00e1k\u00f3czi Gy\u00f6rgy udvari iskol\u00e1j\u00e1nak az Aulicum Collegiumnak vezet\u0151je Gyulafeh\u00e9rv\u00e1rott [&hellip;]<\/p>\n","protected":false},"featured_media":0,"comment_status":"open","ping_status":"closed","template":"","meta":[],"product_brand":[],"product_cat":[137],"product_tag":[],"class_list":{"0":"post-11790","1":"product","2":"type-product","3":"status-publish","5":"product_cat-maros-megyei-eletrajzi-lexikon","7":"first","8":"instock","9":"shipping-taxable","10":"product-type-simple"},"_links":{"self":[{"href":"https:\/\/uj.adatbank.ro\/lexikon\/wp-json\/wp\/v2\/product\/11790","targetHints":{"allow":["GET"]}}],"collection":[{"href":"https:\/\/uj.adatbank.ro\/lexikon\/wp-json\/wp\/v2\/product"}],"about":[{"href":"https:\/\/uj.adatbank.ro\/lexikon\/wp-json\/wp\/v2\/types\/product"}],"replies":[{"embeddable":true,"href":"https:\/\/uj.adatbank.ro\/lexikon\/wp-json\/wp\/v2\/comments?post=11790"}],"wp:attachment":[{"href":"https:\/\/uj.adatbank.ro\/lexikon\/wp-json\/wp\/v2\/media?parent=11790"}],"wp:term":[{"taxonomy":"product_brand","embeddable":true,"href":"https:\/\/uj.adatbank.ro\/lexikon\/wp-json\/wp\/v2\/product_brand?post=11790"},{"taxonomy":"product_cat","embeddable":true,"href":"https:\/\/uj.adatbank.ro\/lexikon\/wp-json\/wp\/v2\/product_cat?post=11790"},{"taxonomy":"product_tag","embeddable":true,"href":"https:\/\/uj.adatbank.ro\/lexikon\/wp-json\/wp\/v2\/product_tag?post=11790"}],"curies":[{"name":"wp","href":"https:\/\/api.w.org\/{rel}","templated":true}]}}